{"id":14756,"date":"2024-12-16T08:59:09","date_gmt":"2024-12-16T08:59:09","guid":{"rendered":"https:\/\/next-fertilitynordic.com\/new\/loyda-sopiva-luovuttaja-klinikka\/"},"modified":"2025-08-05T14:18:25","modified_gmt":"2025-08-05T14:18:25","slug":"loyda-sopiva-luovuttaja-klinikka","status":"publish","type":"page","link":"https:\/\/next-fertilitynordic.com\/fi\/loyda-sopiva-luovuttaja-klinikka\/","title":{"rendered":"L\u00f6yd\u00e4 sopiva luovuttaja (klinikka)"},"content":{"rendered":"<section class=\"wpb-content-wrapper\"><p>[vc_row full_width=&#8221;stretch_row&#8221; css=&#8221;.vc_custom_1732455733004{background-image: url(https:\/\/next-fertilitynordic.com\/wp-content\/uploads\/2024\/11\/motherandbaby-1.jpg?id=14573) !important;background-position: center !important;background-repeat: no-repeat !important;background-size: cover !important;}&#8221;][vc_column][vc_row_inner][vc_column_inner][vc_empty_space alter_height=&#8221;huge_plus&#8221; hide_on_mobile=&#8221;&#8221;][\/vc_column_inner][\/vc_row_inner][vc_row_inner][vc_column_inner offset=&#8221;vc_col-lg-offset-2 vc_col-lg-8&#8243;][vc_empty_space hide_on_mobile=&#8221;&#8221;][vc_column_text]<\/p>\n<h2 style=\"text-align: center;\">Tilaa sukusoluja<\/h2>\n<p>[\/vc_column_text][vc_empty_space alter_height=&#8221;small&#8221; hide_on_mobile=&#8221;&#8221;][vc_column_text]<\/p>\n<p style=\"text-align: center;\">Biopankissamme on laaja valikoima luovutettuja sukusoluja anonyymeilt\u00e4 ja Open ID -luovuttajilta, joilla on pohjoismainen fenotyyppi. Kaikki luovuttajat seulotaan EU:n kudos- ja soludirektiivien mukaisesti.<\/p>\n<p style=\"text-align: center;\">We can easily organize transport to EU and non-EU countries in line with IATA standards.<\/p>\n<p>[\/vc_column_text][vc_empty_space alter_height=&#8221;small&#8221; hide_on_mobile=&#8221;&#8221;][vc_raw_html]JTIwJTIwJTNDc3R5bGUlM0UlMEElMjAlNDBtZWRpYSUyMG9ubHklMjBzY3JlZW4lMjBhbmQlMjAlMjhtYXgtd2lkdGglM0ElMjA2MDBweCUyOSUyMCU3QiUwQSUyMCUyMCUyMCUyMCUyMCUyMCUyMCUyMC5jbGlja2FibGUtY29udGFpbmVyJTIwJTdCJTBBJTIwJTIwJTIwJTIwJTIwJTIwJTIwJTIwJTIwJTIwJTIwJTIwcGFkZGluZyUzQSUyMDAuNnJlbSUyMCUyMWltcG9ydGFudCUzQiUwQSUyMCUyMCUyMCUyMCUyMCUyMCUyMCUyMCU3RCUwQSUyMCUyMCUyMCUyMCUyMCUyMCUyMCUyMC5jbGlja2FibGUtY29udGFpbmVyJTIwc3BhbiUyMCU3QiUwQSUyMCUyMCUyMCUyMCUyMCUyMCUyMCUyMCUyMCUyMCUyMCUyMGZvbnQtc2l6ZSUzQSUyMDIuNXJlbSUyMCUyMWltcG9ydGFudCUzQiUwQSUyMCUyMCUyMCUyMCUyMCUyMCUyMCUyMCUyMCUyMCUyMCUyMGZvbnQtd2VpZ2h0JTNBJTIwNjAwJTIwJTIxaW1wb3J0YW50JTNCJTBBJTIwJTIwJTIwJTIwJTIwJTIwJTIwJTIwJTdEJTBBJTIwJTIwJTIwJTIwJTIwJTIwJTIwJTIwLmNsaWNrYWJsZS1jb250YWluZXIlMjBpbWclMjAlN0IlMEElMjAlMjAlMjAlMjAlMjAlMjB3aWR0aCUzQSUyMDUwcHglMjAlMjFpbXBvcnRhbnQlM0IlMjAlMEElMjAlMjAlMjAlMjAlMjAlMjBoZWlnaHQlM0ElMjA1MHB4JTIwJTIxaW1wb3J0YW50JTNCJTBBJTIwJTIwJTIwJTIwJTIwJTIwJTIwJTIwJTdEJTBBJTIwJTIwJTIwJTIwJTdEJTBBJTIwJTIwJTIwJTIwLmNsaWNrYWJsZS1jb250YWluZXIlMjAlN0IlMEElMjAlMjAlMjAlMjAlMjAlMjBkaXNwbGF5JTNBJTIwZmxleCUzQiUwQSUyMCUyMCUyMCUyMCUyMCUyMGFsaWduLWl0ZW1zJTNBJTIwY2VudGVyJTNCJTBBJTIwJTIwJTIwJTIwJTIwJTIwanVzdGlmeS1jb250ZW50JTNBJTIwY2VudGVyJTNCJTBBJTIwJTIwJTIwJTIwJTIwJTIwdGV4dC1hbGlnbiUzQSUyMGNlbnRlciUzQiUwQSUyMCUyMCUyMCUyMCUyMCUyMHBhZGRpbmclM0ElMjAxMnB4JTNCJTBBJTIwJTIwJTIwJTIwJTIwJTIwdGV4dC1kZWNvcmF0aW9uJTNBJTIwbm9uZSUzQiUwQSUyMCUyMCUyMCUyMCUyMCUyMCUyRiUyQSUyMGNvbG9yJTNBJTIwaW5oZXJpdCUzQiUyMCUyQSUyRiUwQSUyMCUyMCUyMCUyMCUyMCUyMGJhY2tncm91bmQtY29sb3IlM0ElMjByZ2JhJTI4MTg1JTJDJTIwMTA5JTJDJTIwMTQ3JTJDJTIwMC41JTI5JTNCJTBBJTIwJTIwJTIwJTIwJTIwJTIwYm9yZGVyLXJhZGl1cyUzQSUyMDM1cHglM0IlMEElMjAlMjAlMjAlMjAlMjAlMjB0cmFuc2l0aW9uJTNBJTIwYmFja2dyb3VuZC1jb2xvciUyMDAuM3MlM0IlMEElMjAlMjAlMjAlMjAlMjAlMjBib3JkZXIlM0ElMjAycHglMjBzb2xpZCUyMHdoaXRlJTNCJTBBJTIwJTIwJTIwJTIwJTdEJTBBJTBBJTIwJTIwJTIwJTIwLmNsaWNrYWJsZS1jb250YWluZXIlM0Fob3ZlciUyMCU3QiUwQSUyMCUyMCUyMCUyMCUyMCUyMCUyMCUyMGJhY2tncm91bmQtY29sb3IlM0ElMjByZ2JhJTI4MTg1JTJDJTIwMTA5JTJDJTIwMTQ3JTJDJTIwMC44JTI5JTNCJTBBJTIwJTIwJTIwJTIwJTdEJTBBJTBBJTIwJTIwJTIwJTIwLmNsaWNrYWJsZS1jb250YWluZXIlMjBpbWclMjAlN0IlMEElMjAlMjAlMjAlMjAlMjAlMjB3aWR0aCUzQSUyMDcwcHglM0IlMjAlMEElMjAlMjAlMjAlMjAlMjAlMjBoZWlnaHQlM0ElMjA3MHB4JTNCJTBBJTIwJTIwJTIwJTIwJTIwJTIwbWFyZ2luLXJpZ2h0JTNBJTIwMTVweCUzQiUwQSUyMCUyMCUyMCUyMCUyMCUyMGJhY2tncm91bmQtY29sb3IlM0ElMjB3aGl0ZSUzQiUwQSUyMCUyMCUyMCUyMCUyMCUyMGJvcmRlci1yYWRpdXMlM0ElMjA1MCUyNSUzQiUwQSUyMCUyMCUyMCUyMCU3RCUwQSUwQSUyMCUyMCUyMCUyMC5jbGlja2FibGUtY29udGFpbmVyJTIwc3BhbiUyMCU3QiUwQSUyMCUyMCUyMCUyMCUyMCUyMGZvbnQtc2l6ZSUzQSUyMDI1cHglM0IlMEElMjAlMjAlMjAlMjAlMjAlMjBmb250LXdlaWdodCUzQSUyMDYwMCUzQiUwQSUyMCUyMCUyMCUyMCUyMCUyMGNvbG9yJTNBJTIwd2hpdGUlM0IlMEElMjAlMjAlMjAlMjAlN0QlMEElMjAlMjAlM0MlMkZzdHlsZSUzRSUwQSUzQ2JvZHklM0UlMEElMjAlMjAlM0NhJTIwaHJlZiUzRCUyMmh0dHBzJTNBJTJGJTJGY3Jpb3ByZXNlcnZhZG9zLnBvcnRhbG5zLmVzJTJGbmV4dGVzdG9uaSUyMiUyMGNsYXNzJTNEJTIyY2xpY2thYmxlLWNvbnRhaW5lciUyMiUyMHN0eWxlJTNEJTIybWFyZ2luLWJvdHRvbSUzQSUyMDEwcHglM0IlMjIlM0UlMEElMjAlMjAlMjAlMjAlM0NzcGFuJTNFVGlsYWElMjBtdW5hc29sdWphJTIwamElMjBhbGtpb2l0YSUzQyUyRnNwYW4lM0UlM0NiciUzRSUwQSUyMCUyMCUzQyUyRmElM0UlM0NhJTIwaHJlZiUzRCUyMmh0dHBzJTNBJTJGJTJGY3Jpb3ByZXNlcnZhZG9zLnBvcnRhbG5zLmVzJTJGbmV4dGVzdG9uaSUyMiUyMGNsYXNzJTNEJTIyY2xpY2thYmxlLWNvbnRhaW5lciUyMiUzRSUwQSUyMCUyMCUyMCUyMCUzQ3NwYW4lM0VUaWxhYSUyMHNpZW1lbm5lc3RldHQlQzMlQTQlM0MlMkZzcGFuJTNFJTBBJTIwJTIwJTNDJTJGYSUzRSUwQSUzQyUyRmJvZHklM0UlMEE=[\/vc_raw_html][vc_empty_space height=&#8221;200&#8243; alter_height=&#8221;none&#8221; hide_on_mobile=&#8221;&#8221;][vc_empty_space height=&#8221;250&#8243; alter_height=&#8221;none&#8221; hide_on_mobile=&#8221;1,2&#8243;][\/vc_column_inner][\/vc_row_inner][\/vc_column][\/vc_row][vc_row][vc_column offset=&#8221;vc_col-lg-offset-2 vc_col-lg-8&#8243;][vc_single_image image=&#8221;13204&#8243; img_size=&#8221;full&#8221; alignment=&#8221;center&#8221; css_animation=&#8221;zoomIn&#8221;][vc_column_text]T\u00e4m\u00e4 tilaussivu on klinikoille ja kolmansille osapuolille, jotka ovat tehneet yhteisty\u00f6sopimuksen Next Fertility Nordic (BioEximi O\u00dc) kanssa. BioEximi O\u00dc:lla on toimintalupa nro 6, jonka on my\u00f6nt\u00e4nyt Viron valtion l\u00e4\u00e4keviranomainen EU TE-koodilla EE001135.[\/vc_column_text][\/vc_column][\/vc_row]<\/p>\n<\/section>","protected":false},"excerpt":{"rendered":"<p>[vc_row full_width=&#8221;stretch_row&#8221; css=&#8221;.vc_custom_1732455733004{background-image: url(https:\/\/next-fertilitynordic.com\/wp-content\/uploads\/2024\/11\/motherandbaby-1.jpg?id=14573) !important;background-position: center !important;background-repeat: no-repeat !important;background-size: cover !important;}&#8221;][vc_column][vc_row_inner][vc_column_inner][vc_empty_space alter_height=&#8221;huge_plus&#8221; hide_on_mobile=&#8221;&#8221;][\/vc_column_inner][\/vc_row_inner][vc_row_inner][vc_column_inner offset=&#8221;vc_col-lg-offset-2 vc_col-lg-8&#8243;][vc_empty_space hide_on_mobile=&#8221;&#8221;][vc_column_text] Tilaa sukusoluja [\/vc_column_text][vc_empty_space alter_height=&#8221;small&#8221; hide_on_mobile=&#8221;&#8221;][vc_column_text] Biopankissamme on laaja valikoima luovutettuja sukusoluja anonyymeilt\u00e4 ja Open ID -luovuttajilta, joilla on pohjoismainen fenotyyppi. Kaikki luovuttajat seulotaan EU:n kudos- ja soludirektiivien mukaisesti. We can easily organize transport to EU and non-EU countries in line with IATA standards. [\/vc_column_text][vc_empty_space&hellip;<\/p>\n","protected":false},"author":990015,"featured_media":0,"parent":0,"menu_order":0,"comment_status":"closed","ping_status":"closed","template":"","meta":{"footnotes":""},"class_list":["post-14756","page","type-page","status-publish","hentry"],"yoast_head":"<!-- This site is optimized with the Yoast SEO plugin v27.4 - https:\/\/yoast.com\/product\/yoast-seo-wordpress\/ -->\n<title>L\u00f6yd\u00e4 sopiva luovuttaja (klinikka) - Next Fertility Nordic<\/title>\n<meta name=\"robots\" content=\"index, follow, max-snippet:-1, max-image-preview:large, max-video-preview:-1\" \/>\n<link rel=\"canonical\" href=\"https:\/\/next-fertilitynordic.com\/fi\/loyda-sopiva-luovuttaja-klinikka\/\" \/>\n<meta property=\"og:locale\" content=\"fi_FI\" \/>\n<meta property=\"og:type\" content=\"article\" \/>\n<meta property=\"og:title\" content=\"L\u00f6yd\u00e4 sopiva luovuttaja (klinikka) - Next Fertility Nordic\" \/>\n<meta property=\"og:description\" content=\"[vc_row full_width=&#8221;stretch_row&#8221; css=&#8221;.vc_custom_1732455733004{background-image: url(https:\/\/next-fertilitynordic.com\/wp-content\/uploads\/2024\/11\/motherandbaby-1.jpg?id=14573) !important;background-position: center !important;background-repeat: no-repeat !important;background-size: cover !important;}&#8221;][vc_column][vc_row_inner][vc_column_inner][vc_empty_space alter_height=&#8221;huge_plus&#8221; hide_on_mobile=&#8221;&#8221;][\/vc_column_inner][\/vc_row_inner][vc_row_inner][vc_column_inner offset=&#8221;vc_col-lg-offset-2 vc_col-lg-8&#8243;][vc_empty_space hide_on_mobile=&#8221;&#8221;][vc_column_text] Tilaa sukusoluja [\/vc_column_text][vc_empty_space alter_height=&#8221;small&#8221; hide_on_mobile=&#8221;&#8221;][vc_column_text] Biopankissamme on laaja valikoima luovutettuja sukusoluja anonyymeilt\u00e4 ja Open ID -luovuttajilta, joilla on pohjoismainen fenotyyppi. Kaikki luovuttajat seulotaan EU:n kudos- ja soludirektiivien mukaisesti. We can easily organize transport to EU and non-EU countries in line with IATA standards. [\/vc_column_text][vc_empty_space&hellip;\" \/>\n<meta property=\"og:url\" content=\"https:\/\/next-fertilitynordic.com\/fi\/loyda-sopiva-luovuttaja-klinikka\/\" \/>\n<meta property=\"og:site_name\" content=\"Next Fertility Nordic\" \/>\n<meta property=\"article:publisher\" content=\"https:\/\/www.facebook.com\/nextfertilitynordic\" \/>\n<meta property=\"article:modified_time\" content=\"2025-08-05T14:18:25+00:00\" \/>\n<meta name=\"twitter:card\" content=\"summary_large_image\" \/>\n<meta name=\"twitter:label1\" content=\"Arvioitu lukuaika\" \/>\n\t<meta name=\"twitter:data1\" content=\"1 minuutti\" \/>\n<script type=\"application\/ld+json\" class=\"yoast-schema-graph\">{\"@context\":\"https:\\\/\\\/schema.org\",\"@graph\":[{\"@type\":\"WebPage\",\"@id\":\"https:\\\/\\\/next-fertilitynordic.com\\\/fi\\\/loyda-sopiva-luovuttaja-klinikka\\\/\",\"url\":\"https:\\\/\\\/next-fertilitynordic.com\\\/fi\\\/loyda-sopiva-luovuttaja-klinikka\\\/\",\"name\":\"L\u00f6yd\u00e4 sopiva luovuttaja (klinikka) - Next Fertility Nordic\",\"isPartOf\":{\"@id\":\"https:\\\/\\\/next-fertilitynordic.com\\\/en\\\/#website\"},\"datePublished\":\"2024-12-16T08:59:09+00:00\",\"dateModified\":\"2025-08-05T14:18:25+00:00\",\"inLanguage\":\"fi\",\"potentialAction\":[{\"@type\":\"ReadAction\",\"target\":[\"https:\\\/\\\/next-fertilitynordic.com\\\/fi\\\/loyda-sopiva-luovuttaja-klinikka\\\/\"]}]},{\"@type\":\"WebSite\",\"@id\":\"https:\\\/\\\/next-fertilitynordic.com\\\/en\\\/#website\",\"url\":\"https:\\\/\\\/next-fertilitynordic.com\\\/en\\\/\",\"name\":\"Next Fertility Nordic\",\"description\":\"Abiks pere loomisel\",\"publisher\":{\"@id\":\"https:\\\/\\\/next-fertilitynordic.com\\\/en\\\/#organization\"},\"potentialAction\":[{\"@type\":\"SearchAction\",\"target\":{\"@type\":\"EntryPoint\",\"urlTemplate\":\"https:\\\/\\\/next-fertilitynordic.com\\\/en\\\/?s={search_term_string}\"},\"query-input\":{\"@type\":\"PropertyValueSpecification\",\"valueRequired\":true,\"valueName\":\"search_term_string\"}}],\"inLanguage\":\"fi\"},{\"@type\":\"Organization\",\"@id\":\"https:\\\/\\\/next-fertilitynordic.com\\\/en\\\/#organization\",\"name\":\"Next Fertility Nordic\",\"url\":\"https:\\\/\\\/next-fertilitynordic.com\\\/en\\\/\",\"logo\":{\"@type\":\"ImageObject\",\"inLanguage\":\"fi\",\"@id\":\"https:\\\/\\\/next-fertilitynordic.com\\\/en\\\/#\\\/schema\\\/logo\\\/image\\\/\",\"url\":\"https:\\\/\\\/next-fertilitynordic.com\\\/wp-content\\\/uploads\\\/2021\\\/04\\\/next-fert-posit-f-col-bg.png\",\"contentUrl\":\"https:\\\/\\\/next-fertilitynordic.com\\\/wp-content\\\/uploads\\\/2021\\\/04\\\/next-fert-posit-f-col-bg.png\",\"width\":1200,\"height\":297,\"caption\":\"Next Fertility Nordic\"},\"image\":{\"@id\":\"https:\\\/\\\/next-fertilitynordic.com\\\/en\\\/#\\\/schema\\\/logo\\\/image\\\/\"},\"sameAs\":[\"https:\\\/\\\/www.facebook.com\\\/nextfertilitynordic\",\"https:\\\/\\\/www.instagram.com\\\/nextfertilitynordic\\\/\"]}]}<\/script>\n<!-- \/ Yoast SEO plugin. -->","yoast_head_json":{"title":"L\u00f6yd\u00e4 sopiva luovuttaja (klinikka) - Next Fertility Nordic","robots":{"index":"index","follow":"follow","max-snippet":"max-snippet:-1","max-image-preview":"max-image-preview:large","max-video-preview":"max-video-preview:-1"},"canonical":"https:\/\/next-fertilitynordic.com\/fi\/loyda-sopiva-luovuttaja-klinikka\/","og_locale":"fi_FI","og_type":"article","og_title":"L\u00f6yd\u00e4 sopiva luovuttaja (klinikka) - Next Fertility Nordic","og_description":"[vc_row full_width=&#8221;stretch_row&#8221; css=&#8221;.vc_custom_1732455733004{background-image: url(https:\/\/next-fertilitynordic.com\/wp-content\/uploads\/2024\/11\/motherandbaby-1.jpg?id=14573) !important;background-position: center !important;background-repeat: no-repeat !important;background-size: cover !important;}&#8221;][vc_column][vc_row_inner][vc_column_inner][vc_empty_space alter_height=&#8221;huge_plus&#8221; hide_on_mobile=&#8221;&#8221;][\/vc_column_inner][\/vc_row_inner][vc_row_inner][vc_column_inner offset=&#8221;vc_col-lg-offset-2 vc_col-lg-8&#8243;][vc_empty_space hide_on_mobile=&#8221;&#8221;][vc_column_text] Tilaa sukusoluja [\/vc_column_text][vc_empty_space alter_height=&#8221;small&#8221; hide_on_mobile=&#8221;&#8221;][vc_column_text] Biopankissamme on laaja valikoima luovutettuja sukusoluja anonyymeilt\u00e4 ja Open ID -luovuttajilta, joilla on pohjoismainen fenotyyppi. Kaikki luovuttajat seulotaan EU:n kudos- ja soludirektiivien mukaisesti. We can easily organize transport to EU and non-EU countries in line with IATA standards. [\/vc_column_text][vc_empty_space&hellip;","og_url":"https:\/\/next-fertilitynordic.com\/fi\/loyda-sopiva-luovuttaja-klinikka\/","og_site_name":"Next Fertility Nordic","article_publisher":"https:\/\/www.facebook.com\/nextfertilitynordic","article_modified_time":"2025-08-05T14:18:25+00:00","twitter_card":"summary_large_image","twitter_misc":{"Arvioitu lukuaika":"1 minuutti"},"schema":{"@context":"https:\/\/schema.org","@graph":[{"@type":"WebPage","@id":"https:\/\/next-fertilitynordic.com\/fi\/loyda-sopiva-luovuttaja-klinikka\/","url":"https:\/\/next-fertilitynordic.com\/fi\/loyda-sopiva-luovuttaja-klinikka\/","name":"L\u00f6yd\u00e4 sopiva luovuttaja (klinikka) - Next Fertility Nordic","isPartOf":{"@id":"https:\/\/next-fertilitynordic.com\/en\/#website"},"datePublished":"2024-12-16T08:59:09+00:00","dateModified":"2025-08-05T14:18:25+00:00","inLanguage":"fi","potentialAction":[{"@type":"ReadAction","target":["https:\/\/next-fertilitynordic.com\/fi\/loyda-sopiva-luovuttaja-klinikka\/"]}]},{"@type":"WebSite","@id":"https:\/\/next-fertilitynordic.com\/en\/#website","url":"https:\/\/next-fertilitynordic.com\/en\/","name":"Next Fertility Nordic","description":"Abiks pere loomisel","publisher":{"@id":"https:\/\/next-fertilitynordic.com\/en\/#organization"},"potentialAction":[{"@type":"SearchAction","target":{"@type":"EntryPoint","urlTemplate":"https:\/\/next-fertilitynordic.com\/en\/?s={search_term_string}"},"query-input":{"@type":"PropertyValueSpecification","valueRequired":true,"valueName":"search_term_string"}}],"inLanguage":"fi"},{"@type":"Organization","@id":"https:\/\/next-fertilitynordic.com\/en\/#organization","name":"Next Fertility Nordic","url":"https:\/\/next-fertilitynordic.com\/en\/","logo":{"@type":"ImageObject","inLanguage":"fi","@id":"https:\/\/next-fertilitynordic.com\/en\/#\/schema\/logo\/image\/","url":"https:\/\/next-fertilitynordic.com\/wp-content\/uploads\/2021\/04\/next-fert-posit-f-col-bg.png","contentUrl":"https:\/\/next-fertilitynordic.com\/wp-content\/uploads\/2021\/04\/next-fert-posit-f-col-bg.png","width":1200,"height":297,"caption":"Next Fertility Nordic"},"image":{"@id":"https:\/\/next-fertilitynordic.com\/en\/#\/schema\/logo\/image\/"},"sameAs":["https:\/\/www.facebook.com\/nextfertilitynordic","https:\/\/www.instagram.com\/nextfertilitynordic\/"]}]}},"_links":{"self":[{"href":"https:\/\/next-fertilitynordic.com\/fi\/wp-json\/wp\/v2\/pages\/14756","targetHints":{"allow":["GET"]}}],"collection":[{"href":"https:\/\/next-fertilitynordic.com\/fi\/wp-json\/wp\/v2\/pages"}],"about":[{"href":"https:\/\/next-fertilitynordic.com\/fi\/wp-json\/wp\/v2\/types\/page"}],"author":[{"embeddable":true,"href":"https:\/\/next-fertilitynordic.com\/fi\/wp-json\/wp\/v2\/users\/990015"}],"replies":[{"embeddable":true,"href":"https:\/\/next-fertilitynordic.com\/fi\/wp-json\/wp\/v2\/comments?post=14756"}],"version-history":[{"count":4,"href":"https:\/\/next-fertilitynordic.com\/fi\/wp-json\/wp\/v2\/pages\/14756\/revisions"}],"predecessor-version":[{"id":16710,"href":"https:\/\/next-fertilitynordic.com\/fi\/wp-json\/wp\/v2\/pages\/14756\/revisions\/16710"}],"wp:attachment":[{"href":"https:\/\/next-fertilitynordic.com\/fi\/wp-json\/wp\/v2\/media?parent=14756"}],"curies":[{"name":"wp","href":"https:\/\/api.w.org\/{rel}","templated":true}]}}