{"id":6344,"date":"2022-02-25T11:24:18","date_gmt":"2022-02-25T11:24:18","guid":{"rendered":"https:\/\/next-fertilitynordic.com\/new\/palvelut\/"},"modified":"2025-07-29T11:17:58","modified_gmt":"2025-07-29T11:17:58","slug":"palvelut","status":"publish","type":"page","link":"https:\/\/next-fertilitynordic.com\/fi\/palvelut\/","title":{"rendered":"Palvelut"},"content":{"rendered":"<section class=\"wpb-content-wrapper\"><p>[vc_row css=&#8221;.vc_custom_1742200905978{margin-top: 200px !important;}&#8221; el_class=&#8221;p-services-header&#8221;][vc_column]<div id=\"sc_title_506314885\"\n\t\tclass=\"sc_title sc_title_default\"><h3 class=\"sc_item_title sc_title_title sc_align_center sc_item_title_style_default\">Autamme luomaan perheit\u00e4<\/h3><h6 class=\"sc_item_subtitle sc_title_subtitle sc_align_center sc_item_title_style_default\">Palvelumme<\/h6><div class=\"sc_item_descr sc_title_descr sc_align_center\">Next Fertility Nordic tarjoaa henkil\u00f6kohtaisia ja nykyaikaisia lapsettomuushoitoja, jotka tukevat sinua joka askeleella. Tavoitteemme on auttaa sinua vanhemmaksi tulemisen kanssa tarjoamalla laajan valikoiman ratkaisuja, jotka vastaavat yksil\u00f6llisiin tarpeisiisi.<\/div><\/div><!-- \/.sc_title -->[\/vc_column][\/vc_row][vc_row][vc_column width=&#8221;1\/2&#8243; el_class=&#8221;m-list-column&#8221;][vc_column_text]<\/p>\n<h6>PALVELUMME SIS\u00c4LT\u00c4V\u00c4T:<\/h6>\n<ul>\n<li><strong>Lapsettomuustutkimukset<br \/>\n<\/strong>Tarjoamme kattavia testej\u00e4 lapsettomuuden syiden selvitt\u00e4miseksi ja oikean hoidon l\u00f6yt\u00e4miseksi.<\/li>\n<li><strong>Koeputkihedelm\u00f6itys<br \/>\n<\/strong>Huipputeknologialla varustettu laboratorio ja uusimmat teknologiat lis\u00e4\u00e4v\u00e4t mahdollisuuksiasi tulla raskaaksi.<\/li>\n<li><strong>Sukusolujen s\u00e4ilytys<br \/>\n<\/strong>Sukusolujen s\u00e4ilytys antaa mahdollisuuden s\u00e4ilytt\u00e4\u00e4 hedelm\u00e4llisyytesi tulevaisuutta varten. Sopii sek\u00e4 miehille ett\u00e4 naisille, jotka haluavat turvata mahdollisuutensa perheen perustamiseen.<\/li>\n<li><strong>Alkiodiagnostiikka<br \/>\n<\/strong>Tunnistamme geenimuutokset alkiossa parantaaksemme terveen raskauden mahdollisuuksia.<\/li>\n<li><strong>Blast2<\/strong><br \/>\nInnovatiivinen ja joustava ratkaisu niille, jotka tarvitsevat siitti\u00f6- tai munasolulahjoituksia. Blast2-palvelu sis\u00e4lt\u00e4\u00e4 v\u00e4hint\u00e4\u00e4n kaksi alkionsiirtoa tai takaa kliinisen raskauden yhdell\u00e4 alkionsiirrolla.<\/li>\n<li><strong>Raskauden seuranta<\/strong><br \/>\nKokeneet k\u00e4til\u00f6mme ovat tukenasi koko raskauden ja synnytyksen j\u00e4lkeisen ajan.<\/li>\n<li><strong>Miesten hedelm\u00e4llisyyshoito ja spermapankki<\/strong><br \/>\nTukea ja ratkaisuja miehille, jotka haluavat parantaa hedelm\u00e4llisyytt\u00e4\u00e4n tai s\u00e4ilytt\u00e4\u00e4 siemennestett\u00e4.<\/li>\n<\/ul>\n<p>[\/vc_column_text][\/vc_column][vc_column width=&#8221;1\/2&#8243;][vc_empty_space alter_height=&#8221;large&#8221; hide_on_mobile=&#8221;&#8221;][vc_single_image image=&#8221;6222&#8243; img_size=&#8221;full&#8221; el_class=&#8221;p-services-image&#8221;][vc_empty_space alter_height=&#8221;medium&#8221; hide_on_mobile=&#8221;&#8221;][\/vc_column][\/vc_row][vc_row][vc_column][vc_empty_space alter_height=&#8221;medium&#8221; hide_on_mobile=&#8221;&#8221;][vc_column_text]<\/p>\n<p style=\"text-align: center;\">Kokenut henkil\u00f6kuntamme ja huolehtiva henkil\u00f6kuntamme on aina valmiina tarjoamaan tukea ja asiantuntemusta koko prosessinne ajan. Uskomme, ett\u00e4 jokainen matka on ainutlaatuinen ja ett\u00e4 jokaisella potilaalla on oikeus henkil\u00f6kohtaisiin ja korkealaatuisiin ratkaisuihin.<\/p>\n<p>[\/vc_column_text][\/vc_column][\/vc_row][vc_row el_class=&#8221;p-services-form&#8221;][vc_column][vc_column_text]<\/p>\n<h2 style=\"text-align: center;\">Ota yhteytt\u00e4<\/h2>\n<p>[\/vc_column_text][vc_empty_space alter_height=&#8221;medium&#8221; hide_on_mobile=&#8221;&#8221;]\n<div class=\"wpcf7 no-js\" id=\"wpcf7-f6412-o1\" lang=\"fi\" dir=\"ltr\" data-wpcf7-id=\"6412\">\n<div class=\"screen-reader-response\"><p role=\"status\" aria-live=\"polite\" aria-atomic=\"true\"><\/p> <ul><\/ul><\/div>\n<form action=\"\/fi\/wp-json\/wp\/v2\/pages\/6344#wpcf7-f6412-o1\" method=\"post\" class=\"wpcf7-form init\" aria-label=\"Yhteydenottolomake\" novalidate=\"novalidate\" data-status=\"init\">\n<fieldset class=\"hidden-fields-container\"><input type=\"hidden\" name=\"_wpcf7\" value=\"6412\" \/><input type=\"hidden\" name=\"_wpcf7_version\" value=\"6.1.3\" \/><input type=\"hidden\" name=\"_wpcf7_locale\" value=\"fi\" \/><input type=\"hidden\" name=\"_wpcf7_unit_tag\" value=\"wpcf7-f6412-o1\" \/><input type=\"hidden\" name=\"_wpcf7_container_post\" value=\"0\" \/><input type=\"hidden\" name=\"_wpcf7_posted_data_hash\" value=\"\" \/><input type=\"hidden\" name=\"_wpcf7_recaptcha_response\" value=\"\" \/>\n<\/fieldset>\n<div class=\"columns_wrap\">\n\t<div class=\"column-1_2\">\n\t\t<p><span class=\"wpcf7-form-control-wrap\" data-name=\"your-name\"><input size=\"40\" maxlength=\"400\" class=\"wpcf7-form-control wpcf7-text wpcf7-validates-as-required\" aria-required=\"true\" aria-invalid=\"false\" placeholder=\"Nimi*\" value=\"\" type=\"text\" name=\"your-name\" \/><\/span>\n\t\t<\/p>\n\t<\/div>\n\t<div class=\"column-1_2\">\n\t\t<p><span class=\"wpcf7-form-control-wrap\" data-name=\"your-email\"><input size=\"40\" maxlength=\"400\" class=\"wpcf7-form-control wpcf7-email wpcf7-validates-as-required wpcf7-text wpcf7-validates-as-email\" aria-required=\"true\" aria-invalid=\"false\" placeholder=\"S\u00e4hk\u00f6posti*\" value=\"\" type=\"email\" name=\"your-email\" \/><\/span>\n\t\t<\/p>\n\t<\/div>\n<\/div>\n<div class=\"columns_wrap\">\n\t<div class=\"column-1_1\">\n\t\t<p><span class=\"wpcf7-form-control-wrap\" data-name=\"textarea-message\"><textarea cols=\"40\" rows=\"2\" maxlength=\"2000\" class=\"wpcf7-form-control wpcf7-textarea wpcf7-validates-as-required\" aria-required=\"true\" aria-invalid=\"false\" placeholder=\"Viesti*\" name=\"textarea-message\"><\/textarea><\/span>\n\t\t<\/p>\n\t<\/div>\n<\/div>\n<div class=\"columns_wrap\">\n\t<div class=\"column-1_1\">\n\t\t<p><span class=\"wpcf7-form-control-wrap\" data-name=\"acceptance-86\"><span class=\"wpcf7-form-control wpcf7-acceptance\"><span class=\"wpcf7-list-item\"><label><input type=\"checkbox\" name=\"acceptance-86\" value=\"1\" aria-invalid=\"false\" \/><span class=\"wpcf7-list-item-label\"><a href=\"https:\/\/next-fertilitynordic.com\/fi\/tietosuojakaytanto\/\" target=\"_blank\">Hyv\u00e4ksyn tietosuojan<\/a><\/span><\/label><\/span><\/span><\/span><span class=\"button_wide\"><input class=\"wpcf7-form-control wpcf7-submit has-spinner\" type=\"submit\" value=\"L\u00c4HET\u00c4 VIESTI\" \/><\/span>\n\t\t<\/p>\n\t<\/div>\n<\/div><div class=\"wpcf7-response-output\" aria-hidden=\"true\"><\/div>\n<\/form>\n<\/div>\n[\/vc_column][\/vc_row]<\/p>\n<\/section>","protected":false},"excerpt":{"rendered":"<p>[vc_row css=&#8221;.vc_custom_1742200905978{margin-top: 200px !important;}&#8221; el_class=&#8221;p-services-header&#8221;][vc_column][\/vc_column][\/vc_row][vc_row][vc_column width=&#8221;1\/2&#8243; el_class=&#8221;m-list-column&#8221;][vc_column_text] PALVELUMME SIS\u00c4LT\u00c4V\u00c4T: Lapsettomuustutkimukset Tarjoamme kattavia testej\u00e4 lapsettomuuden syiden selvitt\u00e4miseksi ja oikean hoidon l\u00f6yt\u00e4miseksi. Koeputkihedelm\u00f6itys Huipputeknologialla varustettu laboratorio ja uusimmat teknologiat lis\u00e4\u00e4v\u00e4t mahdollisuuksiasi tulla raskaaksi. Sukusolujen s\u00e4ilytys Sukusolujen s\u00e4ilytys antaa mahdollisuuden s\u00e4ilytt\u00e4\u00e4 hedelm\u00e4llisyytesi tulevaisuutta varten. Sopii sek\u00e4 miehille ett\u00e4 naisille, jotka haluavat turvata mahdollisuutensa perheen perustamiseen. Alkiodiagnostiikka Tunnistamme geenimuutokset alkiossa parantaaksemme terveen raskauden mahdollisuuksia.&hellip;<\/p>\n","protected":false},"author":990008,"featured_media":14521,"parent":0,"menu_order":53,"comment_status":"closed","ping_status":"closed","template":"","meta":{"footnotes":""},"class_list":["post-6344","page","type-page","status-publish","has-post-thumbnail","hentry"],"yoast_head":"<!-- This site is optimized with the Yoast SEO plugin v27.3 - https:\/\/yoast.com\/product\/yoast-seo-wordpress\/ -->\n<title>Palvelut - Lapsettomuusklinikka - Next Fertility Nordic<\/title>\n<meta name=\"description\" content=\"Tutustu klinikkamme palveluihin. Tarjoamme kaikkia lapsettomuushoitoja, my\u00f6s luovutetuilla soluilla. Lis\u00e4ksi gynekologin ja k\u00e4til\u00f6n vastaanotot.\" \/>\n<meta name=\"robots\" content=\"index, follow, max-snippet:-1, max-image-preview:large, max-video-preview:-1\" \/>\n<link rel=\"canonical\" href=\"https:\/\/next-fertilitynordic.com\/fi\/palvelut\/\" \/>\n<meta property=\"og:locale\" content=\"fi_FI\" \/>\n<meta property=\"og:type\" content=\"article\" \/>\n<meta property=\"og:title\" content=\"Palvelut - Lapsettomuusklinikka - Next Fertility Nordic\" \/>\n<meta property=\"og:description\" content=\"Tutustu klinikkamme palveluihin. Tarjoamme kaikkia lapsettomuushoitoja, my\u00f6s luovutetuilla soluilla. Lis\u00e4ksi gynekologin ja k\u00e4til\u00f6n vastaanotot.\" \/>\n<meta property=\"og:url\" content=\"https:\/\/next-fertilitynordic.com\/fi\/palvelut\/\" \/>\n<meta property=\"og:site_name\" content=\"Next Fertility Nordic\" \/>\n<meta property=\"article:publisher\" content=\"https:\/\/www.facebook.com\/nextfertilitynordic\" \/>\n<meta property=\"article:modified_time\" content=\"2025-07-29T11:17:58+00:00\" \/>\n<meta property=\"og:image\" content=\"https:\/\/next-fertilitynordic.com\/wp-content\/uploads\/2024\/11\/Untitled-design-29.jpg\" \/>\n\t<meta property=\"og:image:width\" content=\"1600\" \/>\n\t<meta property=\"og:image:height\" content=\"666\" \/>\n\t<meta property=\"og:image:type\" content=\"image\/jpeg\" \/>\n<meta name=\"twitter:card\" content=\"summary_large_image\" \/>\n<meta name=\"twitter:label1\" content=\"Arvioitu lukuaika\" \/>\n\t<meta name=\"twitter:data1\" content=\"2 minuuttia\" \/>\n<script type=\"application\/ld+json\" class=\"yoast-schema-graph\">{\"@context\":\"https:\\\/\\\/schema.org\",\"@graph\":[{\"@type\":\"WebPage\",\"@id\":\"https:\\\/\\\/next-fertilitynordic.com\\\/fi\\\/palvelut\\\/\",\"url\":\"https:\\\/\\\/next-fertilitynordic.com\\\/fi\\\/palvelut\\\/\",\"name\":\"Palvelut - Lapsettomuusklinikka - Next Fertility Nordic\",\"isPartOf\":{\"@id\":\"https:\\\/\\\/next-fertilitynordic.com\\\/en\\\/#website\"},\"primaryImageOfPage\":{\"@id\":\"https:\\\/\\\/next-fertilitynordic.com\\\/fi\\\/palvelut\\\/#primaryimage\"},\"image\":{\"@id\":\"https:\\\/\\\/next-fertilitynordic.com\\\/fi\\\/palvelut\\\/#primaryimage\"},\"thumbnailUrl\":\"https:\\\/\\\/next-fertilitynordic.com\\\/wp-content\\\/uploads\\\/2024\\\/11\\\/Untitled-design-29.jpg\",\"datePublished\":\"2022-02-25T11:24:18+00:00\",\"dateModified\":\"2025-07-29T11:17:58+00:00\",\"description\":\"Tutustu klinikkamme palveluihin. Tarjoamme kaikkia lapsettomuushoitoja, my\u00f6s luovutetuilla soluilla. Lis\u00e4ksi gynekologin ja k\u00e4til\u00f6n vastaanotot.\",\"inLanguage\":\"fi\",\"potentialAction\":[{\"@type\":\"ReadAction\",\"target\":[\"https:\\\/\\\/next-fertilitynordic.com\\\/fi\\\/palvelut\\\/\"]}]},{\"@type\":\"ImageObject\",\"inLanguage\":\"fi\",\"@id\":\"https:\\\/\\\/next-fertilitynordic.com\\\/fi\\\/palvelut\\\/#primaryimage\",\"url\":\"https:\\\/\\\/next-fertilitynordic.com\\\/wp-content\\\/uploads\\\/2024\\\/11\\\/Untitled-design-29.jpg\",\"contentUrl\":\"https:\\\/\\\/next-fertilitynordic.com\\\/wp-content\\\/uploads\\\/2024\\\/11\\\/Untitled-design-29.jpg\",\"width\":1600,\"height\":666},{\"@type\":\"WebSite\",\"@id\":\"https:\\\/\\\/next-fertilitynordic.com\\\/en\\\/#website\",\"url\":\"https:\\\/\\\/next-fertilitynordic.com\\\/en\\\/\",\"name\":\"Next Fertility Nordic\",\"description\":\"Abiks pere loomisel\",\"publisher\":{\"@id\":\"https:\\\/\\\/next-fertilitynordic.com\\\/en\\\/#organization\"},\"potentialAction\":[{\"@type\":\"SearchAction\",\"target\":{\"@type\":\"EntryPoint\",\"urlTemplate\":\"https:\\\/\\\/next-fertilitynordic.com\\\/en\\\/?s={search_term_string}\"},\"query-input\":{\"@type\":\"PropertyValueSpecification\",\"valueRequired\":true,\"valueName\":\"search_term_string\"}}],\"inLanguage\":\"fi\"},{\"@type\":\"Organization\",\"@id\":\"https:\\\/\\\/next-fertilitynordic.com\\\/en\\\/#organization\",\"name\":\"Next Fertility Nordic\",\"url\":\"https:\\\/\\\/next-fertilitynordic.com\\\/en\\\/\",\"logo\":{\"@type\":\"ImageObject\",\"inLanguage\":\"fi\",\"@id\":\"https:\\\/\\\/next-fertilitynordic.com\\\/en\\\/#\\\/schema\\\/logo\\\/image\\\/\",\"url\":\"https:\\\/\\\/next-fertilitynordic.com\\\/wp-content\\\/uploads\\\/2021\\\/04\\\/next-fert-posit-f-col-bg.png\",\"contentUrl\":\"https:\\\/\\\/next-fertilitynordic.com\\\/wp-content\\\/uploads\\\/2021\\\/04\\\/next-fert-posit-f-col-bg.png\",\"width\":1200,\"height\":297,\"caption\":\"Next Fertility Nordic\"},\"image\":{\"@id\":\"https:\\\/\\\/next-fertilitynordic.com\\\/en\\\/#\\\/schema\\\/logo\\\/image\\\/\"},\"sameAs\":[\"https:\\\/\\\/www.facebook.com\\\/nextfertilitynordic\",\"https:\\\/\\\/www.instagram.com\\\/nextfertilitynordic\\\/\"]}]}<\/script>\n<!-- \/ Yoast SEO plugin. -->","yoast_head_json":{"title":"Palvelut - Lapsettomuusklinikka - Next Fertility Nordic","description":"Tutustu klinikkamme palveluihin. Tarjoamme kaikkia lapsettomuushoitoja, my\u00f6s luovutetuilla soluilla. Lis\u00e4ksi gynekologin ja k\u00e4til\u00f6n vastaanotot.","robots":{"index":"index","follow":"follow","max-snippet":"max-snippet:-1","max-image-preview":"max-image-preview:large","max-video-preview":"max-video-preview:-1"},"canonical":"https:\/\/next-fertilitynordic.com\/fi\/palvelut\/","og_locale":"fi_FI","og_type":"article","og_title":"Palvelut - Lapsettomuusklinikka - Next Fertility Nordic","og_description":"Tutustu klinikkamme palveluihin. Tarjoamme kaikkia lapsettomuushoitoja, my\u00f6s luovutetuilla soluilla. Lis\u00e4ksi gynekologin ja k\u00e4til\u00f6n vastaanotot.","og_url":"https:\/\/next-fertilitynordic.com\/fi\/palvelut\/","og_site_name":"Next Fertility Nordic","article_publisher":"https:\/\/www.facebook.com\/nextfertilitynordic","article_modified_time":"2025-07-29T11:17:58+00:00","og_image":[{"width":1600,"height":666,"url":"https:\/\/next-fertilitynordic.com\/wp-content\/uploads\/2024\/11\/Untitled-design-29.jpg","type":"image\/jpeg"}],"twitter_card":"summary_large_image","twitter_misc":{"Arvioitu lukuaika":"2 minuuttia"},"schema":{"@context":"https:\/\/schema.org","@graph":[{"@type":"WebPage","@id":"https:\/\/next-fertilitynordic.com\/fi\/palvelut\/","url":"https:\/\/next-fertilitynordic.com\/fi\/palvelut\/","name":"Palvelut - Lapsettomuusklinikka - Next Fertility Nordic","isPartOf":{"@id":"https:\/\/next-fertilitynordic.com\/en\/#website"},"primaryImageOfPage":{"@id":"https:\/\/next-fertilitynordic.com\/fi\/palvelut\/#primaryimage"},"image":{"@id":"https:\/\/next-fertilitynordic.com\/fi\/palvelut\/#primaryimage"},"thumbnailUrl":"https:\/\/next-fertilitynordic.com\/wp-content\/uploads\/2024\/11\/Untitled-design-29.jpg","datePublished":"2022-02-25T11:24:18+00:00","dateModified":"2025-07-29T11:17:58+00:00","description":"Tutustu klinikkamme palveluihin. Tarjoamme kaikkia lapsettomuushoitoja, my\u00f6s luovutetuilla soluilla. Lis\u00e4ksi gynekologin ja k\u00e4til\u00f6n vastaanotot.","inLanguage":"fi","potentialAction":[{"@type":"ReadAction","target":["https:\/\/next-fertilitynordic.com\/fi\/palvelut\/"]}]},{"@type":"ImageObject","inLanguage":"fi","@id":"https:\/\/next-fertilitynordic.com\/fi\/palvelut\/#primaryimage","url":"https:\/\/next-fertilitynordic.com\/wp-content\/uploads\/2024\/11\/Untitled-design-29.jpg","contentUrl":"https:\/\/next-fertilitynordic.com\/wp-content\/uploads\/2024\/11\/Untitled-design-29.jpg","width":1600,"height":666},{"@type":"WebSite","@id":"https:\/\/next-fertilitynordic.com\/en\/#website","url":"https:\/\/next-fertilitynordic.com\/en\/","name":"Next Fertility Nordic","description":"Abiks pere loomisel","publisher":{"@id":"https:\/\/next-fertilitynordic.com\/en\/#organization"},"potentialAction":[{"@type":"SearchAction","target":{"@type":"EntryPoint","urlTemplate":"https:\/\/next-fertilitynordic.com\/en\/?s={search_term_string}"},"query-input":{"@type":"PropertyValueSpecification","valueRequired":true,"valueName":"search_term_string"}}],"inLanguage":"fi"},{"@type":"Organization","@id":"https:\/\/next-fertilitynordic.com\/en\/#organization","name":"Next Fertility Nordic","url":"https:\/\/next-fertilitynordic.com\/en\/","logo":{"@type":"ImageObject","inLanguage":"fi","@id":"https:\/\/next-fertilitynordic.com\/en\/#\/schema\/logo\/image\/","url":"https:\/\/next-fertilitynordic.com\/wp-content\/uploads\/2021\/04\/next-fert-posit-f-col-bg.png","contentUrl":"https:\/\/next-fertilitynordic.com\/wp-content\/uploads\/2021\/04\/next-fert-posit-f-col-bg.png","width":1200,"height":297,"caption":"Next Fertility Nordic"},"image":{"@id":"https:\/\/next-fertilitynordic.com\/en\/#\/schema\/logo\/image\/"},"sameAs":["https:\/\/www.facebook.com\/nextfertilitynordic","https:\/\/www.instagram.com\/nextfertilitynordic\/"]}]}},"_links":{"self":[{"href":"https:\/\/next-fertilitynordic.com\/fi\/wp-json\/wp\/v2\/pages\/6344","targetHints":{"allow":["GET"]}}],"collection":[{"href":"https:\/\/next-fertilitynordic.com\/fi\/wp-json\/wp\/v2\/pages"}],"about":[{"href":"https:\/\/next-fertilitynordic.com\/fi\/wp-json\/wp\/v2\/types\/page"}],"author":[{"embeddable":true,"href":"https:\/\/next-fertilitynordic.com\/fi\/wp-json\/wp\/v2\/users\/990008"}],"replies":[{"embeddable":true,"href":"https:\/\/next-fertilitynordic.com\/fi\/wp-json\/wp\/v2\/comments?post=6344"}],"version-history":[{"count":14,"href":"https:\/\/next-fertilitynordic.com\/fi\/wp-json\/wp\/v2\/pages\/6344\/revisions"}],"predecessor-version":[{"id":16614,"href":"https:\/\/next-fertilitynordic.com\/fi\/wp-json\/wp\/v2\/pages\/6344\/revisions\/16614"}],"wp:featuredmedia":[{"embeddable":true,"href":"https:\/\/next-fertilitynordic.com\/fi\/wp-json\/wp\/v2\/media\/14521"}],"wp:attachment":[{"href":"https:\/\/next-fertilitynordic.com\/fi\/wp-json\/wp\/v2\/media?parent=6344"}],"curies":[{"name":"wp","href":"https:\/\/api.w.org\/{rel}","templated":true}]}}