{"id":6420,"date":"2022-02-25T11:28:10","date_gmt":"2022-02-25T11:28:10","guid":{"rendered":"https:\/\/next-fertilitynordic.com\/new\/yhteystiedot\/"},"modified":"2025-07-29T12:15:00","modified_gmt":"2025-07-29T12:15:00","slug":"yhteystiedot","status":"publish","type":"page","link":"https:\/\/next-fertilitynordic.com\/fi\/yhteystiedot\/","title":{"rendered":"Yhteystiedot"},"content":{"rendered":"<section class=\"wpb-content-wrapper\"><p>[vc_row el_class=&#8221;m-contact-page&#8221;][vc_column]<div id=\"sc_title_1833403457\"\n\t\tclass=\"sc_title sc_title_default  vc_custom_1646388327701\"><h3 class=\"sc_item_title sc_title_title sc_align_center sc_item_title_style_default\">Yhteystiedot<\/h3><h6 class=\"sc_item_subtitle sc_title_subtitle sc_align_center sc_item_title_style_default\">OTA YHTEYTT\u00c4, JOS TARVITSET NEUVOJA LAPSETTOMUUTEEN LIITTYVISS\u00c4 ASIOISSA VASTAAMME NOPEASTI<\/h6><\/div><!-- \/.sc_title -->[vc_row_inner css=&#8221;.vc_custom_1742458672741{padding-right: 20px !important;padding-left: 20px !important;}&#8221; el_class=&#8221;m-contact-page-content&#8221;][vc_column_inner width=&#8221;1\/2&#8243;][vc_column_text]<\/p>\n<div class=\"wpb_text_column wpb_content_element \">\n<div class=\"wpb_wrapper\">\n<p><strong>Next Fertility Nordic<\/strong><\/p>\n<p><strong>Yhteystiedot: <\/strong><a href=\"mailto:info@ivfnordic.com\">info@ivfnordic.com: <\/a><a href=\"callto:+372 607 0017\">+372 607 0017<\/a><\/p>\n<p><strong>K\u00e4til\u00f6: <a href=\"ivf@ivfnordic.com\">ivf@ivfnordic.com<\/a>; :<a href=\"http:\/\/+372%2053300643\/\" target=\"_blank\" rel=\"noopener\">+372 53300643<\/a>\u00a0;\u00a0<a href=\"http:\/\/+372%20533%2000643\/\" target=\"_blank\" rel=\"noopener\">+<\/a><a href=\"callto:+372 5919 4743\">372 5919 4743<\/a><\/strong><\/p>\n<p><strong>Aukioloajat: <\/strong>ma\u2013pe 9\u201317<\/p>\n<p><strong>Klinikan sijainti: <\/strong>Veerenni 51, 4. krs, 10138 Tallinna<\/p>\n<\/div>\n<\/div>\n<div class=\"wpb_text_column wpb_content_element \">\n<div class=\"wpb_wrapper\">\n<p>Katso palvelumme <a href=\"https:\/\/next-fertilitynordic.com\/fi\/palvelut\/\">t\u00e4st\u00e4<\/a>.<\/p>\n<p><strong>Pys\u00e4k\u00f6inti ja liikenneyhteydet: <\/strong>Julkiset: Linja-auto nro 16, pys\u00e4kki \u201dVarre\u201dPys\u00e4k\u00f6inti: Asiakaspys\u00e4k\u00f6inti 1. kerroksessa tai l\u00e4hist\u00f6ll\u00e4 sijaitsevilla pys\u00e4k\u00f6intialueilla.\u00a0 Pys\u00e4k\u00f6inti on maksullista<\/p>\n<\/div>\n<\/div>\n<div class=\"wpb_text_column wpb_content_element \">\n<div class=\"wpb_wrapper\">\n<p><b><a href=\"https:\/\/next-fertilitynordic.com\/fi\/covid-19-ja-turvallisuus-klinikalla\/\">Muista n\u00e4m\u00e4<\/a> saapuessasi vastaanotolle.<\/b><\/p>\n<\/div>\n<\/div>\n<p>[\/vc_column_text]<div class=\"sc_item_button sc_button_wrap\"><a href=\"https:\/\/next-fertilitynordic.com\/fi\/potilaan-palautelomake-2\/\" id=\"sc_button_1921821279\" class=\"sc_button sc_button_default  vc_custom_1646392474759 sc_button_size_small sc_button_icon_left\"><span class=\"sc_button_text\"><span class=\"sc_button_title\">Palautelomake<\/span><\/span><!-- \/.sc_button_text --><\/a><!-- \/.sc_button --><\/div><!-- \/.sc_item_button -->[\/vc_column_inner][vc_column_inner el_class=&#8221;m-contact-page-form&#8221; width=&#8221;1\/2&#8243;]<div id=\"sc_title_1807503744\"\n\t\tclass=\"sc_title sc_title_default  vc_custom_1646388359294\"><h3 class=\"sc_item_title sc_title_title sc_align_default sc_item_title_style_default\">Ota yhteytt\u00e4<\/h3><\/div><!-- \/.sc_title -->\n<div class=\"wpcf7 no-js\" id=\"wpcf7-f6412-o1\" lang=\"fi\" dir=\"ltr\" data-wpcf7-id=\"6412\">\n<div class=\"screen-reader-response\"><p role=\"status\" aria-live=\"polite\" aria-atomic=\"true\"><\/p> <ul><\/ul><\/div>\n<form action=\"\/fi\/wp-json\/wp\/v2\/pages\/6420#wpcf7-f6412-o1\" method=\"post\" class=\"wpcf7-form init\" aria-label=\"Yhteydenottolomake\" novalidate=\"novalidate\" data-status=\"init\">\n<fieldset class=\"hidden-fields-container\"><input type=\"hidden\" name=\"_wpcf7\" value=\"6412\" \/><input type=\"hidden\" name=\"_wpcf7_version\" value=\"6.1.3\" \/><input type=\"hidden\" name=\"_wpcf7_locale\" value=\"fi\" \/><input type=\"hidden\" name=\"_wpcf7_unit_tag\" value=\"wpcf7-f6412-o1\" \/><input type=\"hidden\" name=\"_wpcf7_container_post\" value=\"0\" \/><input type=\"hidden\" name=\"_wpcf7_posted_data_hash\" value=\"\" \/><input type=\"hidden\" name=\"_wpcf7_recaptcha_response\" value=\"\" \/>\n<\/fieldset>\n<div class=\"columns_wrap\">\n\t<div class=\"column-1_2\">\n\t\t<p><span class=\"wpcf7-form-control-wrap\" data-name=\"your-name\"><input size=\"40\" maxlength=\"400\" class=\"wpcf7-form-control wpcf7-text wpcf7-validates-as-required\" aria-required=\"true\" aria-invalid=\"false\" placeholder=\"Nimi*\" value=\"\" type=\"text\" name=\"your-name\" \/><\/span>\n\t\t<\/p>\n\t<\/div>\n\t<div class=\"column-1_2\">\n\t\t<p><span class=\"wpcf7-form-control-wrap\" data-name=\"your-email\"><input size=\"40\" maxlength=\"400\" class=\"wpcf7-form-control wpcf7-email wpcf7-validates-as-required wpcf7-text wpcf7-validates-as-email\" aria-required=\"true\" aria-invalid=\"false\" placeholder=\"S\u00e4hk\u00f6posti*\" value=\"\" type=\"email\" name=\"your-email\" \/><\/span>\n\t\t<\/p>\n\t<\/div>\n<\/div>\n<div class=\"columns_wrap\">\n\t<div class=\"column-1_1\">\n\t\t<p><span class=\"wpcf7-form-control-wrap\" data-name=\"textarea-message\"><textarea cols=\"40\" rows=\"2\" maxlength=\"2000\" class=\"wpcf7-form-control wpcf7-textarea wpcf7-validates-as-required\" aria-required=\"true\" aria-invalid=\"false\" placeholder=\"Viesti*\" name=\"textarea-message\"><\/textarea><\/span>\n\t\t<\/p>\n\t<\/div>\n<\/div>\n<div class=\"columns_wrap\">\n\t<div class=\"column-1_1\">\n\t\t<p><span class=\"wpcf7-form-control-wrap\" data-name=\"acceptance-86\"><span class=\"wpcf7-form-control wpcf7-acceptance\"><span class=\"wpcf7-list-item\"><label><input type=\"checkbox\" name=\"acceptance-86\" value=\"1\" aria-invalid=\"false\" \/><span class=\"wpcf7-list-item-label\"><a href=\"https:\/\/next-fertilitynordic.com\/fi\/tietosuojakaytanto\/\" target=\"_blank\">Hyv\u00e4ksyn tietosuojan<\/a><\/span><\/label><\/span><\/span><\/span><span class=\"button_wide\"><input class=\"wpcf7-form-control wpcf7-submit has-spinner\" type=\"submit\" value=\"L\u00c4HET\u00c4 VIESTI\" \/><\/span>\n\t\t<\/p>\n\t<\/div>\n<\/div><div class=\"wpcf7-response-output\" aria-hidden=\"true\"><\/div>\n<\/form>\n<\/div>\n[\/vc_column_inner][\/vc_row_inner][vc_row_inner el_class=&#8221;m-contact-page-gallery&#8221;][vc_column_inner]<div class=\"cq-medium-gallery\" data-gallerywidth=\"\" data-background=\"\" data-layoutno=\"3\" data-lowreswidth=\"\" data-gutter=\"20px\" style=\"margin:0 auto;\"><img decoding=\"async\" src=\"https:\/\/next-fertilitynordic.com\/wp-content\/uploads\/2022\/02\/i-r4jfqfs-X3.jpg\" data-highres=\"https:\/\/next-fertilitynordic.com\/wp-content\/uploads\/2022\/02\/i-r4jfqfs-X3.jpg\" class=\"mediumgallery-img \" title=\"\" alt=\"\" \/><img decoding=\"async\" src=\"https:\/\/next-fertilitynordic.com\/wp-content\/uploads\/2022\/02\/i-WHdSBr5-X2.jpg\" data-highres=\"https:\/\/next-fertilitynordic.com\/wp-content\/uploads\/2022\/02\/i-WHdSBr5-X2.jpg\" class=\"mediumgallery-img \" title=\"\" alt=\"\" \/><img decoding=\"async\" src=\"https:\/\/next-fertilitynordic.com\/wp-content\/uploads\/2022\/02\/maja-next-fertility.png\" data-highres=\"https:\/\/next-fertilitynordic.com\/wp-content\/uploads\/2022\/02\/maja-next-fertility.png\" class=\"mediumgallery-img \" title=\"\" alt=\"\" \/><\/div>[\/vc_column_inner][\/vc_row_inner][\/vc_column][\/vc_row]<\/p>\n<\/section>","protected":false},"excerpt":{"rendered":"<p>[vc_row el_class=&#8221;m-contact-page&#8221;][vc_column][vc_row_inner css=&#8221;.vc_custom_1742458672741{padding-right: 20px !important;padding-left: 20px !important;}&#8221; el_class=&#8221;m-contact-page-content&#8221;][vc_column_inner width=&#8221;1\/2&#8243;][vc_column_text] Next Fertility Nordic Yhteystiedot: info@ivfnordic.com: +372 607 0017 K\u00e4til\u00f6: ivf@ivfnordic.com; :+372 53300643\u00a0;\u00a0+372 5919 4743 Aukioloajat: ma\u2013pe 9\u201317 Klinikan sijainti: Veerenni 51, 4. krs, 10138 Tallinna Katso palvelumme t\u00e4st\u00e4. Pys\u00e4k\u00f6inti ja liikenneyhteydet: Julkiset: Linja-auto nro 16, pys\u00e4kki \u201dVarre\u201dPys\u00e4k\u00f6inti: Asiakaspys\u00e4k\u00f6inti 1. kerroksessa tai l\u00e4hist\u00f6ll\u00e4 sijaitsevilla pys\u00e4k\u00f6intialueilla.\u00a0 Pys\u00e4k\u00f6inti on maksullista Muista n\u00e4m\u00e4 saapuessasi vastaanotolle.&hellip;<\/p>\n","protected":false},"author":990008,"featured_media":0,"parent":0,"menu_order":43,"comment_status":"closed","ping_status":"closed","template":"","meta":{"footnotes":""},"class_list":["post-6420","page","type-page","status-publish","hentry"],"yoast_head":"<!-- This site is optimized with the Yoast SEO plugin v27.5 - https:\/\/yoast.com\/product\/yoast-seo-wordpress\/ -->\n<title>Yhteystiedot, sijainti ja aukioloajat - Next Fertility Nordic<\/title>\n<meta name=\"description\" content=\"Lapsettomuusklinikka Next Fertility Nordicin yhteystiedot ja sijainti. Ota yhteytt\u00e4! Puh: +372 607 0017; s\u00e4hk\u00f6postiosoite: info@ivfnordic.com\" \/>\n<meta name=\"robots\" content=\"index, follow, max-snippet:-1, max-image-preview:large, max-video-preview:-1\" \/>\n<link rel=\"canonical\" href=\"https:\/\/next-fertilitynordic.com\/fi\/yhteystiedot\/\" \/>\n<meta property=\"og:locale\" content=\"fi_FI\" \/>\n<meta property=\"og:type\" content=\"article\" \/>\n<meta property=\"og:title\" content=\"Yhteystiedot, sijainti ja aukioloajat - Next Fertility Nordic\" \/>\n<meta property=\"og:description\" content=\"Lapsettomuusklinikka Next Fertility Nordicin yhteystiedot ja sijainti. Ota yhteytt\u00e4! Puh: +372 607 0017; s\u00e4hk\u00f6postiosoite: info@ivfnordic.com\" \/>\n<meta property=\"og:url\" content=\"https:\/\/next-fertilitynordic.com\/fi\/yhteystiedot\/\" \/>\n<meta property=\"og:site_name\" content=\"Next Fertility Nordic\" \/>\n<meta property=\"article:publisher\" content=\"https:\/\/www.facebook.com\/nextfertilitynordic\" \/>\n<meta property=\"article:modified_time\" content=\"2025-07-29T12:15:00+00:00\" \/>\n<meta name=\"twitter:card\" content=\"summary_large_image\" \/>\n<meta name=\"twitter:label1\" content=\"Arvioitu lukuaika\" \/>\n\t<meta name=\"twitter:data1\" content=\"2 minuuttia\" \/>\n<script type=\"application\/ld+json\" class=\"yoast-schema-graph\">{\"@context\":\"https:\\\/\\\/schema.org\",\"@graph\":[{\"@type\":\"WebPage\",\"@id\":\"https:\\\/\\\/next-fertilitynordic.com\\\/fi\\\/yhteystiedot\\\/\",\"url\":\"https:\\\/\\\/next-fertilitynordic.com\\\/fi\\\/yhteystiedot\\\/\",\"name\":\"Yhteystiedot, sijainti ja aukioloajat - Next Fertility Nordic\",\"isPartOf\":{\"@id\":\"https:\\\/\\\/next-fertilitynordic.com\\\/en\\\/#website\"},\"datePublished\":\"2022-02-25T11:28:10+00:00\",\"dateModified\":\"2025-07-29T12:15:00+00:00\",\"description\":\"Lapsettomuusklinikka Next Fertility Nordicin yhteystiedot ja sijainti. Ota yhteytt\u00e4! Puh: +372 607 0017; s\u00e4hk\u00f6postiosoite: info@ivfnordic.com\",\"inLanguage\":\"fi\",\"potentialAction\":[{\"@type\":\"ReadAction\",\"target\":[\"https:\\\/\\\/next-fertilitynordic.com\\\/fi\\\/yhteystiedot\\\/\"]}]},{\"@type\":\"WebSite\",\"@id\":\"https:\\\/\\\/next-fertilitynordic.com\\\/en\\\/#website\",\"url\":\"https:\\\/\\\/next-fertilitynordic.com\\\/en\\\/\",\"name\":\"Next Fertility Nordic\",\"description\":\"Abiks pere loomisel\",\"publisher\":{\"@id\":\"https:\\\/\\\/next-fertilitynordic.com\\\/en\\\/#organization\"},\"potentialAction\":[{\"@type\":\"SearchAction\",\"target\":{\"@type\":\"EntryPoint\",\"urlTemplate\":\"https:\\\/\\\/next-fertilitynordic.com\\\/en\\\/?s={search_term_string}\"},\"query-input\":{\"@type\":\"PropertyValueSpecification\",\"valueRequired\":true,\"valueName\":\"search_term_string\"}}],\"inLanguage\":\"fi\"},{\"@type\":\"Organization\",\"@id\":\"https:\\\/\\\/next-fertilitynordic.com\\\/en\\\/#organization\",\"name\":\"Next Fertility Nordic\",\"url\":\"https:\\\/\\\/next-fertilitynordic.com\\\/en\\\/\",\"logo\":{\"@type\":\"ImageObject\",\"inLanguage\":\"fi\",\"@id\":\"https:\\\/\\\/next-fertilitynordic.com\\\/en\\\/#\\\/schema\\\/logo\\\/image\\\/\",\"url\":\"https:\\\/\\\/next-fertilitynordic.com\\\/wp-content\\\/uploads\\\/2021\\\/04\\\/next-fert-posit-f-col-bg.png\",\"contentUrl\":\"https:\\\/\\\/next-fertilitynordic.com\\\/wp-content\\\/uploads\\\/2021\\\/04\\\/next-fert-posit-f-col-bg.png\",\"width\":1200,\"height\":297,\"caption\":\"Next Fertility Nordic\"},\"image\":{\"@id\":\"https:\\\/\\\/next-fertilitynordic.com\\\/en\\\/#\\\/schema\\\/logo\\\/image\\\/\"},\"sameAs\":[\"https:\\\/\\\/www.facebook.com\\\/nextfertilitynordic\",\"https:\\\/\\\/www.instagram.com\\\/nextfertilitynordic\\\/\"]}]}<\/script>\n<!-- \/ Yoast SEO plugin. -->","yoast_head_json":{"title":"Yhteystiedot, sijainti ja aukioloajat - Next Fertility Nordic","description":"Lapsettomuusklinikka Next Fertility Nordicin yhteystiedot ja sijainti. Ota yhteytt\u00e4! Puh: +372 607 0017; s\u00e4hk\u00f6postiosoite: info@ivfnordic.com","robots":{"index":"index","follow":"follow","max-snippet":"max-snippet:-1","max-image-preview":"max-image-preview:large","max-video-preview":"max-video-preview:-1"},"canonical":"https:\/\/next-fertilitynordic.com\/fi\/yhteystiedot\/","og_locale":"fi_FI","og_type":"article","og_title":"Yhteystiedot, sijainti ja aukioloajat - Next Fertility Nordic","og_description":"Lapsettomuusklinikka Next Fertility Nordicin yhteystiedot ja sijainti. Ota yhteytt\u00e4! Puh: +372 607 0017; s\u00e4hk\u00f6postiosoite: info@ivfnordic.com","og_url":"https:\/\/next-fertilitynordic.com\/fi\/yhteystiedot\/","og_site_name":"Next Fertility Nordic","article_publisher":"https:\/\/www.facebook.com\/nextfertilitynordic","article_modified_time":"2025-07-29T12:15:00+00:00","twitter_card":"summary_large_image","twitter_misc":{"Arvioitu lukuaika":"2 minuuttia"},"schema":{"@context":"https:\/\/schema.org","@graph":[{"@type":"WebPage","@id":"https:\/\/next-fertilitynordic.com\/fi\/yhteystiedot\/","url":"https:\/\/next-fertilitynordic.com\/fi\/yhteystiedot\/","name":"Yhteystiedot, sijainti ja aukioloajat - Next Fertility Nordic","isPartOf":{"@id":"https:\/\/next-fertilitynordic.com\/en\/#website"},"datePublished":"2022-02-25T11:28:10+00:00","dateModified":"2025-07-29T12:15:00+00:00","description":"Lapsettomuusklinikka Next Fertility Nordicin yhteystiedot ja sijainti. Ota yhteytt\u00e4! Puh: +372 607 0017; s\u00e4hk\u00f6postiosoite: info@ivfnordic.com","inLanguage":"fi","potentialAction":[{"@type":"ReadAction","target":["https:\/\/next-fertilitynordic.com\/fi\/yhteystiedot\/"]}]},{"@type":"WebSite","@id":"https:\/\/next-fertilitynordic.com\/en\/#website","url":"https:\/\/next-fertilitynordic.com\/en\/","name":"Next Fertility Nordic","description":"Abiks pere loomisel","publisher":{"@id":"https:\/\/next-fertilitynordic.com\/en\/#organization"},"potentialAction":[{"@type":"SearchAction","target":{"@type":"EntryPoint","urlTemplate":"https:\/\/next-fertilitynordic.com\/en\/?s={search_term_string}"},"query-input":{"@type":"PropertyValueSpecification","valueRequired":true,"valueName":"search_term_string"}}],"inLanguage":"fi"},{"@type":"Organization","@id":"https:\/\/next-fertilitynordic.com\/en\/#organization","name":"Next Fertility Nordic","url":"https:\/\/next-fertilitynordic.com\/en\/","logo":{"@type":"ImageObject","inLanguage":"fi","@id":"https:\/\/next-fertilitynordic.com\/en\/#\/schema\/logo\/image\/","url":"https:\/\/next-fertilitynordic.com\/wp-content\/uploads\/2021\/04\/next-fert-posit-f-col-bg.png","contentUrl":"https:\/\/next-fertilitynordic.com\/wp-content\/uploads\/2021\/04\/next-fert-posit-f-col-bg.png","width":1200,"height":297,"caption":"Next Fertility Nordic"},"image":{"@id":"https:\/\/next-fertilitynordic.com\/en\/#\/schema\/logo\/image\/"},"sameAs":["https:\/\/www.facebook.com\/nextfertilitynordic","https:\/\/www.instagram.com\/nextfertilitynordic\/"]}]}},"_links":{"self":[{"href":"https:\/\/next-fertilitynordic.com\/fi\/wp-json\/wp\/v2\/pages\/6420","targetHints":{"allow":["GET"]}}],"collection":[{"href":"https:\/\/next-fertilitynordic.com\/fi\/wp-json\/wp\/v2\/pages"}],"about":[{"href":"https:\/\/next-fertilitynordic.com\/fi\/wp-json\/wp\/v2\/types\/page"}],"author":[{"embeddable":true,"href":"https:\/\/next-fertilitynordic.com\/fi\/wp-json\/wp\/v2\/users\/990008"}],"replies":[{"embeddable":true,"href":"https:\/\/next-fertilitynordic.com\/fi\/wp-json\/wp\/v2\/comments?post=6420"}],"version-history":[{"count":13,"href":"https:\/\/next-fertilitynordic.com\/fi\/wp-json\/wp\/v2\/pages\/6420\/revisions"}],"predecessor-version":[{"id":16621,"href":"https:\/\/next-fertilitynordic.com\/fi\/wp-json\/wp\/v2\/pages\/6420\/revisions\/16621"}],"wp:attachment":[{"href":"https:\/\/next-fertilitynordic.com\/fi\/wp-json\/wp\/v2\/media?parent=6420"}],"curies":[{"name":"wp","href":"https:\/\/api.w.org\/{rel}","templated":true}]}}