{"id":6607,"date":"2022-02-25T11:29:11","date_gmt":"2022-02-25T11:29:11","guid":{"rendered":"https:\/\/next-fertilitynordic.com\/new\/tietosuojakaytanto\/"},"modified":"2025-07-07T09:24:13","modified_gmt":"2025-07-07T09:24:13","slug":"tietosuojakaytanto","status":"publish","type":"page","link":"https:\/\/next-fertilitynordic.com\/fi\/tietosuojakaytanto\/","title":{"rendered":"Tietosuojak\u00e4yt\u00e4nt\u00f6"},"content":{"rendered":"<section class=\"wpb-content-wrapper\"><p>[vc_row][vc_column]<div id=\"sc_title_1784849026\"\n\t\tclass=\"sc_title sc_title_default  vc_custom_1616515347707\"><h3 class=\"sc_item_title sc_title_title sc_align_center sc_item_title_style_default\">Tietosuojak\u00e4yt\u00e4nt\u00f6<\/h3><\/div><!-- \/.sc_title -->[\/vc_column][\/vc_row][vc_row full_width=&#8221;stretch_row&#8221; css=&#8221;.vc_custom_1616515317165{background-image: url(https:\/\/next-fertilitynordic.com\/wp-content\/uploads\/2021\/02\/page_gradient.jpg?id=1199) !important;}&#8221;][vc_column][vc_column_text]<span style=\"font-weight: 400;\"><b>BioEximi O\u00dc<\/b> on terveydenhuollon palveluntarjoaja, jolla on lakis\u00e4\u00e4teinen salassapitovelvollisuus ja terveystietoj\u00e4rjestelm\u00e4n perusasetuksen (tervise infos\u00fcsteemi p\u00f5him\u00e4\u00e4rus) 11 \u00a7:st\u00e4 ja terveydenhuollon j\u00e4rjest\u00e4misest\u00e4 annetun lain (tervishoiuteenuste korraldamise seadus) 4\u00b9 \u00a7:st\u00e4 johtuva oikeus k\u00e4sitell\u00e4 ilman rekister\u00f6idyn suostumusta terveydenhuollon palvelun tarjoamisen edellytt\u00e4mi\u00e4 henkil\u00f6tietoja, muun muassa erityisi\u00e4 henkil\u00f6tietoja eli terveystietoja.<\/span><\/p>\n<p><span style=\"font-weight: 400;\">BioEximi O\u00dc:n tietosuojaehdot koskevat seuraavia rekister\u00f6ityj\u00e4:<\/span><\/p>\n<ul>\n<li style=\"font-weight: 400;\" aria-level=\"1\"><span style=\"font-weight: 400;\">BioEximi O\u00dc:n ty\u00f6ntekij\u00e4t, ty\u00f6nhakijat ja harjoittelijat<\/span><\/li>\n<li style=\"font-weight: 400;\" aria-level=\"1\"><span style=\"font-weight: 400;\">BioEximi O\u00dc:n asiakkaat ja asiakkaiden nime\u00e4m\u00e4t yhteyshenkil\u00f6t<\/span><\/li>\n<li style=\"font-weight: 400;\" aria-level=\"1\"><span style=\"font-weight: 400;\">BioEximi O\u00dc:n sopimuskumppaneiden edustajat ja yhteyshenkil\u00f6t sek\u00e4 muiden terveydenhuollon palveluntarjoajien edustajat ja yhteyshenkil\u00f6t<\/span><\/li>\n<li style=\"font-weight: 400;\" aria-level=\"1\"><span style=\"font-weight: 400;\">BioEximi O\u00dc:lle selvityspyynn\u00f6n, s\u00e4hk\u00f6postin, tietopyynn\u00f6n, kiitoskirjeiden tms. l\u00e4hett\u00e4j\u00e4t ja heid\u00e4n edustajansa.<\/span><\/li>\n<\/ul>\n<p><span style=\"font-weight: 400;\">Periaatteet, joiden mukaan BioEximi O\u00dc k\u00e4sittelee rekister\u00f6idyn henkil\u00f6tietoja, sis\u00e4ltyv\u00e4t t\u00e4h\u00e4n tietosuojak\u00e4yt\u00e4nt\u00f6\u00f6n.<\/span><\/p>\n<p><b>1.\u00a0 Rekisterinpit\u00e4j\u00e4<\/b><\/p>\n<p>1.1. <span style=\"font-weight: 400;\">Rekisterinpit\u00e4j\u00e4 on BioEximi O\u00dc, virolainen Y-tunnus 11767227, osoite Veerenni 51, 10138 Tallinn (Tallinna), s\u00e4hk\u00f6posti <\/span><a href=\"mailto:info@ivfnordic.com\"><span style=\"font-weight: 400;\">info@ivfnordic.com<\/span><\/a><span style=\"font-weight: 400;\">, puhelin +372 607\u00a00017.<\/span><\/p>\n<p>1.2. <span style=\"font-weight: 400;\">Henkil\u00f6tietojen k\u00e4sittelyyn liittyvi\u00e4 asioita hoitaa BioEximi O\u00dc:n tietosuojavastaava Eerika Eensalu, osoite Veerenni 51, 10138 Tallinn (Tallinna), puh. +372 607\u00a00017, s\u00e4hk\u00f6posti <\/span><a href=\"mailto:eerika.eensalu@ivfnordic.com\"><span style=\"font-weight: 400;\">eerika.eensalu@ivfnordic.com<\/span><\/a><span style=\"font-weight: 400;\">.<\/span><\/p>\n<p><b>2. Henkil\u00f6tietojen k\u00e4sittelyn tarkoitukset<\/b><\/p>\n<p>2.1. <span style=\"font-weight: 400;\">BioEximi O\u00dc k\u00e4sittelee henkil\u00f6tietoja seuraaviin tarkoituksiin:<\/span><\/p>\n<p>2.1.1. <span style=\"font-weight: 400;\">terveydenhuoltopalvelujen tarjoaminen<\/span><\/p>\n<p>2.1.2. <span style=\"font-weight: 400;\">opetus ja ty\u00f6harjoittelu<\/span><\/p>\n<p>2.1.3. <span style=\"font-weight: 400;\">tieteellinen tutkimus<\/span><\/p>\n<p>2.1.4. <span style=\"font-weight: 400;\">sopimus- ja lakis\u00e4\u00e4teisten velvoitteiden t\u00e4ytt\u00e4minen sek\u00e4 oikeuksien turvaaminen ty\u00f6- ja velkasuhteissa.<\/span><\/p>\n<p>2.1.4.1 Potilaiden henkil\u00f6tietojen mahdollinen jakaminen voi tapahtua terveydenhuollon palvelujen tarjoamisen ja niiden laadun varmistamisen tarkoituksessa, mukaan lukien laitoksen akkreditoinnin tai tarkastuksen yhteydess\u00e4, esimerkiksi seuraavien tahojen kanssa: Viron sairausvakuutuskassa, Synlab, iGenomix, CooperSurgical, Viron akkreditointikeskus, L\u00e4\u00e4kevirasto. Kaikkien yhteisty\u00f6kumppaneiden kanssa on tehty salassapitosopimukset.<\/p>\n<p>2.2. <span style=\"font-weight: 400;\">BioEximi O\u00dc noudattaa henkil\u00f6tietoja k\u00e4sitelless\u00e4\u00e4n asianmukaisuuden ja minimaalisuuden periaatetta, eli se k\u00e4sittelee vain sellaisia tietoja sellaisessa laajuudessa kuin mik\u00e4 on tarpeen konkreettisen tavoitteen saavuttamiseksi.<\/span><\/p>\n<p><b>3. Henkil\u00f6tietojen k\u00e4sittelyn oikeusperusteet<\/b><\/p>\n<p>3.1. <span style=\"font-weight: 400;\">BioEximi O\u00dc ker\u00e4\u00e4 ja k\u00e4sittelee henkil\u00f6tietoja seuraavilla oikeusperusteilla:<\/span><\/p>\n<p>3.1.1. <span style=\"font-weight: 400;\">sopimuksen perusteella, eli henkil\u00f6tietojen k\u00e4sittely on tarpeen BioEximi O\u00dc:n ja rekister\u00f6idyn v\u00e4lisen sopimuksen tekemiseen ja tehdyn sopimuksen t\u00e4ytt\u00e4miseen<\/span><\/p>\n<p>3.1.2. <span style=\"font-weight: 400;\">lain perusteella, eli henkil\u00f6tietoja k\u00e4sitell\u00e4\u00e4n BioEximi O\u00dc:lle lains\u00e4\u00e4d\u00e4nn\u00f6st\u00e4 koituvien velvollisuuksien t\u00e4ytt\u00e4miseksi ja oikeuksien turvaamiseksi<\/span><\/p>\n<p>3.1.3. <span style=\"font-weight: 400;\">suostumuksen perusteella, eli rekister\u00f6ity on antanut BioEximi O\u00dc:lle nimenomaisen suostumuksen henkil\u00f6tietojensa k\u00e4sittelyyn yhteen tai useampaan rekister\u00f6idyn etuk\u00e4teen tiet\u00e4m\u00e4\u00e4n tarkoitukseen<\/span><\/p>\n<p>3.1.4. <span style=\"font-weight: 400;\">oikeutetun edun perusteella BioEximi O\u00dc k\u00e4sittelee henkil\u00f6tietoja vain silloin, kun rekister\u00f6idyn edut tai perusoikeudet ja vapaudet eiv\u00e4t ole t\u00e4llaista k\u00e4sittely\u00e4 t\u00e4rke\u00e4mm\u00e4t.<\/span><\/p>\n<p><b>4. K\u00e4sitelt\u00e4vien henkil\u00f6tietojen ryhm\u00e4t<\/b><\/p>\n<p>4.1. <span style=\"font-weight: 400;\">BioEximi O\u00dc ker\u00e4\u00e4 ja k\u00e4sittelee seuraavanlaisia henkil\u00f6tietoja:<\/span><\/p>\n<p>4.1.1. <span style=\"font-weight: 400;\">rekister\u00f6idyn yleiset henkil\u00f6tiedot eli tiedot, joiden perusteella henkil\u00f6 on suoraan tai ep\u00e4suoraan tunnistettavissa, ennen muuta etunimi, sukunimi ja henkil\u00f6tunnus<\/span><\/p>\n<p>4.1.2. <span style=\"font-weight: 400;\">rekister\u00f6idyn yhteystiedot, esimerkiksi s\u00e4hk\u00f6postiosoite, puhelinnumero, kotiosoite<\/span><\/p>\n<p>4.1.3. <span style=\"font-weight: 400;\">rekister\u00f6idyn erityiset henkil\u00f6tiedot, ennen muuta terveystiedot ja geneettiset tiedot<\/span><\/p>\n<p>4.1.4. <span style=\"font-weight: 400;\">sopimuksen noudattamiseen liittyv\u00e4t henkil\u00f6tiedot, mukaan lukien rekister\u00f6idyn yhteyshenkil\u00f6n henkil\u00f6tiedot sek\u00e4 pankkitiedot ja tiedot velvoiteoikeuslain mukaisesta velvoitteesta<\/span><\/p>\n<p>4.1.5. <span style=\"font-weight: 400;\">ty\u00f6sopimuksen t\u00e4yt\u00e4nt\u00f6\u00f6npanoon liittyv\u00e4t henkil\u00f6tiedot, mukaan lukien koulutuksen ja ammatin todistavat tiedot sek\u00e4 rekister\u00f6idyn alaik\u00e4isten lasten tiedot<\/span><\/p>\n<p>4.1.6. <span style=\"font-weight: 400;\">sopimuskumppanin tai muun terveydenhuollon palveluntuottajan edustajan tai yhteyshenkil\u00f6n tiedot, my\u00f6s harjoittelijan henkil\u00f6tiedot<\/span><\/p>\n<p>4.1.7 <span style=\"font-weight: 400;\">muut rekister\u00f6idyn toimittamat tiedot.<\/span><\/p>\n<p><b>5. Henkil\u00f6tietojen l\u00e4hteet<\/b><\/p>\n<p>5.1. <span style=\"font-weight: 400;\">Terveyspalvelujen tarjoamisessa l\u00e4htein\u00e4 ovat rekister\u00f6idyn toimittamat tiedot, terveystietoja ja terveydentilaa kuvaavat asiakirjat ja tutkimusten vastaukset, muut terveydenhuollon palveluntarjoajat sek\u00e4 kansalliset tietokannat.<\/span><\/p>\n<p>5.2. <span style=\"font-weight: 400;\">Ty\u00f6harjoittelussa ja tieteellisess\u00e4 tutkimuksessa l\u00e4htein\u00e4 ovat tiedot, joiden k\u00e4yt\u00f6n l\u00e4htein\u00e4 rekister\u00f6ity on sallinut sopimuksessa tai nimenomaisessa suostumuksessa. <\/span><\/p>\n<p>5.3. <span style=\"font-weight: 400;\">Ty\u00f6- tai velkasuhteessa henkil\u00f6tietojen l\u00e4htein\u00e4 ovat itse ty\u00f6ntekij\u00e4 ja muut ty\u00f6- tai velkasuhteeseen osallistetut henkil\u00f6t sek\u00e4 kansalliset tietokannat ja viranomaisilta saadut tiedot.<\/span><\/p>\n<p>5.4. <span style=\"font-weight: 400;\">BioEximi O\u00dc voi my\u00f6s ker\u00e4t\u00e4 ja k\u00e4sitell\u00e4 henkil\u00f6tietoja julkisesti saatavilla olevista l\u00e4hteist\u00e4 ja sellaisista l\u00e4hteist\u00e4, jotka perustuvat kolmansilta osapuolilta saatuihin tietoihin soveltuvien lakien ja muiden s\u00e4\u00e4d\u00f6sten sallimissa rajoissa.<\/span><\/p>\n<p><b>6. Henkil\u00f6tietojen k\u00e4sittelyn turvallisuus<\/b><\/p>\n<p>6.1. <span style=\"font-weight: 400;\">BioEximi O\u00dc:n tavoitteena on varmistaa henkil\u00f6tietojen k\u00e4sittelyn turvallisuus.<\/span><\/p>\n<p>6.2. <span style=\"font-weight: 400;\">BioEximi O\u00dc:n verkkosivuilla <\/span><a href=\"https:\/\/next-fertilitynordic.com\/fi\/\"><span style=\"font-weight: 400;\">https:\/\/next-fertilitynordic.com<\/span><\/a><span style=\"font-weight: 400;\">, <\/span><a href=\"http:\/\/www.viljakus.ee\"><span style=\"font-weight: 400;\">www.viljakus.ee<\/span><\/a><span style=\"font-weight: 400;\">, <\/span><a href=\"http:\/\/www.munarakudoonor.ee\"><span style=\"font-weight: 400;\">www.munarakudoonor.ee<\/span><\/a><span style=\"font-weight: 400;\"> ja <\/span><a href=\"http:\/\/www.lapsesoov.ee\"><span style=\"font-weight: 400;\">www.lapsesoov.ee<\/span><\/a><span style=\"font-weight: 400;\"> sek\u00e4 tietoj\u00e4rjestelm\u00e4ss\u00e4 olevien tietojen turvallisuuden varmistamiseksi k\u00e4ytet\u00e4\u00e4n teknisi\u00e4 ja organisatorisia turvatoimia, kuten palomuureja ja salasanoja, suojaamaan tietoja laittomalta p\u00e4\u00e4sylt\u00e4 ja vahingossa tapahtuvalta h\u00e4vi\u00e4miselt\u00e4 ja muuttamiselta.\u200b Paperisia asiakirjoja s\u00e4ilytet\u00e4\u00e4n lukituissa tiloissa. P\u00e4\u00e4sy henkil\u00f6tietoja sis\u00e4lt\u00e4viin asiakirjoihin ja tietoj\u00e4rjestelmiin on vain valtuutetuilla henkil\u00f6ill\u00e4.<\/span><\/p>\n<p>6.3. <span style=\"font-weight: 400;\">BioEximi O\u00dc:n verkkosivuilla on k\u00e4yt\u00f6ss\u00e4 p\u00e4ivitetty SSL-sertifikaatti, joka mahdollistaa julkisessa internetiss\u00e4 oman salatun tiedonsiirtokanavan k\u00e4yt\u00f6n (HTTPS), jonka avulla tiedot v\u00e4litet\u00e4\u00e4n luottamuksellisina ja t\u00e4ydellisin\u00e4.<\/span><\/p>\n<p><b>7. Henkil\u00f6tietojen luovuttaminen<\/b><\/p>\n<p>7.1. <span style=\"font-weight: 400;\">BioEximi O\u00dc siirt\u00e4\u00e4 henkil\u00f6tietoja, jos siihen on laillinen peruste, noudattaen kaikkia henkil\u00f6tietojen k\u00e4sittelyyn sovellettavia periaatteita varmistaakseen rekister\u00f6idyn henkil\u00f6tietojen laillisen, oikeudenmukaisen ja l\u00e4pin\u00e4kyv\u00e4n k\u00e4sittelyn.<\/span><\/p>\n<p>7.2. <span style=\"font-weight: 400;\">Henkil\u00f6tietoja voidaan k\u00e4sitell\u00e4, katsoa ja s\u00e4ilytt\u00e4\u00e4 my\u00f6s Viron ulkopuolella. Henkil\u00f6tietoja luovutetaan Euroopan unionin tai Euroopan talousalueen ulkopuolella sijaitseville vastaanottajille vain poikkeustapauksissa yleisen tietosuoja-asetuksen (GDPR) 49 artiklan 1 kohdassa tarkoitetun rekister\u00f6idyn nimenomaisen suostumuksen tai sopimuksen perusteella.<\/span><\/p>\n<p><b>8. Henkil\u00f6tietojen s\u00e4ilytt\u00e4minen<\/b><\/p>\n<p>8.1. <span style=\"font-weight: 400;\">BioEximi O\u00dc s\u00e4ilytt\u00e4\u00e4 tietoja niin kauan kuin se on tarpeen, ottaen huomioon henkil\u00f6tietojen k\u00e4sittelyn tarkoituksen ja noudattaen lailla, rekister\u00f6idyn suostumuksella ja rekister\u00f6idyn kanssa tehdyll\u00e4 sopimuksella s\u00e4\u00e4dettyj\u00e4 m\u00e4\u00e4r\u00e4aikoja.<\/span><\/p>\n<p>8.2. <span style=\"font-weight: 400;\">BioEximi O\u00dc ryhtyy kaikkiin kohtuullisiin toimiin, jotta BioEximi O\u00dc:n tietoj\u00e4rjestelm\u00e4ss\u00e4 ei s\u00e4ilytet\u00e4 henkil\u00f6tietojen k\u00e4sittelyn tarkoitusten kanssa ristiriidassa olevia, vanhentuneita tai ep\u00e4tarkkoja henkil\u00f6tietoja.<\/span><\/p>\n<p><b>9. Rekister\u00f6idyn oikeudet<\/b><\/p>\n<p>9.1. <span style=\"font-weight: 400;\">Rekister\u00f6idyll\u00e4 on oikeus saada tietoa henkil\u00f6tietojensa k\u00e4sittelyst\u00e4 ja pyyt\u00e4\u00e4 p\u00e4\u00e4sy\u00e4 rekister\u00f6ity\u00e4 koskeviin henkil\u00f6tietoihin.<\/span><\/p>\n<p>9.2. <span style=\"font-weight: 400;\">Rekister\u00f6idyll\u00e4 on oikeus pyyt\u00e4\u00e4 henkil\u00f6tietojensa oikaisemista tai poistamista. Rekister\u00f6idyll\u00e4 on oikeus vastustaa tai rajoittaa henkil\u00f6tietojensa k\u00e4sittely\u00e4.<\/span><\/p>\n<p>9.3. <span style=\"font-weight: 400;\">Rekister\u00f6idyll\u00e4 on oikeus peruuttaa tai muuttaa henkil\u00f6tietojensa k\u00e4sittelyyn antamansa suostumus tilanteissa, joissa tietojen k\u00e4sittely perustuu rekister\u00f6idyn nimenomaiseen suostumukseen.<\/span><\/p>\n<p>9.4. <span style=\"font-weight: 400;\">Jos on kysytt\u00e4v\u00e4\u00e4 henkil\u00f6tietojen k\u00e4sittelyst\u00e4 tai sit\u00e4 koskevia valituksia, voi ottaa yhteytt\u00e4 BioEximi O\u00dc:n tietosuojavastaavaan l\u00e4hett\u00e4m\u00e4ll\u00e4 s\u00e4hk\u00f6postia osoitteeseen <\/span><a href=\"mailto:eerika.eensalu@ivfnordic.com\"><span style=\"font-weight: 400;\">eerika.eensalu@ivfnordic.com<\/span><\/a><span style=\"font-weight: 400;\">. Hakemukset, ilmoitukset ja ehdotukset voidaan l\u00e4hett\u00e4\u00e4 my\u00f6s s\u00e4hk\u00f6isesti allekirjoitettuna osoitteeseen <\/span><a href=\"mailto:info@ivfnordic.com\"><span style=\"font-weight: 400;\">info@ivfnordic.com<\/span><\/a><span style=\"font-weight: 400;\">.<\/span><\/p>\n<p>9.5. <span style=\"font-weight: 400;\">Rekister\u00f6idyn kirjallisessa ilmoituksessa vaatimat tiedot luovutetaan henkil\u00f6todistuksen perusteella tai salattuina. Henkil\u00f6tietojen k\u00e4sittelyn turvallisuuden vuoksi tietoja ei luovuteta puhelimitse.<\/span><\/p>\n<p>9.6. <span style=\"font-weight: 400;\">Rekister\u00f6idyll\u00e4 on my\u00f6s oikeus j\u00e4tt\u00e4\u00e4 valitus tietosuoja-asioiden valvontaviranomaiselle, jona Virossa on Andmekaitse Inspektsioon, osoite Tatari 39, 10134 Tallinn (Tallinna), s\u00e4hk\u00f6posti <\/span><a href=\"mailto:info@aki.ee\"><span style=\"font-weight: 400;\">info@aki.ee<\/span><\/a><span style=\"font-weight: 400;\">.<\/span>[\/vc_column_text][\/vc_column][\/vc_row]<\/p>\n<\/section>","protected":false},"excerpt":{"rendered":"<p>[vc_row][vc_column][\/vc_column][\/vc_row][vc_row full_width=&#8221;stretch_row&#8221; css=&#8221;.vc_custom_1616515317165{background-image: url(https:\/\/next-fertilitynordic.com\/wp-content\/uploads\/2021\/02\/page_gradient.jpg?id=1199) !important;}&#8221;][vc_column][vc_column_text]BioEximi O\u00dc on terveydenhuollon palveluntarjoaja, jolla on lakis\u00e4\u00e4teinen salassapitovelvollisuus ja terveystietoj\u00e4rjestelm\u00e4n perusasetuksen (tervise infos\u00fcsteemi p\u00f5him\u00e4\u00e4rus) 11 \u00a7:st\u00e4 ja terveydenhuollon j\u00e4rjest\u00e4misest\u00e4 annetun lain (tervishoiuteenuste korraldamise seadus) 4\u00b9 \u00a7:st\u00e4 johtuva oikeus k\u00e4sitell\u00e4 ilman rekister\u00f6idyn suostumusta terveydenhuollon palvelun tarjoamisen edellytt\u00e4mi\u00e4 henkil\u00f6tietoja, muun muassa erityisi\u00e4 henkil\u00f6tietoja eli terveystietoja. BioEximi O\u00dc:n tietosuojaehdot koskevat seuraavia rekister\u00f6ityj\u00e4: BioEximi O\u00dc:n ty\u00f6ntekij\u00e4t, ty\u00f6nhakijat ja harjoittelijat&hellip;<\/p>\n","protected":false},"author":990008,"featured_media":0,"parent":0,"menu_order":36,"comment_status":"closed","ping_status":"closed","template":"","meta":{"footnotes":""},"class_list":["post-6607","page","type-page","status-publish","hentry"],"yoast_head":"<!-- This site is optimized with the Yoast SEO plugin v27.5 - https:\/\/yoast.com\/product\/yoast-seo-wordpress\/ -->\n<title>Tietosuojak\u00e4yt\u00e4nt\u00f6 - Next Fertility Nordic<\/title>\n<meta name=\"robots\" content=\"index, follow, max-snippet:-1, max-image-preview:large, max-video-preview:-1\" \/>\n<link rel=\"canonical\" href=\"https:\/\/next-fertilitynordic.com\/fi\/tietosuojakaytanto\/\" \/>\n<meta property=\"og:locale\" content=\"fi_FI\" \/>\n<meta property=\"og:type\" content=\"article\" \/>\n<meta property=\"og:title\" content=\"Tietosuojak\u00e4yt\u00e4nt\u00f6 - Next Fertility Nordic\" \/>\n<meta property=\"og:description\" content=\"[vc_row][vc_column][\/vc_column][\/vc_row][vc_row full_width=&#8221;stretch_row&#8221; css=&#8221;.vc_custom_1616515317165{background-image: url(https:\/\/next-fertilitynordic.com\/wp-content\/uploads\/2021\/02\/page_gradient.jpg?id=1199) !important;}&#8221;][vc_column][vc_column_text]BioEximi O\u00dc on terveydenhuollon palveluntarjoaja, jolla on lakis\u00e4\u00e4teinen salassapitovelvollisuus ja terveystietoj\u00e4rjestelm\u00e4n perusasetuksen (tervise infos\u00fcsteemi p\u00f5him\u00e4\u00e4rus) 11 \u00a7:st\u00e4 ja terveydenhuollon j\u00e4rjest\u00e4misest\u00e4 annetun lain (tervishoiuteenuste korraldamise seadus) 4\u00b9 \u00a7:st\u00e4 johtuva oikeus k\u00e4sitell\u00e4 ilman rekister\u00f6idyn suostumusta terveydenhuollon palvelun tarjoamisen edellytt\u00e4mi\u00e4 henkil\u00f6tietoja, muun muassa erityisi\u00e4 henkil\u00f6tietoja eli terveystietoja. BioEximi O\u00dc:n tietosuojaehdot koskevat seuraavia rekister\u00f6ityj\u00e4: BioEximi O\u00dc:n ty\u00f6ntekij\u00e4t, ty\u00f6nhakijat ja harjoittelijat&hellip;\" \/>\n<meta property=\"og:url\" content=\"https:\/\/next-fertilitynordic.com\/fi\/tietosuojakaytanto\/\" \/>\n<meta property=\"og:site_name\" content=\"Next Fertility Nordic\" \/>\n<meta property=\"article:publisher\" content=\"https:\/\/www.facebook.com\/nextfertilitynordic\" \/>\n<meta property=\"article:modified_time\" content=\"2025-07-07T09:24:13+00:00\" \/>\n<meta name=\"twitter:card\" content=\"summary_large_image\" \/>\n<meta name=\"twitter:label1\" content=\"Arvioitu lukuaika\" \/>\n\t<meta name=\"twitter:data1\" content=\"5 minuuttia\" \/>\n<script type=\"application\/ld+json\" class=\"yoast-schema-graph\">{\"@context\":\"https:\\\/\\\/schema.org\",\"@graph\":[{\"@type\":\"WebPage\",\"@id\":\"https:\\\/\\\/next-fertilitynordic.com\\\/fi\\\/tietosuojakaytanto\\\/\",\"url\":\"https:\\\/\\\/next-fertilitynordic.com\\\/fi\\\/tietosuojakaytanto\\\/\",\"name\":\"Tietosuojak\u00e4yt\u00e4nt\u00f6 - Next Fertility Nordic\",\"isPartOf\":{\"@id\":\"https:\\\/\\\/next-fertilitynordic.com\\\/en\\\/#website\"},\"datePublished\":\"2022-02-25T11:29:11+00:00\",\"dateModified\":\"2025-07-07T09:24:13+00:00\",\"inLanguage\":\"fi\",\"potentialAction\":[{\"@type\":\"ReadAction\",\"target\":[\"https:\\\/\\\/next-fertilitynordic.com\\\/fi\\\/tietosuojakaytanto\\\/\"]}]},{\"@type\":\"WebSite\",\"@id\":\"https:\\\/\\\/next-fertilitynordic.com\\\/en\\\/#website\",\"url\":\"https:\\\/\\\/next-fertilitynordic.com\\\/en\\\/\",\"name\":\"Next Fertility Nordic\",\"description\":\"Abiks pere loomisel\",\"publisher\":{\"@id\":\"https:\\\/\\\/next-fertilitynordic.com\\\/en\\\/#organization\"},\"potentialAction\":[{\"@type\":\"SearchAction\",\"target\":{\"@type\":\"EntryPoint\",\"urlTemplate\":\"https:\\\/\\\/next-fertilitynordic.com\\\/en\\\/?s={search_term_string}\"},\"query-input\":{\"@type\":\"PropertyValueSpecification\",\"valueRequired\":true,\"valueName\":\"search_term_string\"}}],\"inLanguage\":\"fi\"},{\"@type\":\"Organization\",\"@id\":\"https:\\\/\\\/next-fertilitynordic.com\\\/en\\\/#organization\",\"name\":\"Next Fertility Nordic\",\"url\":\"https:\\\/\\\/next-fertilitynordic.com\\\/en\\\/\",\"logo\":{\"@type\":\"ImageObject\",\"inLanguage\":\"fi\",\"@id\":\"https:\\\/\\\/next-fertilitynordic.com\\\/en\\\/#\\\/schema\\\/logo\\\/image\\\/\",\"url\":\"https:\\\/\\\/next-fertilitynordic.com\\\/wp-content\\\/uploads\\\/2021\\\/04\\\/next-fert-posit-f-col-bg.png\",\"contentUrl\":\"https:\\\/\\\/next-fertilitynordic.com\\\/wp-content\\\/uploads\\\/2021\\\/04\\\/next-fert-posit-f-col-bg.png\",\"width\":1200,\"height\":297,\"caption\":\"Next Fertility Nordic\"},\"image\":{\"@id\":\"https:\\\/\\\/next-fertilitynordic.com\\\/en\\\/#\\\/schema\\\/logo\\\/image\\\/\"},\"sameAs\":[\"https:\\\/\\\/www.facebook.com\\\/nextfertilitynordic\",\"https:\\\/\\\/www.instagram.com\\\/nextfertilitynordic\\\/\"]}]}<\/script>\n<!-- \/ Yoast SEO plugin. -->","yoast_head_json":{"title":"Tietosuojak\u00e4yt\u00e4nt\u00f6 - Next Fertility Nordic","robots":{"index":"index","follow":"follow","max-snippet":"max-snippet:-1","max-image-preview":"max-image-preview:large","max-video-preview":"max-video-preview:-1"},"canonical":"https:\/\/next-fertilitynordic.com\/fi\/tietosuojakaytanto\/","og_locale":"fi_FI","og_type":"article","og_title":"Tietosuojak\u00e4yt\u00e4nt\u00f6 - Next Fertility Nordic","og_description":"[vc_row][vc_column][\/vc_column][\/vc_row][vc_row full_width=&#8221;stretch_row&#8221; css=&#8221;.vc_custom_1616515317165{background-image: url(https:\/\/next-fertilitynordic.com\/wp-content\/uploads\/2021\/02\/page_gradient.jpg?id=1199) !important;}&#8221;][vc_column][vc_column_text]BioEximi O\u00dc on terveydenhuollon palveluntarjoaja, jolla on lakis\u00e4\u00e4teinen salassapitovelvollisuus ja terveystietoj\u00e4rjestelm\u00e4n perusasetuksen (tervise infos\u00fcsteemi p\u00f5him\u00e4\u00e4rus) 11 \u00a7:st\u00e4 ja terveydenhuollon j\u00e4rjest\u00e4misest\u00e4 annetun lain (tervishoiuteenuste korraldamise seadus) 4\u00b9 \u00a7:st\u00e4 johtuva oikeus k\u00e4sitell\u00e4 ilman rekister\u00f6idyn suostumusta terveydenhuollon palvelun tarjoamisen edellytt\u00e4mi\u00e4 henkil\u00f6tietoja, muun muassa erityisi\u00e4 henkil\u00f6tietoja eli terveystietoja. BioEximi O\u00dc:n tietosuojaehdot koskevat seuraavia rekister\u00f6ityj\u00e4: BioEximi O\u00dc:n ty\u00f6ntekij\u00e4t, ty\u00f6nhakijat ja harjoittelijat&hellip;","og_url":"https:\/\/next-fertilitynordic.com\/fi\/tietosuojakaytanto\/","og_site_name":"Next Fertility Nordic","article_publisher":"https:\/\/www.facebook.com\/nextfertilitynordic","article_modified_time":"2025-07-07T09:24:13+00:00","twitter_card":"summary_large_image","twitter_misc":{"Arvioitu lukuaika":"5 minuuttia"},"schema":{"@context":"https:\/\/schema.org","@graph":[{"@type":"WebPage","@id":"https:\/\/next-fertilitynordic.com\/fi\/tietosuojakaytanto\/","url":"https:\/\/next-fertilitynordic.com\/fi\/tietosuojakaytanto\/","name":"Tietosuojak\u00e4yt\u00e4nt\u00f6 - Next Fertility Nordic","isPartOf":{"@id":"https:\/\/next-fertilitynordic.com\/en\/#website"},"datePublished":"2022-02-25T11:29:11+00:00","dateModified":"2025-07-07T09:24:13+00:00","inLanguage":"fi","potentialAction":[{"@type":"ReadAction","target":["https:\/\/next-fertilitynordic.com\/fi\/tietosuojakaytanto\/"]}]},{"@type":"WebSite","@id":"https:\/\/next-fertilitynordic.com\/en\/#website","url":"https:\/\/next-fertilitynordic.com\/en\/","name":"Next Fertility Nordic","description":"Abiks pere loomisel","publisher":{"@id":"https:\/\/next-fertilitynordic.com\/en\/#organization"},"potentialAction":[{"@type":"SearchAction","target":{"@type":"EntryPoint","urlTemplate":"https:\/\/next-fertilitynordic.com\/en\/?s={search_term_string}"},"query-input":{"@type":"PropertyValueSpecification","valueRequired":true,"valueName":"search_term_string"}}],"inLanguage":"fi"},{"@type":"Organization","@id":"https:\/\/next-fertilitynordic.com\/en\/#organization","name":"Next Fertility Nordic","url":"https:\/\/next-fertilitynordic.com\/en\/","logo":{"@type":"ImageObject","inLanguage":"fi","@id":"https:\/\/next-fertilitynordic.com\/en\/#\/schema\/logo\/image\/","url":"https:\/\/next-fertilitynordic.com\/wp-content\/uploads\/2021\/04\/next-fert-posit-f-col-bg.png","contentUrl":"https:\/\/next-fertilitynordic.com\/wp-content\/uploads\/2021\/04\/next-fert-posit-f-col-bg.png","width":1200,"height":297,"caption":"Next Fertility Nordic"},"image":{"@id":"https:\/\/next-fertilitynordic.com\/en\/#\/schema\/logo\/image\/"},"sameAs":["https:\/\/www.facebook.com\/nextfertilitynordic","https:\/\/www.instagram.com\/nextfertilitynordic\/"]}]}},"_links":{"self":[{"href":"https:\/\/next-fertilitynordic.com\/fi\/wp-json\/wp\/v2\/pages\/6607","targetHints":{"allow":["GET"]}}],"collection":[{"href":"https:\/\/next-fertilitynordic.com\/fi\/wp-json\/wp\/v2\/pages"}],"about":[{"href":"https:\/\/next-fertilitynordic.com\/fi\/wp-json\/wp\/v2\/types\/page"}],"author":[{"embeddable":true,"href":"https:\/\/next-fertilitynordic.com\/fi\/wp-json\/wp\/v2\/users\/990008"}],"replies":[{"embeddable":true,"href":"https:\/\/next-fertilitynordic.com\/fi\/wp-json\/wp\/v2\/comments?post=6607"}],"version-history":[{"count":4,"href":"https:\/\/next-fertilitynordic.com\/fi\/wp-json\/wp\/v2\/pages\/6607\/revisions"}],"predecessor-version":[{"id":16470,"href":"https:\/\/next-fertilitynordic.com\/fi\/wp-json\/wp\/v2\/pages\/6607\/revisions\/16470"}],"wp:attachment":[{"href":"https:\/\/next-fertilitynordic.com\/fi\/wp-json\/wp\/v2\/media?parent=6607"}],"curies":[{"name":"wp","href":"https:\/\/api.w.org\/{rel}","templated":true}]}}