{"id":6611,"date":"2022-02-25T11:29:46","date_gmt":"2022-02-25T11:29:46","guid":{"rendered":"https:\/\/next-fertilitynordic.com\/new\/luovutettujen-sukusolujen-tilaaminen\/"},"modified":"2025-11-05T12:39:47","modified_gmt":"2025-11-05T12:39:47","slug":"luovutettujen-sukusolujen-tilaaminen","status":"publish","type":"page","link":"https:\/\/next-fertilitynordic.com\/fi\/luovutettujen-sukusolujen-tilaaminen\/","title":{"rendered":"Luovutettujen sukusolujen tilaaminen"},"content":{"rendered":"<section class=\"wpb-content-wrapper\"><p>[vc_row][vc_column]<div id=\"sc_title_484076741\"\n\t\tclass=\"sc_title sc_title_default p-header-title  vc_custom_1743062464568\"><h3 class=\"sc_item_title sc_title_title sc_align_center sc_item_title_style_default\">Lahjasolujen tilaaminen<\/h3><h6 class=\"sc_item_subtitle sc_title_subtitle sc_align_center sc_item_title_style_default\">L\u00d6YD\u00c4 NOPEASTI SOPIVAT LUOVUTETUT SUKUSOLUT NEXT FERTILITY NORDIC BIOBANKISTA<\/h6><\/div><!-- \/.sc_title -->[vc_column_text css=&#8221;.vc_custom_1743062474571{padding-top: 20px !important;}&#8221; el_class=&#8221;p-header-desc&#8221;]<\/p>\n<p style=\"text-align: center;\"><span dir=\"ltr\" role=\"presentation\"><span tabindex=\"0\">Biopankissamme on laaja valikoima luovutettuja munasoluja ja luovutettuja siitti\u00f6it\u00e4.<br \/>\nKaikki sukusolujen luovuttajamme ovat k\u00e4yneet perusteellisessa neuvonnassa, l\u00e4\u00e4k\u00e4rintarkastuksissa ja geenitutkimuksissa.<\/span><\/span><\/p>\n<p>[\/vc_column_text][vc_row_inner el_class=&#8221;m-0-pr&#8221;][vc_column_inner el_class=&#8221;m-circular-image&#8221; width=&#8221;1\/2&#8243;][vc_empty_space alter_height=&#8221;medium&#8221; hide_on_mobile=&#8221;&#8221;][vc_single_image image=&#8221;13297&#8243; img_size=&#8221;400&#215;400&#8243; alignment=&#8221;center&#8221;][\/vc_column_inner][vc_column_inner width=&#8221;1\/2&#8243;][vc_empty_space alter_height=&#8221;medium_plus&#8221; hide_on_mobile=&#8221;&#8221;][vc_column_text]<\/p>\n<h5 style=\"text-align: left;\"><strong><span style=\"color: #b96d93;\">2023 Kliiniset raskaudet<br \/>\nNext Fertility pohjoismaiset luovuttajasolut<\/span><\/strong><\/h5>\n<p>[\/vc_column_text][vc_empty_space alter_height=&#8221;small&#8221; hide_on_mobile=&#8221;&#8221;][vc_progress_bar values=&#8221;%5B%7B%22label%22%3A%22Luovutettuilla%20munasoluilla%22%2C%22value%22%3A%2252%22%2C%22color%22%3A%22custom%22%2C%22customcolor%22%3A%22%23cbc4e3%22%7D%2C%7B%22label%22%3A%22Luovutettuilla%20siitti%C3%B6ill%C3%A4%22%2C%22value%22%3A%2250%22%2C%22color%22%3A%22custom%22%2C%22customcolor%22%3A%22%23cbc4e3%22%7D%5D&#8221; narrow=&#8221;&#8221; inverse=&#8221;&#8221; units=&#8221;%&#8221; el_class=&#8221;progressBarPercentBold&#8221; css=&#8221;.vc_custom_1726513351249{border-right-width: 20px !important;}&#8221;][\/vc_column_inner][\/vc_row_inner][vc_empty_space alter_height=&#8221;small&#8221; hide_on_mobile=&#8221;&#8221;][\/vc_column][\/vc_row][vc_row full_width=&#8221;stretch_row&#8221; css=&#8221;.vc_custom_1743062506846{background-image: url(https:\/\/next-fertilitynordic.com\/wp-content\/uploads\/2021\/02\/page_gradient.jpg?id=1199) !important;}&#8221; el_class=&#8221;m-donor&#8221;][vc_column width=&#8221;1\/2&#8243; offset=&#8221;vc_col-lg-offset-2 vc_col-lg-8&#8243;]<div id=\"sc_title_171929362\"\n\t\tclass=\"sc_title sc_title_default  vc_custom_1726513863214\"><h3 class=\"sc_item_title sc_title_title sc_align_center sc_item_title_style_default\">Etsi sopiva luovuttaja<\/h3><h6 class=\"sc_item_subtitle sc_title_subtitle sc_align_center sc_item_title_style_default\">Sy\u00f6t\u00e4 tietosi alla olevaan lomakkeeseen, jotta ty\u00f6ntekij\u00e4mme voivat auttaa sinua l\u00f6yt\u00e4m\u00e4\u00e4n sopivan sukusolujen luovuttajan, silloin on mahdollista tehd\u00e4 ennakkovaraus jo ennen l\u00e4\u00e4k\u00e4rik\u00e4ynti\u00e4mme.<\/h6><\/div><!-- \/.sc_title -->\n<div class=\"wpcf7 no-js\" id=\"wpcf7-f17350-o1\" lang=\"fi\" dir=\"ltr\" data-wpcf7-id=\"17350\">\n<div class=\"screen-reader-response\"><p role=\"status\" aria-live=\"polite\" aria-atomic=\"true\"><\/p> <ul><\/ul><\/div>\n<form action=\"\/fi\/wp-json\/wp\/v2\/pages\/6611#wpcf7-f17350-o1\" method=\"post\" class=\"wpcf7-form init\" aria-label=\"Yhteydenottolomake\" novalidate=\"novalidate\" data-status=\"init\">\n<fieldset class=\"hidden-fields-container\"><input type=\"hidden\" name=\"_wpcf7\" value=\"17350\" \/><input type=\"hidden\" name=\"_wpcf7_version\" value=\"6.1.3\" \/><input type=\"hidden\" name=\"_wpcf7_locale\" value=\"fi\" \/><input type=\"hidden\" name=\"_wpcf7_unit_tag\" value=\"wpcf7-f17350-o1\" \/><input type=\"hidden\" name=\"_wpcf7_container_post\" value=\"0\" \/><input type=\"hidden\" name=\"_wpcf7_posted_data_hash\" value=\"\" \/><input type=\"hidden\" name=\"_wpcf7_recaptcha_response\" value=\"\" \/>\n<\/fieldset>\n<div class=\"columns_wrap\">\n\t<div class=\"column-1_1\">\n\t\t<h5 style=\"margin-top: 0\">Etsin\n\t\t<\/h5>\n\t\t<p><span class=\"wpcf7-form-control-wrap\" data-name=\"otsin\"><select class=\"wpcf7-form-control wpcf7-select dopdownBackGround\" aria-invalid=\"false\" name=\"otsin\"><option value=\"Luovutettuja munasoluja\">Luovutettuja munasoluja<\/option><option value=\"Luovutettuja siitti\u00f6it\u00e4\">Luovutettuja siitti\u00f6it\u00e4<\/option><option value=\"Alkioita\">Alkioita<\/option><\/select><\/span>\n\t\t<\/p>\n\t<\/div>\n<\/div>\n<div class=\"columns_wrap\">\n\t<div class=\"column-1_1\">\n\t\t<h5 style=\"margin-top: 0\"> Asuinmaa\n\t\t<\/h5>\n\t\t<p><span class=\"wpcf7-form-control-wrap\" data-name=\"elukoht\"><input size=\"40\" maxlength=\"400\" class=\"wpcf7-form-control wpcf7-text wpcf7-validates-as-required\" aria-required=\"true\" aria-invalid=\"false\" value=\"\" type=\"text\" name=\"elukoht\" \/><\/span>\n\t\t<\/p>\n\t<\/div>\n<\/div>\n<div class=\"columns_wrap\">\n\t<div class=\"column-1_2\">\n\t\t<h5 style=\"margin-top: 0\">Veriryhm\u00e4\n\t\t<\/h5>\n\t\t<p><span class=\"wpcf7-form-control-wrap\" data-name=\"veregrupp\"><input size=\"40\" maxlength=\"400\" class=\"wpcf7-form-control wpcf7-text\" aria-invalid=\"false\" value=\"\" type=\"text\" name=\"veregrupp\" \/><\/span>\n\t\t<\/p>\n\t<\/div>\n\t<div class=\"column-1_2\">\n\t\t<h5 style=\"margin-top: 0\">Kansallisuus\n\t\t<\/h5>\n\t\t<p><span class=\"wpcf7-form-control-wrap\" data-name=\"rahvus\"><input size=\"40\" maxlength=\"400\" class=\"wpcf7-form-control wpcf7-text\" aria-invalid=\"false\" value=\"\" type=\"text\" name=\"rahvus\" \/><\/span>\n\t\t<\/p>\n\t<\/div>\n<\/div>\n<div class=\"columns_wrap\">\n\t<div class=\"column-1_2\">\n\t\t<h5 style=\"margin-top: 0\">Pituus (cm)\n\t\t<\/h5>\n\t\t<p><span class=\"wpcf7-form-control-wrap\" data-name=\"pikkus\"><input class=\"wpcf7-form-control wpcf7-number wpcf7-validates-as-number\" aria-invalid=\"false\" value=\"\" type=\"number\" name=\"pikkus\" \/><\/span>\n\t\t<\/p>\n\t<\/div>\n\t<div class=\"column-1_2\">\n\t\t<h5 style=\"margin-top: 0\">Paino (kg)\n\t\t<\/h5>\n\t\t<p><span class=\"wpcf7-form-control-wrap\" data-name=\"kaal\"><input class=\"wpcf7-form-control wpcf7-number wpcf7-validates-as-number\" aria-invalid=\"false\" value=\"\" type=\"number\" name=\"kaal\" \/><\/span>\n\t\t<\/p>\n\t<\/div>\n<\/div>\n<div class=\"columns_wrap\">\n\t<div class=\"column-1_2\">\n\t\t<h5 style=\"margin-top: 0\">Hiusten v\u00e4ri\n\t\t<\/h5>\n\t\t<p><span class=\"wpcf7-form-control-wrap\" data-name=\"juuksevrv\"><input size=\"40\" maxlength=\"400\" class=\"wpcf7-form-control wpcf7-text\" aria-invalid=\"false\" value=\"\" type=\"text\" name=\"juuksevrv\" \/><\/span>\n\t\t<\/p>\n\t<\/div>\n\t<div class=\"column-1_2\">\n\t\t<h5 style=\"margin-top: 0\">Hiustyyppi\n\t\t<\/h5>\n\t\t<p><span class=\"wpcf7-form-control-wrap\" data-name=\"juuksetyyp\"><select class=\"wpcf7-form-control wpcf7-select dopdownBackGround\" aria-invalid=\"false\" name=\"juuksetyyp\"><option value=\"kihara\">kihara<\/option><option value=\"suora\">suora<\/option><option value=\"laineikas\">laineikas<\/option><\/select><\/span>\n\t\t<\/p>\n\t<\/div>\n<\/div>\n<div class=\"columns_wrap\">\n\t<div class=\"column-1_2\">\n\t\t<h5 style=\"margin-top: 0\">Silmien v\u00e4ri\n\t\t<\/h5>\n\t\t<p><span class=\"wpcf7-form-control-wrap\" data-name=\"silmavrv\"><input size=\"40\" maxlength=\"400\" class=\"wpcf7-form-control wpcf7-text wpcf7-validates-as-required\" aria-required=\"true\" aria-invalid=\"false\" value=\"\" type=\"text\" name=\"silmavrv\" \/><\/span>\n\t\t<\/p>\n\t<\/div>\n\t<div class=\"column-1_2\">\n\t\t<h5 style=\"margin-top: 0\">Ihon s\u00e4vy\n\t\t<\/h5>\n\t\t<p><span class=\"wpcf7-form-control-wrap\" data-name=\"nahatoon\"><input size=\"40\" maxlength=\"400\" class=\"wpcf7-form-control wpcf7-text wpcf7-validates-as-required\" aria-required=\"true\" aria-invalid=\"false\" value=\"\" type=\"text\" name=\"nahatoon\" \/><\/span>\n\t\t<\/p>\n\t<\/div>\n<\/div>\n<div class=\"columns_wrap\">\n\t<div class=\"column-1_2\">\n\t\t<h5 style=\"margin-top: 0\">S\u00e4hk\u00f6posti*\n\t\t<\/h5>\n\t\t<p><span class=\"wpcf7-form-control-wrap\" data-name=\"your-email\"><input size=\"40\" maxlength=\"400\" class=\"wpcf7-form-control wpcf7-email wpcf7-validates-as-required wpcf7-text wpcf7-validates-as-email\" aria-required=\"true\" aria-invalid=\"false\" value=\"\" type=\"email\" name=\"your-email\" \/><\/span>\n\t\t<\/p>\n\t<\/div>\n\t<div class=\"column-1_2\">\n\t\t<h5 style=\"margin-top: 0\">Ik\u00e4\n\t\t<\/h5>\n\t\t<p><span class=\"wpcf7-form-control-wrap\" data-name=\"vanus\"><input class=\"wpcf7-form-control wpcf7-number wpcf7-validates-as-number\" aria-invalid=\"false\" value=\"\" type=\"number\" name=\"vanus\" \/><\/span>\n\t\t<\/p>\n\t<\/div>\n<\/div>\n<div class=\"columns_wrap\">\n\t<div class=\"column-1_1\">\n\t\t<h5 style=\"margin-top: 0\">Lis\u00e4tiedot\n\t\t<\/h5>\n\t\t<p><span class=\"wpcf7-form-control-wrap\" data-name=\"textarea-message\"><textarea cols=\"40\" rows=\"2\" maxlength=\"2000\" class=\"wpcf7-form-control wpcf7-textarea\" aria-invalid=\"false\" name=\"textarea-message\"><\/textarea><\/span>\n\t\t<\/p>\n\t<\/div>\n<\/div>\n<div class=\"columns_wrap\">\n\t<div class=\"column-1_1\">\n\t\t<p><span class=\"wpcf7-form-control-wrap\" data-name=\"acceptance-86\"><span class=\"wpcf7-form-control wpcf7-acceptance\"><span class=\"wpcf7-list-item\"><label><input type=\"checkbox\" name=\"acceptance-86\" value=\"1\" aria-invalid=\"false\" \/><span class=\"wpcf7-list-item-label\"><a href=\"\/privaatsuspoliitika\/\" target=\"_blank\">Hyv\u00e4ksyn tietosuojak\u00e4yt\u00e4nn\u00f6n<\/a><\/span><\/label><\/span><\/span><\/span><br \/>\n<span id=\"wpcf7-69e497c8e2070-wrapper\" class=\"wpcf7-form-control-wrap honeypot-105-wrap\" style=\"display:none !important; visibility:hidden !important;\"><label for=\"wpcf7-69e497c8e2070-field\" class=\"hp-message\">Please leave this field empty.<\/label><input id=\"wpcf7-69e497c8e2070-field\"  class=\"wpcf7-form-control wpcf7-text\" type=\"text\" name=\"honeypot-105\" value=\"\" size=\"40\" tabindex=\"-1\" autocomplete=\"new-password\" \/><\/span><br \/>\n<span class=\"button_wide\"><input class=\"wpcf7-form-control wpcf7-submit has-spinner\" type=\"submit\" value=\"L\u00e4het\u00e4 viesti\" \/><\/span>\n\t\t<\/p>\n\t<\/div>\n<\/div>\n<div class=\"wpcf7-response-output\" aria-hidden=\"true\"><\/div>\n<\/form>\n<\/div>\n[vc_empty_space hide_on_mobile=&#8221;&#8221;][vc_column_text]<\/p>\n<blockquote>\n<p><em>Potilas voi tilata biopankistamme samanaikaisesti sek\u00e4 luovutettuja siitti\u00f6it\u00e4 ett\u00e4 luovutettuja munasoluja, jolloin kyseess\u00e4 on tupladonaatio.<\/em><\/p>\n<\/blockquote>\n<p>[\/vc_column_text][vc_empty_space alter_height=&#8221;medium&#8221; hide_on_mobile=&#8221;&#8221;][vc_single_image image=&#8221;13204&#8243; img_size=&#8221;full&#8221; alignment=&#8221;center&#8221; css_animation=&#8221;zoomIn&#8221;][vc_column_text]<\/p>\n<p style=\"text-align: center;\"><em><span dir=\"ltr\" role=\"presentation\"><span class=\"ui-provider a b c d e f g h i j k l m n o p q r s t u v w x y z ab ac ae af ag ah ai aj ak\" dir=\"ltr\"><span id=\"page13R_mcid14\" class=\"markedContent\">Next Fertility Nordic<\/span><span id=\"page13R_mcid15\" class=\"markedContent\"> &#8211;<\/span><span id=\"page13R_mcid16\" class=\"markedContent\">klinikka tekee yhteisty\u00f6t\u00e4 Tarton yliopistollisen sairaalan ja It\u00e4<\/span><span id=\"page13R_mcid17\" class=\"markedContent\">&#8211;<\/span><span id=\"page13R_mcid18\" class=\"markedContent\"><br role=\"presentation\" \/>Tallinnan keskussairaalan kanssa. N\u00e4ihin hoitolaitoksiin voidaan haluttaessa tilata<\/span><span id=\"page13R_mcid19\" class=\"markedContent\"><br role=\"presentation\" \/>valikoituja luovuttajasoluja.<\/span><\/span><\/span><\/em><\/p>\n<p>[\/vc_column_text][\/vc_column][\/vc_row]<\/p>\n<\/section>","protected":false},"excerpt":{"rendered":"<p>[vc_row][vc_column][vc_column_text css=&#8221;.vc_custom_1743062474571{padding-top: 20px !important;}&#8221; el_class=&#8221;p-header-desc&#8221;] Biopankissamme on laaja valikoima luovutettuja munasoluja ja luovutettuja siitti\u00f6it\u00e4. Kaikki sukusolujen luovuttajamme ovat k\u00e4yneet perusteellisessa neuvonnassa, l\u00e4\u00e4k\u00e4rintarkastuksissa ja geenitutkimuksissa. [\/vc_column_text][vc_row_inner el_class=&#8221;m-0-pr&#8221;][vc_column_inner el_class=&#8221;m-circular-image&#8221; width=&#8221;1\/2&#8243;][vc_empty_space alter_height=&#8221;medium&#8221; hide_on_mobile=&#8221;&#8221;][vc_single_image image=&#8221;13297&#8243; img_size=&#8221;400&#215;400&#8243; alignment=&#8221;center&#8221;][\/vc_column_inner][vc_column_inner width=&#8221;1\/2&#8243;][vc_empty_space alter_height=&#8221;medium_plus&#8221; hide_on_mobile=&#8221;&#8221;][vc_column_text] 2023 Kliiniset raskaudet Next Fertility pohjoismaiset luovuttajasolut [\/vc_column_text][vc_empty_space alter_height=&#8221;small&#8221; hide_on_mobile=&#8221;&#8221;][vc_progress_bar values=&#8221;%5B%7B%22label%22%3A%22Luovutettuilla%20munasoluilla%22%2C%22value%22%3A%2252%22%2C%22color%22%3A%22custom%22%2C%22customcolor%22%3A%22%23cbc4e3%22%7D%2C%7B%22label%22%3A%22Luovutettuilla%20siitti%C3%B6ill%C3%A4%22%2C%22value%22%3A%2250%22%2C%22color%22%3A%22custom%22%2C%22customcolor%22%3A%22%23cbc4e3%22%7D%5D&#8221; narrow=&#8221;&#8221; inverse=&#8221;&#8221; units=&#8221;%&#8221; el_class=&#8221;progressBarPercentBold&#8221; css=&#8221;.vc_custom_1726513351249{border-right-width: 20px !important;}&#8221;][\/vc_column_inner][\/vc_row_inner][vc_empty_space alter_height=&#8221;small&#8221; hide_on_mobile=&#8221;&#8221;][\/vc_column][\/vc_row][vc_row full_width=&#8221;stretch_row&#8221; css=&#8221;.vc_custom_1743062506846{background-image: url(https:\/\/next-fertilitynordic.com\/wp-content\/uploads\/2021\/02\/page_gradient.jpg?id=1199) !important;}&#8221;&hellip;<\/p>\n","protected":false},"author":990008,"featured_media":0,"parent":0,"menu_order":32,"comment_status":"closed","ping_status":"closed","template":"","meta":{"footnotes":""},"class_list":["post-6611","page","type-page","status-publish","hentry"],"yoast_head":"<!-- This site is optimized with the Yoast SEO plugin v27.4 - https:\/\/yoast.com\/product\/yoast-seo-wordpress\/ -->\n<title>Luovutettujen sukusolujen tilaaminen - Lapsettomuushoito - Next Fertility Nordic<\/title>\n<meta name=\"description\" content=\"Sukusolut voidaan tilata sopivalle klinikalle. Sopiva luovuttaja l\u00f6ytyy nopeasti omasta munasolu- ja spermapankistamme. Ota yhteytt\u00e4:\" \/>\n<meta name=\"robots\" content=\"index, follow, max-snippet:-1, max-image-preview:large, max-video-preview:-1\" \/>\n<link rel=\"canonical\" href=\"https:\/\/next-fertilitynordic.com\/fi\/luovutettujen-sukusolujen-tilaaminen\/\" \/>\n<meta property=\"og:locale\" content=\"fi_FI\" \/>\n<meta property=\"og:type\" content=\"article\" \/>\n<meta property=\"og:title\" content=\"Luovutettujen sukusolujen tilaaminen - Lapsettomuushoito - Next Fertility Nordic\" \/>\n<meta property=\"og:description\" content=\"Sukusolut voidaan tilata sopivalle klinikalle. Sopiva luovuttaja l\u00f6ytyy nopeasti omasta munasolu- ja spermapankistamme. Ota yhteytt\u00e4:\" \/>\n<meta property=\"og:url\" content=\"https:\/\/next-fertilitynordic.com\/fi\/luovutettujen-sukusolujen-tilaaminen\/\" \/>\n<meta property=\"og:site_name\" content=\"Next Fertility Nordic\" \/>\n<meta property=\"article:publisher\" content=\"https:\/\/www.facebook.com\/nextfertilitynordic\" \/>\n<meta property=\"article:modified_time\" content=\"2025-11-05T12:39:47+00:00\" \/>\n<meta name=\"twitter:card\" content=\"summary_large_image\" \/>\n<meta name=\"twitter:label1\" content=\"Arvioitu lukuaika\" \/>\n\t<meta name=\"twitter:data1\" content=\"2 minuuttia\" \/>\n<script type=\"application\/ld+json\" class=\"yoast-schema-graph\">{\"@context\":\"https:\\\/\\\/schema.org\",\"@graph\":[{\"@type\":\"WebPage\",\"@id\":\"https:\\\/\\\/next-fertilitynordic.com\\\/fi\\\/luovutettujen-sukusolujen-tilaaminen\\\/\",\"url\":\"https:\\\/\\\/next-fertilitynordic.com\\\/fi\\\/luovutettujen-sukusolujen-tilaaminen\\\/\",\"name\":\"Luovutettujen sukusolujen tilaaminen - Lapsettomuushoito - Next Fertility Nordic\",\"isPartOf\":{\"@id\":\"https:\\\/\\\/next-fertilitynordic.com\\\/en\\\/#website\"},\"datePublished\":\"2022-02-25T11:29:46+00:00\",\"dateModified\":\"2025-11-05T12:39:47+00:00\",\"description\":\"Sukusolut voidaan tilata sopivalle klinikalle. Sopiva luovuttaja l\u00f6ytyy nopeasti omasta munasolu- ja spermapankistamme. Ota yhteytt\u00e4:\",\"inLanguage\":\"fi\",\"potentialAction\":[{\"@type\":\"ReadAction\",\"target\":[\"https:\\\/\\\/next-fertilitynordic.com\\\/fi\\\/luovutettujen-sukusolujen-tilaaminen\\\/\"]}]},{\"@type\":\"WebSite\",\"@id\":\"https:\\\/\\\/next-fertilitynordic.com\\\/en\\\/#website\",\"url\":\"https:\\\/\\\/next-fertilitynordic.com\\\/en\\\/\",\"name\":\"Next Fertility Nordic\",\"description\":\"Abiks pere loomisel\",\"publisher\":{\"@id\":\"https:\\\/\\\/next-fertilitynordic.com\\\/en\\\/#organization\"},\"potentialAction\":[{\"@type\":\"SearchAction\",\"target\":{\"@type\":\"EntryPoint\",\"urlTemplate\":\"https:\\\/\\\/next-fertilitynordic.com\\\/en\\\/?s={search_term_string}\"},\"query-input\":{\"@type\":\"PropertyValueSpecification\",\"valueRequired\":true,\"valueName\":\"search_term_string\"}}],\"inLanguage\":\"fi\"},{\"@type\":\"Organization\",\"@id\":\"https:\\\/\\\/next-fertilitynordic.com\\\/en\\\/#organization\",\"name\":\"Next Fertility Nordic\",\"url\":\"https:\\\/\\\/next-fertilitynordic.com\\\/en\\\/\",\"logo\":{\"@type\":\"ImageObject\",\"inLanguage\":\"fi\",\"@id\":\"https:\\\/\\\/next-fertilitynordic.com\\\/en\\\/#\\\/schema\\\/logo\\\/image\\\/\",\"url\":\"https:\\\/\\\/next-fertilitynordic.com\\\/wp-content\\\/uploads\\\/2021\\\/04\\\/next-fert-posit-f-col-bg.png\",\"contentUrl\":\"https:\\\/\\\/next-fertilitynordic.com\\\/wp-content\\\/uploads\\\/2021\\\/04\\\/next-fert-posit-f-col-bg.png\",\"width\":1200,\"height\":297,\"caption\":\"Next Fertility Nordic\"},\"image\":{\"@id\":\"https:\\\/\\\/next-fertilitynordic.com\\\/en\\\/#\\\/schema\\\/logo\\\/image\\\/\"},\"sameAs\":[\"https:\\\/\\\/www.facebook.com\\\/nextfertilitynordic\",\"https:\\\/\\\/www.instagram.com\\\/nextfertilitynordic\\\/\"]}]}<\/script>\n<!-- \/ Yoast SEO plugin. -->","yoast_head_json":{"title":"Luovutettujen sukusolujen tilaaminen - Lapsettomuushoito - Next Fertility Nordic","description":"Sukusolut voidaan tilata sopivalle klinikalle. Sopiva luovuttaja l\u00f6ytyy nopeasti omasta munasolu- ja spermapankistamme. Ota yhteytt\u00e4:","robots":{"index":"index","follow":"follow","max-snippet":"max-snippet:-1","max-image-preview":"max-image-preview:large","max-video-preview":"max-video-preview:-1"},"canonical":"https:\/\/next-fertilitynordic.com\/fi\/luovutettujen-sukusolujen-tilaaminen\/","og_locale":"fi_FI","og_type":"article","og_title":"Luovutettujen sukusolujen tilaaminen - Lapsettomuushoito - Next Fertility Nordic","og_description":"Sukusolut voidaan tilata sopivalle klinikalle. Sopiva luovuttaja l\u00f6ytyy nopeasti omasta munasolu- ja spermapankistamme. Ota yhteytt\u00e4:","og_url":"https:\/\/next-fertilitynordic.com\/fi\/luovutettujen-sukusolujen-tilaaminen\/","og_site_name":"Next Fertility Nordic","article_publisher":"https:\/\/www.facebook.com\/nextfertilitynordic","article_modified_time":"2025-11-05T12:39:47+00:00","twitter_card":"summary_large_image","twitter_misc":{"Arvioitu lukuaika":"2 minuuttia"},"schema":{"@context":"https:\/\/schema.org","@graph":[{"@type":"WebPage","@id":"https:\/\/next-fertilitynordic.com\/fi\/luovutettujen-sukusolujen-tilaaminen\/","url":"https:\/\/next-fertilitynordic.com\/fi\/luovutettujen-sukusolujen-tilaaminen\/","name":"Luovutettujen sukusolujen tilaaminen - Lapsettomuushoito - Next Fertility Nordic","isPartOf":{"@id":"https:\/\/next-fertilitynordic.com\/en\/#website"},"datePublished":"2022-02-25T11:29:46+00:00","dateModified":"2025-11-05T12:39:47+00:00","description":"Sukusolut voidaan tilata sopivalle klinikalle. Sopiva luovuttaja l\u00f6ytyy nopeasti omasta munasolu- ja spermapankistamme. Ota yhteytt\u00e4:","inLanguage":"fi","potentialAction":[{"@type":"ReadAction","target":["https:\/\/next-fertilitynordic.com\/fi\/luovutettujen-sukusolujen-tilaaminen\/"]}]},{"@type":"WebSite","@id":"https:\/\/next-fertilitynordic.com\/en\/#website","url":"https:\/\/next-fertilitynordic.com\/en\/","name":"Next Fertility Nordic","description":"Abiks pere loomisel","publisher":{"@id":"https:\/\/next-fertilitynordic.com\/en\/#organization"},"potentialAction":[{"@type":"SearchAction","target":{"@type":"EntryPoint","urlTemplate":"https:\/\/next-fertilitynordic.com\/en\/?s={search_term_string}"},"query-input":{"@type":"PropertyValueSpecification","valueRequired":true,"valueName":"search_term_string"}}],"inLanguage":"fi"},{"@type":"Organization","@id":"https:\/\/next-fertilitynordic.com\/en\/#organization","name":"Next Fertility Nordic","url":"https:\/\/next-fertilitynordic.com\/en\/","logo":{"@type":"ImageObject","inLanguage":"fi","@id":"https:\/\/next-fertilitynordic.com\/en\/#\/schema\/logo\/image\/","url":"https:\/\/next-fertilitynordic.com\/wp-content\/uploads\/2021\/04\/next-fert-posit-f-col-bg.png","contentUrl":"https:\/\/next-fertilitynordic.com\/wp-content\/uploads\/2021\/04\/next-fert-posit-f-col-bg.png","width":1200,"height":297,"caption":"Next Fertility Nordic"},"image":{"@id":"https:\/\/next-fertilitynordic.com\/en\/#\/schema\/logo\/image\/"},"sameAs":["https:\/\/www.facebook.com\/nextfertilitynordic","https:\/\/www.instagram.com\/nextfertilitynordic\/"]}]}},"_links":{"self":[{"href":"https:\/\/next-fertilitynordic.com\/fi\/wp-json\/wp\/v2\/pages\/6611","targetHints":{"allow":["GET"]}}],"collection":[{"href":"https:\/\/next-fertilitynordic.com\/fi\/wp-json\/wp\/v2\/pages"}],"about":[{"href":"https:\/\/next-fertilitynordic.com\/fi\/wp-json\/wp\/v2\/types\/page"}],"author":[{"embeddable":true,"href":"https:\/\/next-fertilitynordic.com\/fi\/wp-json\/wp\/v2\/users\/990008"}],"replies":[{"embeddable":true,"href":"https:\/\/next-fertilitynordic.com\/fi\/wp-json\/wp\/v2\/comments?post=6611"}],"version-history":[{"count":21,"href":"https:\/\/next-fertilitynordic.com\/fi\/wp-json\/wp\/v2\/pages\/6611\/revisions"}],"predecessor-version":[{"id":17351,"href":"https:\/\/next-fertilitynordic.com\/fi\/wp-json\/wp\/v2\/pages\/6611\/revisions\/17351"}],"wp:attachment":[{"href":"https:\/\/next-fertilitynordic.com\/fi\/wp-json\/wp\/v2\/media?parent=6611"}],"curies":[{"name":"wp","href":"https:\/\/api.w.org\/{rel}","templated":true}]}}