{"id":6618,"date":"2022-02-25T11:29:47","date_gmt":"2022-02-25T11:29:47","guid":{"rendered":"https:\/\/next-fertilitynordic.com\/new\/varaa-aika\/"},"modified":"2025-11-28T09:21:09","modified_gmt":"2025-11-28T09:21:09","slug":"varaa-aika","status":"publish","type":"page","link":"https:\/\/next-fertilitynordic.com\/fi\/varaa-aika\/","title":{"rendered":"Varaa aika"},"content":{"rendered":"<section class=\"wpb-content-wrapper\"><p>[vc_row full_width=&#8221;stretch_row&#8221; css=&#8221;.vc_custom_1743065554037{background-image: url(https:\/\/next-fertilitynordic.com\/wp-content\/uploads\/2021\/02\/gradient.jpg?id=1164) !important;}&#8221; el_class=&#8221;m-booking&#8221;][vc_column]<div id=\"sc_title_2084772290\"\n\t\tclass=\"sc_title sc_title_default  vc_custom_1616851768723\"><h3 class=\"sc_item_title sc_title_title sc_align_center sc_item_title_style_default\">Varaa vastaanottoaika<\/h3><\/div><!-- \/.sc_title -->[vc_column_text]<big>Valitse sopiva palvelu pudotusvalikosta ja varaa aika. Jos sopivaa aikaa ei l\u00f6ydy sivustolta, soita meille numeroon <a href=\"callto:+372 607 0017\">+372 607 0017<\/a> tai kirjoita <a href=\"mailto:info@ivfnordic.com\">info@ivfnordic.com<\/a><\/big><big>Klinikkamme osoite: <strong>Veerenni 51, 4. krs,<\/strong> 10138 Tallinna.<\/big> <small><span style=\"color: #333333;\"><big><strong>Huomaathan, ett\u00e4 jos et saavu varatulle l\u00e4\u00e4k\u00e4rin vastaanotolle tai peruutat tulosi alle 24 tuntia ennen vastaanottoa, perimme maksusta.<\/strong><\/big><\/span><\/small>[\/vc_column_text][vc_row_inner][vc_column_inner css=&#8221;.vc_custom_1630437774910{margin-top: 20px !important;margin-bottom: 20px !important;}&#8221;][\/vc_column_inner][\/vc_row_inner][vc_row_inner][vc_column_inner width=&#8221;1\/2&#8243;][vc_column_text]<\/p>\n<blockquote><p><strong>Voit hakeutua sairaanhoitoon toiseen EU- tai Eta-maahan ja saada Kelasta korvausta hoitosi kustannuksista.\u00a0<\/strong><strong><a href=\"https:\/\/www.kela.fi\/sairaanhoito-kansainvalisissa-tilanteissa-hoitoon-hakeutuminen-ulkomaille\" target=\"_blank\" rel=\"noopener\">https:\/\/www.kela.fi\/sairaanhoito-kansainvalisissa-tilanteissa-hoitoon-hakeutuminen-ulkomaille\u00a0<\/a><\/strong><\/p><\/blockquote>\n<p>[\/vc_column_text][\/vc_column_inner][\/vc_row_inner][vc_raw_html css=&#8221;.vc_custom_1764321668395{padding-top: 78px !important;}&#8221;]JTNDaWZyYW1lJTIwc3JjJTNEJTIyJTIwaHR0cHMlM0ElMkYlMkZjb25uZWN0ZWRzZXJ2ZXIuZXUlMkZDb25uZWN0ZWRPbmxpbmVYJTJGZGVmYXVsdC5hc3B4JTNGa2V5JTNEazVFS29WbU0lMjZsYW5nJTNEZmklMjIlMjBzdHlsZSUzRCUyMndpZHRoJTNBJTIwMTAwJTI1JTNCJTIwbWF4LXdpZHRoJTNBJTIwMjAwMHB4JTNCJTIwaGVpZ2h0JTNBJTIwOTUwcHglM0IlMjBib3JkZXIlM0ElMjAwcHglM0IlMjIlM0UlM0MlMkZpZnJhbWUlM0UlMEElMEE=[\/vc_raw_html][\/vc_column][\/vc_row]<\/p>\n<\/section>","protected":false},"excerpt":{"rendered":"<p>[vc_row full_width=&#8221;stretch_row&#8221; css=&#8221;.vc_custom_1743065554037{background-image: url(https:\/\/next-fertilitynordic.com\/wp-content\/uploads\/2021\/02\/gradient.jpg?id=1164) !important;}&#8221; el_class=&#8221;m-booking&#8221;][vc_column][vc_column_text]Valitse sopiva palvelu pudotusvalikosta ja varaa aika. Jos sopivaa aikaa ei l\u00f6ydy sivustolta, soita meille numeroon +372 607 0017 tai kirjoita info@ivfnordic.comKlinikkamme osoite: Veerenni 51, 4. krs, 10138 Tallinna. Huomaathan, ett\u00e4 jos et saavu varatulle l\u00e4\u00e4k\u00e4rin vastaanotolle tai peruutat tulosi alle 24 tuntia ennen vastaanottoa, perimme maksusta.[\/vc_column_text][vc_row_inner][vc_column_inner css=&#8221;.vc_custom_1630437774910{margin-top: 20px !important;margin-bottom: 20px !important;}&#8221;][\/vc_column_inner][\/vc_row_inner][vc_row_inner][vc_column_inner width=&#8221;1\/2&#8243;][vc_column_text] Voit hakeutua&hellip;<\/p>\n","protected":false},"author":990008,"featured_media":0,"parent":0,"menu_order":28,"comment_status":"closed","ping_status":"closed","template":"","meta":{"footnotes":""},"class_list":["post-6618","page","type-page","status-publish","hentry"],"yoast_head":"<!-- This site is optimized with the Yoast SEO plugin v27.4 - https:\/\/yoast.com\/product\/yoast-seo-wordpress\/ -->\n<title>Varaa aika vastaanotolle \u2013 Lapsettomuushoitoklinikka - Next Fertility Nordic<\/title>\n<meta name=\"description\" content=\"Varaa aika vastaanotolle: gynekologi, hedelm\u00e4llisyystutkimus; k\u00e4til\u00f6, raskauden seuranta. Lapsettomuushoidot (IUI\/IVF\/ICSI\/FET).\" \/>\n<meta name=\"robots\" content=\"index, follow, max-snippet:-1, max-image-preview:large, max-video-preview:-1\" \/>\n<link rel=\"canonical\" href=\"https:\/\/next-fertilitynordic.com\/fi\/varaa-aika\/\" \/>\n<meta property=\"og:locale\" content=\"fi_FI\" \/>\n<meta property=\"og:type\" content=\"article\" \/>\n<meta property=\"og:title\" content=\"Varaa aika vastaanotolle \u2013 Lapsettomuushoitoklinikka - Next Fertility Nordic\" \/>\n<meta property=\"og:description\" content=\"Varaa aika vastaanotolle: gynekologi, hedelm\u00e4llisyystutkimus; k\u00e4til\u00f6, raskauden seuranta. Lapsettomuushoidot (IUI\/IVF\/ICSI\/FET).\" \/>\n<meta property=\"og:url\" content=\"https:\/\/next-fertilitynordic.com\/fi\/varaa-aika\/\" \/>\n<meta property=\"og:site_name\" content=\"Next Fertility Nordic\" \/>\n<meta property=\"article:publisher\" content=\"https:\/\/www.facebook.com\/nextfertilitynordic\" \/>\n<meta property=\"article:modified_time\" content=\"2025-11-28T09:21:09+00:00\" \/>\n<meta name=\"twitter:card\" content=\"summary_large_image\" \/>\n<meta name=\"twitter:label1\" content=\"Arvioitu lukuaika\" \/>\n\t<meta name=\"twitter:data1\" content=\"1 minuutti\" \/>\n<script type=\"application\/ld+json\" class=\"yoast-schema-graph\">{\"@context\":\"https:\\\/\\\/schema.org\",\"@graph\":[{\"@type\":\"WebPage\",\"@id\":\"https:\\\/\\\/next-fertilitynordic.com\\\/fi\\\/varaa-aika\\\/\",\"url\":\"https:\\\/\\\/next-fertilitynordic.com\\\/fi\\\/varaa-aika\\\/\",\"name\":\"Varaa aika vastaanotolle \u2013 Lapsettomuushoitoklinikka - Next Fertility Nordic\",\"isPartOf\":{\"@id\":\"https:\\\/\\\/next-fertilitynordic.com\\\/en\\\/#website\"},\"datePublished\":\"2022-02-25T11:29:47+00:00\",\"dateModified\":\"2025-11-28T09:21:09+00:00\",\"description\":\"Varaa aika vastaanotolle: gynekologi, hedelm\u00e4llisyystutkimus; k\u00e4til\u00f6, raskauden seuranta. Lapsettomuushoidot (IUI\\\/IVF\\\/ICSI\\\/FET).\",\"inLanguage\":\"fi\",\"potentialAction\":[{\"@type\":\"ReadAction\",\"target\":[\"https:\\\/\\\/next-fertilitynordic.com\\\/fi\\\/varaa-aika\\\/\"]}]},{\"@type\":\"WebSite\",\"@id\":\"https:\\\/\\\/next-fertilitynordic.com\\\/en\\\/#website\",\"url\":\"https:\\\/\\\/next-fertilitynordic.com\\\/en\\\/\",\"name\":\"Next Fertility Nordic\",\"description\":\"Abiks pere loomisel\",\"publisher\":{\"@id\":\"https:\\\/\\\/next-fertilitynordic.com\\\/en\\\/#organization\"},\"potentialAction\":[{\"@type\":\"SearchAction\",\"target\":{\"@type\":\"EntryPoint\",\"urlTemplate\":\"https:\\\/\\\/next-fertilitynordic.com\\\/en\\\/?s={search_term_string}\"},\"query-input\":{\"@type\":\"PropertyValueSpecification\",\"valueRequired\":true,\"valueName\":\"search_term_string\"}}],\"inLanguage\":\"fi\"},{\"@type\":\"Organization\",\"@id\":\"https:\\\/\\\/next-fertilitynordic.com\\\/en\\\/#organization\",\"name\":\"Next Fertility Nordic\",\"url\":\"https:\\\/\\\/next-fertilitynordic.com\\\/en\\\/\",\"logo\":{\"@type\":\"ImageObject\",\"inLanguage\":\"fi\",\"@id\":\"https:\\\/\\\/next-fertilitynordic.com\\\/en\\\/#\\\/schema\\\/logo\\\/image\\\/\",\"url\":\"https:\\\/\\\/next-fertilitynordic.com\\\/wp-content\\\/uploads\\\/2021\\\/04\\\/next-fert-posit-f-col-bg.png\",\"contentUrl\":\"https:\\\/\\\/next-fertilitynordic.com\\\/wp-content\\\/uploads\\\/2021\\\/04\\\/next-fert-posit-f-col-bg.png\",\"width\":1200,\"height\":297,\"caption\":\"Next Fertility Nordic\"},\"image\":{\"@id\":\"https:\\\/\\\/next-fertilitynordic.com\\\/en\\\/#\\\/schema\\\/logo\\\/image\\\/\"},\"sameAs\":[\"https:\\\/\\\/www.facebook.com\\\/nextfertilitynordic\",\"https:\\\/\\\/www.instagram.com\\\/nextfertilitynordic\\\/\"]}]}<\/script>\n<!-- \/ Yoast SEO plugin. -->","yoast_head_json":{"title":"Varaa aika vastaanotolle \u2013 Lapsettomuushoitoklinikka - Next Fertility Nordic","description":"Varaa aika vastaanotolle: gynekologi, hedelm\u00e4llisyystutkimus; k\u00e4til\u00f6, raskauden seuranta. Lapsettomuushoidot (IUI\/IVF\/ICSI\/FET).","robots":{"index":"index","follow":"follow","max-snippet":"max-snippet:-1","max-image-preview":"max-image-preview:large","max-video-preview":"max-video-preview:-1"},"canonical":"https:\/\/next-fertilitynordic.com\/fi\/varaa-aika\/","og_locale":"fi_FI","og_type":"article","og_title":"Varaa aika vastaanotolle \u2013 Lapsettomuushoitoklinikka - Next Fertility Nordic","og_description":"Varaa aika vastaanotolle: gynekologi, hedelm\u00e4llisyystutkimus; k\u00e4til\u00f6, raskauden seuranta. Lapsettomuushoidot (IUI\/IVF\/ICSI\/FET).","og_url":"https:\/\/next-fertilitynordic.com\/fi\/varaa-aika\/","og_site_name":"Next Fertility Nordic","article_publisher":"https:\/\/www.facebook.com\/nextfertilitynordic","article_modified_time":"2025-11-28T09:21:09+00:00","twitter_card":"summary_large_image","twitter_misc":{"Arvioitu lukuaika":"1 minuutti"},"schema":{"@context":"https:\/\/schema.org","@graph":[{"@type":"WebPage","@id":"https:\/\/next-fertilitynordic.com\/fi\/varaa-aika\/","url":"https:\/\/next-fertilitynordic.com\/fi\/varaa-aika\/","name":"Varaa aika vastaanotolle \u2013 Lapsettomuushoitoklinikka - Next Fertility Nordic","isPartOf":{"@id":"https:\/\/next-fertilitynordic.com\/en\/#website"},"datePublished":"2022-02-25T11:29:47+00:00","dateModified":"2025-11-28T09:21:09+00:00","description":"Varaa aika vastaanotolle: gynekologi, hedelm\u00e4llisyystutkimus; k\u00e4til\u00f6, raskauden seuranta. Lapsettomuushoidot (IUI\/IVF\/ICSI\/FET).","inLanguage":"fi","potentialAction":[{"@type":"ReadAction","target":["https:\/\/next-fertilitynordic.com\/fi\/varaa-aika\/"]}]},{"@type":"WebSite","@id":"https:\/\/next-fertilitynordic.com\/en\/#website","url":"https:\/\/next-fertilitynordic.com\/en\/","name":"Next Fertility Nordic","description":"Abiks pere loomisel","publisher":{"@id":"https:\/\/next-fertilitynordic.com\/en\/#organization"},"potentialAction":[{"@type":"SearchAction","target":{"@type":"EntryPoint","urlTemplate":"https:\/\/next-fertilitynordic.com\/en\/?s={search_term_string}"},"query-input":{"@type":"PropertyValueSpecification","valueRequired":true,"valueName":"search_term_string"}}],"inLanguage":"fi"},{"@type":"Organization","@id":"https:\/\/next-fertilitynordic.com\/en\/#organization","name":"Next Fertility Nordic","url":"https:\/\/next-fertilitynordic.com\/en\/","logo":{"@type":"ImageObject","inLanguage":"fi","@id":"https:\/\/next-fertilitynordic.com\/en\/#\/schema\/logo\/image\/","url":"https:\/\/next-fertilitynordic.com\/wp-content\/uploads\/2021\/04\/next-fert-posit-f-col-bg.png","contentUrl":"https:\/\/next-fertilitynordic.com\/wp-content\/uploads\/2021\/04\/next-fert-posit-f-col-bg.png","width":1200,"height":297,"caption":"Next Fertility Nordic"},"image":{"@id":"https:\/\/next-fertilitynordic.com\/en\/#\/schema\/logo\/image\/"},"sameAs":["https:\/\/www.facebook.com\/nextfertilitynordic","https:\/\/www.instagram.com\/nextfertilitynordic\/"]}]}},"_links":{"self":[{"href":"https:\/\/next-fertilitynordic.com\/fi\/wp-json\/wp\/v2\/pages\/6618","targetHints":{"allow":["GET"]}}],"collection":[{"href":"https:\/\/next-fertilitynordic.com\/fi\/wp-json\/wp\/v2\/pages"}],"about":[{"href":"https:\/\/next-fertilitynordic.com\/fi\/wp-json\/wp\/v2\/types\/page"}],"author":[{"embeddable":true,"href":"https:\/\/next-fertilitynordic.com\/fi\/wp-json\/wp\/v2\/users\/990008"}],"replies":[{"embeddable":true,"href":"https:\/\/next-fertilitynordic.com\/fi\/wp-json\/wp\/v2\/comments?post=6618"}],"version-history":[{"count":12,"href":"https:\/\/next-fertilitynordic.com\/fi\/wp-json\/wp\/v2\/pages\/6618\/revisions"}],"predecessor-version":[{"id":17554,"href":"https:\/\/next-fertilitynordic.com\/fi\/wp-json\/wp\/v2\/pages\/6618\/revisions\/17554"}],"wp:attachment":[{"href":"https:\/\/next-fertilitynordic.com\/fi\/wp-json\/wp\/v2\/media?parent=6618"}],"curies":[{"name":"wp","href":"https:\/\/api.w.org\/{rel}","templated":true}]}}