{"id":6643,"date":"2022-02-25T11:29:48","date_gmt":"2022-02-25T11:29:48","guid":{"rendered":"https:\/\/next-fertilitynordic.com\/new\/ohjeet-siemennestenaytteen-ottamiseen-kotona\/"},"modified":"2022-02-25T11:29:50","modified_gmt":"2022-02-25T11:29:50","slug":"ohjeet-siemennestenaytteen-ottamiseen-kotona","status":"publish","type":"page","link":"https:\/\/next-fertilitynordic.com\/fi\/ohjeet-siemennestenaytteen-ottamiseen-kotona\/","title":{"rendered":"Ohjeet siemennesten\u00e4ytteen ottamiseen kotona."},"content":{"rendered":"<section class=\"wpb-content-wrapper\"><p>[vc_row][vc_column]<div id=\"sc_title_575295683\"\n\t\tclass=\"sc_title sc_title_default  vc_custom_1617957021172\"><h3 class=\"sc_item_title sc_title_title sc_align_center sc_item_title_style_default\">\u201dOhjeet<\/h3><div class=\"sc_item_descr sc_title_descr sc_align_center\">Noudata ohjeita tarkasti, jos tuot sperman\u00e4ytteen itse klinikalle. Viimeisest\u00e4 siemensy\u00f6ksyst\u00e4 on t\u00e4ytynyt kulua v\u00e4hint\u00e4\u00e4n 2\u20134 p\u00e4iv\u00e4\u00e4, mutta ei kuitenkaan yli 7 p\u00e4iv\u00e4\u00e4.<\/div><\/div><!-- \/.sc_title -->[\/vc_column][\/vc_row][vc_row full_width=&#8221;stretch_row&#8221; css=&#8221;.vc_custom_1616515601450{background-image: url(https:\/\/next-fertilitynordic.com\/wp-content\/uploads\/2021\/02\/page_gradient.jpg?id=1199) !important;}&#8221;][vc_column][vc_column_text]<\/p>\n<h6><strong>Noudata alla olevia ohjeita huolellisesti:<\/strong><\/h6>\n<p>\u2022 Ensiksi tulee sopia ajankohta, jolloin n\u00e4yte tuodaan klinikalle. Ota yhteytt\u00e4 <a href=\"mailto:info@ivfnordic.com\">info@ivfnordic.com<\/a>\u00a0tai soita numeroon <a href=\"callto: +372 607 0017\">+372 607 0017<\/a> \u2022 Viimeisest\u00e4 siemensy\u00f6ksyst\u00e4 on t\u00e4ytynyt kulua v\u00e4hint\u00e4\u00e4n 2\u20134 p\u00e4iv\u00e4\u00e4, mutta ei kuitenkaan yli 7 p\u00e4iv\u00e4\u00e4\u2022 N\u00e4ytett\u00e4 varten tulee ostaa <strong>apteekista erityinen steriili n\u00e4ytepurkki<\/strong>\u00a0eli ns. virtsan\u00e4ytepurkki (v\u00e4\u00e4r\u00e4ss\u00e4 astiassa tuotua n\u00e4ytett\u00e4 ei oteta vastaan!)\u2022 N\u00e4ytteen ottamiseen ei saa k\u00e4ytt\u00e4\u00e4 kondomia, sill\u00e4 kondomin sis\u00e4lt\u00e4m\u00e4t aineet heikent\u00e4v\u00e4t siitti\u00f6iden liikkumista (kondomissa tuotua n\u00e4ytett\u00e4 ei oteta vastaan) \u2022 Purkin merkinn\u00e4t:\u00a0<span style=\"color: #993366;\"><u>etu- ja sukunimi, henkil\u00f6tunnus ja n\u00e4ytteen ottoajankohta (kellonaika)<\/u><\/span> \u2022 Virtsarakko on tyhjennett\u00e4v\u00e4 ja k\u00e4det on pest\u00e4v\u00e4 huolellisesti ennen n\u00e4ytteen ottamista. Esinahka tulee vet\u00e4\u00e4 taakse ja siitin tulee pest\u00e4 viile\u00e4ll\u00e4 vedell\u00e4 (\u00e4l\u00e4 k\u00e4yt\u00e4 saippuaa) ja siitin on kuivattava. \u2022 <strong>N\u00e4yte on tuotava klinikalle 30 minuutin kuluessa<\/strong>\u00a0n\u00e4ytteen antamisesta. Jos se ei ole mahdollista, on varattava aika n\u00e4ytteen antamiseen paikan p\u00e4\u00e4ll\u00e4 klinikalla \u2022 N\u00e4ytepurkki on pidett\u00e4v\u00e4 l\u00e4mpim\u00e4ss\u00e4 kuljetuksen aikana laittamalla se esimerkiksi povitaskuun. Vastaamme mielell\u00e4mme kaikkiin kysymyksiin numerossa <a href=\"callto:+3726070017\">+372 607 0017<\/a> tai s\u00e4hk\u00f6postitse osoitteessa <a href=\"mailto:info@ivfnordic.com\">info@ivfnordic.com<\/a>[\/vc_column_text][\/vc_column][\/vc_row]<\/p>\n<\/section>","protected":false},"excerpt":{"rendered":"<p>[vc_row][vc_column][\/vc_column][\/vc_row][vc_row full_width=&#8221;stretch_row&#8221; css=&#8221;.vc_custom_1616515601450{background-image: url(https:\/\/next-fertilitynordic.com\/wp-content\/uploads\/2021\/02\/page_gradient.jpg?id=1199) !important;}&#8221;][vc_column][vc_column_text] Noudata alla olevia ohjeita huolellisesti: \u2022 Ensiksi tulee sopia ajankohta, jolloin n\u00e4yte tuodaan klinikalle. Ota yhteytt\u00e4 info@ivfnordic.com\u00a0tai soita numeroon +372 607 0017 \u2022 Viimeisest\u00e4 siemensy\u00f6ksyst\u00e4 on t\u00e4ytynyt kulua v\u00e4hint\u00e4\u00e4n 2\u20134 p\u00e4iv\u00e4\u00e4, mutta ei kuitenkaan yli 7 p\u00e4iv\u00e4\u00e4\u2022 N\u00e4ytett\u00e4 varten tulee ostaa apteekista erityinen steriili n\u00e4ytepurkki\u00a0eli ns. virtsan\u00e4ytepurkki (v\u00e4\u00e4r\u00e4ss\u00e4 astiassa tuotua n\u00e4ytett\u00e4 ei oteta vastaan!)\u2022 N\u00e4ytteen&hellip;<\/p>\n","protected":false},"author":990008,"featured_media":6644,"parent":0,"menu_order":24,"comment_status":"closed","ping_status":"closed","template":"","meta":{"footnotes":""},"class_list":["post-6643","page","type-page","status-publish","has-post-thumbnail","hentry"],"yoast_head":"<!-- This site is optimized with the Yoast SEO plugin v27.3 - https:\/\/yoast.com\/product\/yoast-seo-wordpress\/ -->\n<title>Ohjeet siemennesten\u00e4ytteen ottamiseen kotona. - Next Fertility Nordic<\/title>\n<meta name=\"description\" content=\"Noudata ohjeita tarkasti, jos tuot sperman\u00e4ytteen itse klinikalle. Viimeisest\u00e4 siemensy\u00f6ksyst\u00e4 on t\u00e4ytynyt kulua v\u00e4hint\u00e4\u00e4n 2\u20134 p\u00e4iv\u00e4\u00e4, mutta ei kuitenkaan...\" \/>\n<meta name=\"robots\" content=\"index, follow, max-snippet:-1, max-image-preview:large, max-video-preview:-1\" \/>\n<link rel=\"canonical\" href=\"https:\/\/next-fertilitynordic.com\/fi\/ohjeet-siemennestenaytteen-ottamiseen-kotona\/\" \/>\n<meta property=\"og:locale\" content=\"fi_FI\" \/>\n<meta property=\"og:type\" content=\"article\" \/>\n<meta property=\"og:title\" content=\"Ohjeet siemennesten\u00e4ytteen ottamiseen kotona. - Next Fertility Nordic\" \/>\n<meta property=\"og:description\" content=\"Noudata ohjeita tarkasti, jos tuot sperman\u00e4ytteen itse klinikalle. Viimeisest\u00e4 siemensy\u00f6ksyst\u00e4 on t\u00e4ytynyt kulua v\u00e4hint\u00e4\u00e4n 2\u20134 p\u00e4iv\u00e4\u00e4, mutta ei kuitenkaan...\" \/>\n<meta property=\"og:url\" content=\"https:\/\/next-fertilitynordic.com\/fi\/ohjeet-siemennestenaytteen-ottamiseen-kotona\/\" \/>\n<meta property=\"og:site_name\" content=\"Next Fertility Nordic\" \/>\n<meta property=\"article:publisher\" content=\"https:\/\/www.facebook.com\/nextfertilitynordic\" \/>\n<meta property=\"article:modified_time\" content=\"2022-02-25T11:29:50+00:00\" \/>\n<meta property=\"og:image\" content=\"https:\/\/next-fertilitynordic.com\/wp-content\/uploads\/2021\/04\/spermaanaluusi-juhend.jpg\" \/>\n\t<meta property=\"og:image:width\" content=\"2025\" \/>\n\t<meta property=\"og:image:height\" content=\"975\" \/>\n\t<meta property=\"og:image:type\" content=\"image\/jpeg\" \/>\n<meta name=\"twitter:card\" content=\"summary_large_image\" \/>\n<meta name=\"twitter:label1\" content=\"Arvioitu lukuaika\" \/>\n\t<meta name=\"twitter:data1\" content=\"1 minuutti\" \/>\n<script type=\"application\/ld+json\" class=\"yoast-schema-graph\">{\"@context\":\"https:\\\/\\\/schema.org\",\"@graph\":[{\"@type\":\"WebPage\",\"@id\":\"https:\\\/\\\/next-fertilitynordic.com\\\/fi\\\/ohjeet-siemennestenaytteen-ottamiseen-kotona\\\/\",\"url\":\"https:\\\/\\\/next-fertilitynordic.com\\\/fi\\\/ohjeet-siemennestenaytteen-ottamiseen-kotona\\\/\",\"name\":\"Ohjeet siemennesten\u00e4ytteen ottamiseen kotona. - Next Fertility Nordic\",\"isPartOf\":{\"@id\":\"https:\\\/\\\/next-fertilitynordic.com\\\/en\\\/#website\"},\"primaryImageOfPage\":{\"@id\":\"https:\\\/\\\/next-fertilitynordic.com\\\/fi\\\/ohjeet-siemennestenaytteen-ottamiseen-kotona\\\/#primaryimage\"},\"image\":{\"@id\":\"https:\\\/\\\/next-fertilitynordic.com\\\/fi\\\/ohjeet-siemennestenaytteen-ottamiseen-kotona\\\/#primaryimage\"},\"thumbnailUrl\":\"https:\\\/\\\/next-fertilitynordic.com\\\/wp-content\\\/uploads\\\/2021\\\/04\\\/spermaanaluusi-juhend.jpg\",\"datePublished\":\"2022-02-25T11:29:48+00:00\",\"dateModified\":\"2022-02-25T11:29:50+00:00\",\"description\":\"Noudata ohjeita tarkasti, jos tuot sperman\u00e4ytteen itse klinikalle. Viimeisest\u00e4 siemensy\u00f6ksyst\u00e4 on t\u00e4ytynyt kulua v\u00e4hint\u00e4\u00e4n 2\u20134 p\u00e4iv\u00e4\u00e4, mutta ei kuitenkaan...\",\"inLanguage\":\"fi\",\"potentialAction\":[{\"@type\":\"ReadAction\",\"target\":[\"https:\\\/\\\/next-fertilitynordic.com\\\/fi\\\/ohjeet-siemennestenaytteen-ottamiseen-kotona\\\/\"]}]},{\"@type\":\"ImageObject\",\"inLanguage\":\"fi\",\"@id\":\"https:\\\/\\\/next-fertilitynordic.com\\\/fi\\\/ohjeet-siemennestenaytteen-ottamiseen-kotona\\\/#primaryimage\",\"url\":\"https:\\\/\\\/next-fertilitynordic.com\\\/wp-content\\\/uploads\\\/2021\\\/04\\\/spermaanaluusi-juhend.jpg\",\"contentUrl\":\"https:\\\/\\\/next-fertilitynordic.com\\\/wp-content\\\/uploads\\\/2021\\\/04\\\/spermaanaluusi-juhend.jpg\",\"width\":2025,\"height\":975},{\"@type\":\"WebSite\",\"@id\":\"https:\\\/\\\/next-fertilitynordic.com\\\/en\\\/#website\",\"url\":\"https:\\\/\\\/next-fertilitynordic.com\\\/en\\\/\",\"name\":\"Next Fertility Nordic\",\"description\":\"Abiks pere loomisel\",\"publisher\":{\"@id\":\"https:\\\/\\\/next-fertilitynordic.com\\\/en\\\/#organization\"},\"potentialAction\":[{\"@type\":\"SearchAction\",\"target\":{\"@type\":\"EntryPoint\",\"urlTemplate\":\"https:\\\/\\\/next-fertilitynordic.com\\\/en\\\/?s={search_term_string}\"},\"query-input\":{\"@type\":\"PropertyValueSpecification\",\"valueRequired\":true,\"valueName\":\"search_term_string\"}}],\"inLanguage\":\"fi\"},{\"@type\":\"Organization\",\"@id\":\"https:\\\/\\\/next-fertilitynordic.com\\\/en\\\/#organization\",\"name\":\"Next Fertility Nordic\",\"url\":\"https:\\\/\\\/next-fertilitynordic.com\\\/en\\\/\",\"logo\":{\"@type\":\"ImageObject\",\"inLanguage\":\"fi\",\"@id\":\"https:\\\/\\\/next-fertilitynordic.com\\\/en\\\/#\\\/schema\\\/logo\\\/image\\\/\",\"url\":\"https:\\\/\\\/next-fertilitynordic.com\\\/wp-content\\\/uploads\\\/2021\\\/04\\\/next-fert-posit-f-col-bg.png\",\"contentUrl\":\"https:\\\/\\\/next-fertilitynordic.com\\\/wp-content\\\/uploads\\\/2021\\\/04\\\/next-fert-posit-f-col-bg.png\",\"width\":1200,\"height\":297,\"caption\":\"Next Fertility Nordic\"},\"image\":{\"@id\":\"https:\\\/\\\/next-fertilitynordic.com\\\/en\\\/#\\\/schema\\\/logo\\\/image\\\/\"},\"sameAs\":[\"https:\\\/\\\/www.facebook.com\\\/nextfertilitynordic\",\"https:\\\/\\\/www.instagram.com\\\/nextfertilitynordic\\\/\"]}]}<\/script>\n<!-- \/ Yoast SEO plugin. -->","yoast_head_json":{"title":"Ohjeet siemennesten\u00e4ytteen ottamiseen kotona. - Next Fertility Nordic","description":"Noudata ohjeita tarkasti, jos tuot sperman\u00e4ytteen itse klinikalle. Viimeisest\u00e4 siemensy\u00f6ksyst\u00e4 on t\u00e4ytynyt kulua v\u00e4hint\u00e4\u00e4n 2\u20134 p\u00e4iv\u00e4\u00e4, mutta ei kuitenkaan...","robots":{"index":"index","follow":"follow","max-snippet":"max-snippet:-1","max-image-preview":"max-image-preview:large","max-video-preview":"max-video-preview:-1"},"canonical":"https:\/\/next-fertilitynordic.com\/fi\/ohjeet-siemennestenaytteen-ottamiseen-kotona\/","og_locale":"fi_FI","og_type":"article","og_title":"Ohjeet siemennesten\u00e4ytteen ottamiseen kotona. - Next Fertility Nordic","og_description":"Noudata ohjeita tarkasti, jos tuot sperman\u00e4ytteen itse klinikalle. Viimeisest\u00e4 siemensy\u00f6ksyst\u00e4 on t\u00e4ytynyt kulua v\u00e4hint\u00e4\u00e4n 2\u20134 p\u00e4iv\u00e4\u00e4, mutta ei kuitenkaan...","og_url":"https:\/\/next-fertilitynordic.com\/fi\/ohjeet-siemennestenaytteen-ottamiseen-kotona\/","og_site_name":"Next Fertility Nordic","article_publisher":"https:\/\/www.facebook.com\/nextfertilitynordic","article_modified_time":"2022-02-25T11:29:50+00:00","og_image":[{"width":2025,"height":975,"url":"https:\/\/next-fertilitynordic.com\/wp-content\/uploads\/2021\/04\/spermaanaluusi-juhend.jpg","type":"image\/jpeg"}],"twitter_card":"summary_large_image","twitter_misc":{"Arvioitu lukuaika":"1 minuutti"},"schema":{"@context":"https:\/\/schema.org","@graph":[{"@type":"WebPage","@id":"https:\/\/next-fertilitynordic.com\/fi\/ohjeet-siemennestenaytteen-ottamiseen-kotona\/","url":"https:\/\/next-fertilitynordic.com\/fi\/ohjeet-siemennestenaytteen-ottamiseen-kotona\/","name":"Ohjeet siemennesten\u00e4ytteen ottamiseen kotona. - Next Fertility Nordic","isPartOf":{"@id":"https:\/\/next-fertilitynordic.com\/en\/#website"},"primaryImageOfPage":{"@id":"https:\/\/next-fertilitynordic.com\/fi\/ohjeet-siemennestenaytteen-ottamiseen-kotona\/#primaryimage"},"image":{"@id":"https:\/\/next-fertilitynordic.com\/fi\/ohjeet-siemennestenaytteen-ottamiseen-kotona\/#primaryimage"},"thumbnailUrl":"https:\/\/next-fertilitynordic.com\/wp-content\/uploads\/2021\/04\/spermaanaluusi-juhend.jpg","datePublished":"2022-02-25T11:29:48+00:00","dateModified":"2022-02-25T11:29:50+00:00","description":"Noudata ohjeita tarkasti, jos tuot sperman\u00e4ytteen itse klinikalle. Viimeisest\u00e4 siemensy\u00f6ksyst\u00e4 on t\u00e4ytynyt kulua v\u00e4hint\u00e4\u00e4n 2\u20134 p\u00e4iv\u00e4\u00e4, mutta ei kuitenkaan...","inLanguage":"fi","potentialAction":[{"@type":"ReadAction","target":["https:\/\/next-fertilitynordic.com\/fi\/ohjeet-siemennestenaytteen-ottamiseen-kotona\/"]}]},{"@type":"ImageObject","inLanguage":"fi","@id":"https:\/\/next-fertilitynordic.com\/fi\/ohjeet-siemennestenaytteen-ottamiseen-kotona\/#primaryimage","url":"https:\/\/next-fertilitynordic.com\/wp-content\/uploads\/2021\/04\/spermaanaluusi-juhend.jpg","contentUrl":"https:\/\/next-fertilitynordic.com\/wp-content\/uploads\/2021\/04\/spermaanaluusi-juhend.jpg","width":2025,"height":975},{"@type":"WebSite","@id":"https:\/\/next-fertilitynordic.com\/en\/#website","url":"https:\/\/next-fertilitynordic.com\/en\/","name":"Next Fertility Nordic","description":"Abiks pere loomisel","publisher":{"@id":"https:\/\/next-fertilitynordic.com\/en\/#organization"},"potentialAction":[{"@type":"SearchAction","target":{"@type":"EntryPoint","urlTemplate":"https:\/\/next-fertilitynordic.com\/en\/?s={search_term_string}"},"query-input":{"@type":"PropertyValueSpecification","valueRequired":true,"valueName":"search_term_string"}}],"inLanguage":"fi"},{"@type":"Organization","@id":"https:\/\/next-fertilitynordic.com\/en\/#organization","name":"Next Fertility Nordic","url":"https:\/\/next-fertilitynordic.com\/en\/","logo":{"@type":"ImageObject","inLanguage":"fi","@id":"https:\/\/next-fertilitynordic.com\/en\/#\/schema\/logo\/image\/","url":"https:\/\/next-fertilitynordic.com\/wp-content\/uploads\/2021\/04\/next-fert-posit-f-col-bg.png","contentUrl":"https:\/\/next-fertilitynordic.com\/wp-content\/uploads\/2021\/04\/next-fert-posit-f-col-bg.png","width":1200,"height":297,"caption":"Next Fertility Nordic"},"image":{"@id":"https:\/\/next-fertilitynordic.com\/en\/#\/schema\/logo\/image\/"},"sameAs":["https:\/\/www.facebook.com\/nextfertilitynordic","https:\/\/www.instagram.com\/nextfertilitynordic\/"]}]}},"_links":{"self":[{"href":"https:\/\/next-fertilitynordic.com\/fi\/wp-json\/wp\/v2\/pages\/6643","targetHints":{"allow":["GET"]}}],"collection":[{"href":"https:\/\/next-fertilitynordic.com\/fi\/wp-json\/wp\/v2\/pages"}],"about":[{"href":"https:\/\/next-fertilitynordic.com\/fi\/wp-json\/wp\/v2\/types\/page"}],"author":[{"embeddable":true,"href":"https:\/\/next-fertilitynordic.com\/fi\/wp-json\/wp\/v2\/users\/990008"}],"replies":[{"embeddable":true,"href":"https:\/\/next-fertilitynordic.com\/fi\/wp-json\/wp\/v2\/comments?post=6643"}],"version-history":[{"count":1,"href":"https:\/\/next-fertilitynordic.com\/fi\/wp-json\/wp\/v2\/pages\/6643\/revisions"}],"predecessor-version":[{"id":6648,"href":"https:\/\/next-fertilitynordic.com\/fi\/wp-json\/wp\/v2\/pages\/6643\/revisions\/6648"}],"wp:featuredmedia":[{"embeddable":true,"href":"https:\/\/next-fertilitynordic.com\/fi\/wp-json\/wp\/v2\/media\/6644"}],"wp:attachment":[{"href":"https:\/\/next-fertilitynordic.com\/fi\/wp-json\/wp\/v2\/media?parent=6643"}],"curies":[{"name":"wp","href":"https:\/\/api.w.org\/{rel}","templated":true}]}}