{"id":6649,"date":"2022-02-25T11:29:48","date_gmt":"2022-02-25T11:29:48","guid":{"rendered":"https:\/\/next-fertilitynordic.com\/new\/halosperm-testi\/"},"modified":"2025-03-27T08:54:29","modified_gmt":"2025-03-27T08:54:29","slug":"halosperm-testi","status":"publish","type":"page","link":"https:\/\/next-fertilitynordic.com\/fi\/halosperm-testi\/","title":{"rendered":"HaloSperm-testi"},"content":{"rendered":"<section class=\"wpb-content-wrapper\"><p>[vc_row][vc_column]<div id=\"sc_title_1950119310\"\n\t\tclass=\"sc_title sc_title_default  vc_custom_1636624621751\"><h3 class=\"sc_item_title sc_title_title sc_align_center sc_item_title_style_default\">HaloSperm-testi<\/h3><div class=\"sc_item_descr sc_title_descr sc_align_center\">HaloSperm-testin tulokset auttavat selvitt\u00e4m\u00e4\u00e4n lapsettomuuden syit\u00e4.<\/div><\/div><!-- \/.sc_title -->[\/vc_column][\/vc_row][vc_row full_width=&#8221;stretch_row&#8221; css=&#8221;.vc_custom_1616515601450{background-image: url(https:\/\/next-fertilitynordic.com\/wp-content\/uploads\/2021\/02\/page_gradient.jpg?id=1199) !important;}&#8221;][vc_column][vc_column_text css_animation=&#8221;none&#8221;]<\/p>\n<h6><strong>Mik\u00e4 HaloSperm-testi on?<\/strong><\/h6>\n<p>HaloSperm-testi analysoi siitti\u00f6iden kromatiinidispersiota ja antaa tietoa siit\u00e4, kuinka suuri osa siitti\u00f6iden DNA:sta on fragmentoitunutta. Jos siitti\u00f6iden DNA:n fragmentoituminen on yli 25 %, se voi alentaa miehen hedelm\u00e4llisyytt\u00e4 ja vaikuttaa haitallisesti my\u00f6s alkioiden laatuun, v\u00e4hent\u00e4\u00e4 alkion istuttamisen onnistumisen todenn\u00e4k\u00f6isyytt\u00e4 sek\u00e4 aiheuttaa keskenmenon. Esimerkiksi tupakointi, kemikaaleille altistuminen, l\u00e4mp\u00f6tilan nousu, korkea painoindeksi ja korkeampi ik\u00e4 vaikuttavat haitallisesti siitti\u00f6iden DNA:n laatuun.[\/vc_column_text][vc_row_inner][vc_column_inner width=&#8221;1\/2&#8243;][vc_column_text]<\/p>\n<h6>Kenelle HaloSperm-testi\u00e4 suositellaan?<\/h6>\n<ul>\n<li>Miehille, joiden kumppaneilla on ollut keskenmenoja<\/li>\n<li>Jos lapsettomuudelle ei ole selke\u00e4\u00e4 syyt\u00e4<\/li>\n<li>Ik\u00e4 yli 40 vuotta<\/li>\n<li>Sairastettu sy\u00f6p\u00e4<\/li>\n<li>Pitk\u00e4aikainen reseptil\u00e4\u00e4kkeiden k\u00e4ytt\u00f6<\/li>\n<li>Myrkyllisille aineille altistuminen<\/li>\n<li>Aiemmat virtsateiden tai sukupuolielinten tulehdukset<\/li>\n<li>Ep\u00e4terveelliset elintavat: v\u00e4h\u00e4inen liikunta, ylipaino ja tupakointi<\/li>\n<li>Lapsettomuushoidon (IVF\/ICSI) tuloksena on saatu heikkolaatuisia alkioita<\/li>\n<\/ul>\n<p>HaloSperm-testi auttaa selvitt\u00e4m\u00e4\u00e4n lapsettomuuden syit\u00e4, ohjeistaa elintapojen muuttamiseen sek\u00e4 auttaa valitsemaan sopivan lapsettomuushoitomenetelm\u00e4n[\/vc_column_text][vc_btn title=&#8221;Lue lis\u00e4\u00e4 sperma-analyysista&#8221; style=&#8221;gradient-custom&#8221; gradient_custom_color_1=&#8221;#b86b91&#8243; gradient_custom_color_2=&#8221;#f5b49a&#8221; link=&#8221;url:https%3A%2F%2Fnext-fertilitynordic.com%2Fnew%2Fen%2Fteenused%2Fsemen-analysis%2F|&#8221; css=&#8221;.vc_custom_1636362184455{margin-top: 20px !important;}&#8221;]<div class=\"sc_item_button sc_button_wrap\"><a href=\"https:\/\/next-fertilitynordic.com\/fi\/varaa-aika\/\" id=\"sc_button_1101382177\" class=\"sc_button sc_button_default sc_button_size_normal sc_button_icon_left\"><span class=\"sc_button_text\"><span class=\"sc_button_title\">Varaa aika<\/span><\/span><!-- \/.sc_button_text --><\/a><!-- \/.sc_button --><\/div><!-- \/.sc_item_button -->[\/vc_column_inner][vc_column_inner width=&#8221;1\/2&#8243;][vc_single_image image=&#8221;7844&#8243; img_size=&#8221;full&#8221; style=&#8221;vc_box_circle_2&#8243; css_animation=&#8221;fadeIn&#8221;][\/vc_column_inner][\/vc_row_inner][\/vc_column][\/vc_row]<\/p>\n<\/section>","protected":false},"excerpt":{"rendered":"<p>[vc_row][vc_column][\/vc_column][\/vc_row][vc_row full_width=&#8221;stretch_row&#8221; css=&#8221;.vc_custom_1616515601450{background-image: url(https:\/\/next-fertilitynordic.com\/wp-content\/uploads\/2021\/02\/page_gradient.jpg?id=1199) !important;}&#8221;][vc_column][vc_column_text css_animation=&#8221;none&#8221;] Mik\u00e4 HaloSperm-testi on? HaloSperm-testi analysoi siitti\u00f6iden kromatiinidispersiota ja antaa tietoa siit\u00e4, kuinka suuri osa siitti\u00f6iden DNA:sta on fragmentoitunutta. Jos siitti\u00f6iden DNA:n fragmentoituminen on yli 25 %, se voi alentaa miehen hedelm\u00e4llisyytt\u00e4 ja vaikuttaa haitallisesti my\u00f6s alkioiden laatuun, v\u00e4hent\u00e4\u00e4 alkion istuttamisen onnistumisen todenn\u00e4k\u00f6isyytt\u00e4 sek\u00e4 aiheuttaa keskenmenon. Esimerkiksi tupakointi, kemikaaleille altistuminen, l\u00e4mp\u00f6tilan nousu, korkea painoindeksi ja&hellip;<\/p>\n","protected":false},"author":990008,"featured_media":6645,"parent":0,"menu_order":3,"comment_status":"closed","ping_status":"closed","template":"","meta":{"footnotes":""},"class_list":["post-6649","page","type-page","status-publish","has-post-thumbnail","hentry"],"yoast_head":"<!-- This site is optimized with the Yoast SEO plugin v27.3 - https:\/\/yoast.com\/product\/yoast-seo-wordpress\/ -->\n<title>HaloSperm-testi - Lapsettomuusklinikka - Next Fertility Nordic<\/title>\n<meta name=\"description\" content=\"HaloSperm-testi auttaa selvitt\u00e4m\u00e4\u00e4n lapsettomuuden syit\u00e4, ohjeistaa elintapojen muuttamiseen sek\u00e4 auttaa valitsemaan sopivan lapsettomuushoitomenetelm\u00e4n\" \/>\n<meta name=\"robots\" content=\"index, follow, max-snippet:-1, max-image-preview:large, max-video-preview:-1\" \/>\n<link rel=\"canonical\" href=\"https:\/\/next-fertilitynordic.com\/fi\/halosperm-testi\/\" \/>\n<meta property=\"og:locale\" content=\"fi_FI\" \/>\n<meta property=\"og:type\" content=\"article\" \/>\n<meta property=\"og:title\" content=\"HaloSperm-testi - Lapsettomuusklinikka - Next Fertility Nordic\" \/>\n<meta property=\"og:description\" content=\"HaloSperm-testi auttaa selvitt\u00e4m\u00e4\u00e4n lapsettomuuden syit\u00e4, ohjeistaa elintapojen muuttamiseen sek\u00e4 auttaa valitsemaan sopivan lapsettomuushoitomenetelm\u00e4n\" \/>\n<meta property=\"og:url\" content=\"https:\/\/next-fertilitynordic.com\/fi\/halosperm-testi\/\" \/>\n<meta property=\"og:site_name\" content=\"Next Fertility Nordic\" \/>\n<meta property=\"article:publisher\" content=\"https:\/\/www.facebook.com\/nextfertilitynordic\" \/>\n<meta property=\"article:modified_time\" content=\"2025-03-27T08:54:29+00:00\" \/>\n<meta property=\"og:image\" content=\"https:\/\/next-fertilitynordic.com\/wp-content\/uploads\/2021\/04\/spermaanaluusi-juhend.jpg\" \/>\n\t<meta property=\"og:image:width\" content=\"2025\" \/>\n\t<meta property=\"og:image:height\" content=\"975\" \/>\n\t<meta property=\"og:image:type\" content=\"image\/jpeg\" \/>\n<meta name=\"twitter:card\" content=\"summary_large_image\" \/>\n<meta name=\"twitter:label1\" content=\"Arvioitu lukuaika\" \/>\n\t<meta name=\"twitter:data1\" content=\"2 minuuttia\" \/>\n<script type=\"application\/ld+json\" class=\"yoast-schema-graph\">{\"@context\":\"https:\\\/\\\/schema.org\",\"@graph\":[{\"@type\":\"WebPage\",\"@id\":\"https:\\\/\\\/next-fertilitynordic.com\\\/fi\\\/halosperm-testi\\\/\",\"url\":\"https:\\\/\\\/next-fertilitynordic.com\\\/fi\\\/halosperm-testi\\\/\",\"name\":\"HaloSperm-testi - Lapsettomuusklinikka - Next Fertility Nordic\",\"isPartOf\":{\"@id\":\"https:\\\/\\\/next-fertilitynordic.com\\\/en\\\/#website\"},\"primaryImageOfPage\":{\"@id\":\"https:\\\/\\\/next-fertilitynordic.com\\\/fi\\\/halosperm-testi\\\/#primaryimage\"},\"image\":{\"@id\":\"https:\\\/\\\/next-fertilitynordic.com\\\/fi\\\/halosperm-testi\\\/#primaryimage\"},\"thumbnailUrl\":\"https:\\\/\\\/next-fertilitynordic.com\\\/wp-content\\\/uploads\\\/2021\\\/04\\\/spermaanaluusi-juhend.jpg\",\"datePublished\":\"2022-02-25T11:29:48+00:00\",\"dateModified\":\"2025-03-27T08:54:29+00:00\",\"description\":\"HaloSperm-testi auttaa selvitt\u00e4m\u00e4\u00e4n lapsettomuuden syit\u00e4, ohjeistaa elintapojen muuttamiseen sek\u00e4 auttaa valitsemaan sopivan lapsettomuushoitomenetelm\u00e4n\",\"inLanguage\":\"fi\",\"potentialAction\":[{\"@type\":\"ReadAction\",\"target\":[\"https:\\\/\\\/next-fertilitynordic.com\\\/fi\\\/halosperm-testi\\\/\"]}]},{\"@type\":\"ImageObject\",\"inLanguage\":\"fi\",\"@id\":\"https:\\\/\\\/next-fertilitynordic.com\\\/fi\\\/halosperm-testi\\\/#primaryimage\",\"url\":\"https:\\\/\\\/next-fertilitynordic.com\\\/wp-content\\\/uploads\\\/2021\\\/04\\\/spermaanaluusi-juhend.jpg\",\"contentUrl\":\"https:\\\/\\\/next-fertilitynordic.com\\\/wp-content\\\/uploads\\\/2021\\\/04\\\/spermaanaluusi-juhend.jpg\",\"width\":2025,\"height\":975},{\"@type\":\"WebSite\",\"@id\":\"https:\\\/\\\/next-fertilitynordic.com\\\/en\\\/#website\",\"url\":\"https:\\\/\\\/next-fertilitynordic.com\\\/en\\\/\",\"name\":\"Next Fertility Nordic\",\"description\":\"Abiks pere loomisel\",\"publisher\":{\"@id\":\"https:\\\/\\\/next-fertilitynordic.com\\\/en\\\/#organization\"},\"potentialAction\":[{\"@type\":\"SearchAction\",\"target\":{\"@type\":\"EntryPoint\",\"urlTemplate\":\"https:\\\/\\\/next-fertilitynordic.com\\\/en\\\/?s={search_term_string}\"},\"query-input\":{\"@type\":\"PropertyValueSpecification\",\"valueRequired\":true,\"valueName\":\"search_term_string\"}}],\"inLanguage\":\"fi\"},{\"@type\":\"Organization\",\"@id\":\"https:\\\/\\\/next-fertilitynordic.com\\\/en\\\/#organization\",\"name\":\"Next Fertility Nordic\",\"url\":\"https:\\\/\\\/next-fertilitynordic.com\\\/en\\\/\",\"logo\":{\"@type\":\"ImageObject\",\"inLanguage\":\"fi\",\"@id\":\"https:\\\/\\\/next-fertilitynordic.com\\\/en\\\/#\\\/schema\\\/logo\\\/image\\\/\",\"url\":\"https:\\\/\\\/next-fertilitynordic.com\\\/wp-content\\\/uploads\\\/2021\\\/04\\\/next-fert-posit-f-col-bg.png\",\"contentUrl\":\"https:\\\/\\\/next-fertilitynordic.com\\\/wp-content\\\/uploads\\\/2021\\\/04\\\/next-fert-posit-f-col-bg.png\",\"width\":1200,\"height\":297,\"caption\":\"Next Fertility Nordic\"},\"image\":{\"@id\":\"https:\\\/\\\/next-fertilitynordic.com\\\/en\\\/#\\\/schema\\\/logo\\\/image\\\/\"},\"sameAs\":[\"https:\\\/\\\/www.facebook.com\\\/nextfertilitynordic\",\"https:\\\/\\\/www.instagram.com\\\/nextfertilitynordic\\\/\"]}]}<\/script>\n<!-- \/ Yoast SEO plugin. -->","yoast_head_json":{"title":"HaloSperm-testi - Lapsettomuusklinikka - Next Fertility Nordic","description":"HaloSperm-testi auttaa selvitt\u00e4m\u00e4\u00e4n lapsettomuuden syit\u00e4, ohjeistaa elintapojen muuttamiseen sek\u00e4 auttaa valitsemaan sopivan lapsettomuushoitomenetelm\u00e4n","robots":{"index":"index","follow":"follow","max-snippet":"max-snippet:-1","max-image-preview":"max-image-preview:large","max-video-preview":"max-video-preview:-1"},"canonical":"https:\/\/next-fertilitynordic.com\/fi\/halosperm-testi\/","og_locale":"fi_FI","og_type":"article","og_title":"HaloSperm-testi - Lapsettomuusklinikka - Next Fertility Nordic","og_description":"HaloSperm-testi auttaa selvitt\u00e4m\u00e4\u00e4n lapsettomuuden syit\u00e4, ohjeistaa elintapojen muuttamiseen sek\u00e4 auttaa valitsemaan sopivan lapsettomuushoitomenetelm\u00e4n","og_url":"https:\/\/next-fertilitynordic.com\/fi\/halosperm-testi\/","og_site_name":"Next Fertility Nordic","article_publisher":"https:\/\/www.facebook.com\/nextfertilitynordic","article_modified_time":"2025-03-27T08:54:29+00:00","og_image":[{"width":2025,"height":975,"url":"https:\/\/next-fertilitynordic.com\/wp-content\/uploads\/2021\/04\/spermaanaluusi-juhend.jpg","type":"image\/jpeg"}],"twitter_card":"summary_large_image","twitter_misc":{"Arvioitu lukuaika":"2 minuuttia"},"schema":{"@context":"https:\/\/schema.org","@graph":[{"@type":"WebPage","@id":"https:\/\/next-fertilitynordic.com\/fi\/halosperm-testi\/","url":"https:\/\/next-fertilitynordic.com\/fi\/halosperm-testi\/","name":"HaloSperm-testi - Lapsettomuusklinikka - Next Fertility Nordic","isPartOf":{"@id":"https:\/\/next-fertilitynordic.com\/en\/#website"},"primaryImageOfPage":{"@id":"https:\/\/next-fertilitynordic.com\/fi\/halosperm-testi\/#primaryimage"},"image":{"@id":"https:\/\/next-fertilitynordic.com\/fi\/halosperm-testi\/#primaryimage"},"thumbnailUrl":"https:\/\/next-fertilitynordic.com\/wp-content\/uploads\/2021\/04\/spermaanaluusi-juhend.jpg","datePublished":"2022-02-25T11:29:48+00:00","dateModified":"2025-03-27T08:54:29+00:00","description":"HaloSperm-testi auttaa selvitt\u00e4m\u00e4\u00e4n lapsettomuuden syit\u00e4, ohjeistaa elintapojen muuttamiseen sek\u00e4 auttaa valitsemaan sopivan lapsettomuushoitomenetelm\u00e4n","inLanguage":"fi","potentialAction":[{"@type":"ReadAction","target":["https:\/\/next-fertilitynordic.com\/fi\/halosperm-testi\/"]}]},{"@type":"ImageObject","inLanguage":"fi","@id":"https:\/\/next-fertilitynordic.com\/fi\/halosperm-testi\/#primaryimage","url":"https:\/\/next-fertilitynordic.com\/wp-content\/uploads\/2021\/04\/spermaanaluusi-juhend.jpg","contentUrl":"https:\/\/next-fertilitynordic.com\/wp-content\/uploads\/2021\/04\/spermaanaluusi-juhend.jpg","width":2025,"height":975},{"@type":"WebSite","@id":"https:\/\/next-fertilitynordic.com\/en\/#website","url":"https:\/\/next-fertilitynordic.com\/en\/","name":"Next Fertility Nordic","description":"Abiks pere loomisel","publisher":{"@id":"https:\/\/next-fertilitynordic.com\/en\/#organization"},"potentialAction":[{"@type":"SearchAction","target":{"@type":"EntryPoint","urlTemplate":"https:\/\/next-fertilitynordic.com\/en\/?s={search_term_string}"},"query-input":{"@type":"PropertyValueSpecification","valueRequired":true,"valueName":"search_term_string"}}],"inLanguage":"fi"},{"@type":"Organization","@id":"https:\/\/next-fertilitynordic.com\/en\/#organization","name":"Next Fertility Nordic","url":"https:\/\/next-fertilitynordic.com\/en\/","logo":{"@type":"ImageObject","inLanguage":"fi","@id":"https:\/\/next-fertilitynordic.com\/en\/#\/schema\/logo\/image\/","url":"https:\/\/next-fertilitynordic.com\/wp-content\/uploads\/2021\/04\/next-fert-posit-f-col-bg.png","contentUrl":"https:\/\/next-fertilitynordic.com\/wp-content\/uploads\/2021\/04\/next-fert-posit-f-col-bg.png","width":1200,"height":297,"caption":"Next Fertility Nordic"},"image":{"@id":"https:\/\/next-fertilitynordic.com\/en\/#\/schema\/logo\/image\/"},"sameAs":["https:\/\/www.facebook.com\/nextfertilitynordic","https:\/\/www.instagram.com\/nextfertilitynordic\/"]}]}},"_links":{"self":[{"href":"https:\/\/next-fertilitynordic.com\/fi\/wp-json\/wp\/v2\/pages\/6649","targetHints":{"allow":["GET"]}}],"collection":[{"href":"https:\/\/next-fertilitynordic.com\/fi\/wp-json\/wp\/v2\/pages"}],"about":[{"href":"https:\/\/next-fertilitynordic.com\/fi\/wp-json\/wp\/v2\/types\/page"}],"author":[{"embeddable":true,"href":"https:\/\/next-fertilitynordic.com\/fi\/wp-json\/wp\/v2\/users\/990008"}],"replies":[{"embeddable":true,"href":"https:\/\/next-fertilitynordic.com\/fi\/wp-json\/wp\/v2\/comments?post=6649"}],"version-history":[{"count":5,"href":"https:\/\/next-fertilitynordic.com\/fi\/wp-json\/wp\/v2\/pages\/6649\/revisions"}],"predecessor-version":[{"id":15313,"href":"https:\/\/next-fertilitynordic.com\/fi\/wp-json\/wp\/v2\/pages\/6649\/revisions\/15313"}],"wp:featuredmedia":[{"embeddable":true,"href":"https:\/\/next-fertilitynordic.com\/fi\/wp-json\/wp\/v2\/media\/6645"}],"wp:attachment":[{"href":"https:\/\/next-fertilitynordic.com\/fi\/wp-json\/wp\/v2\/media?parent=6649"}],"curies":[{"name":"wp","href":"https:\/\/api.w.org\/{rel}","templated":true}]}}