{"id":6660,"date":"2022-02-25T11:30:00","date_gmt":"2022-02-25T11:30:00","guid":{"rendered":"https:\/\/next-fertilitynordic.com\/new\/palautelomake\/"},"modified":"2022-02-25T11:30:17","modified_gmt":"2022-02-25T11:30:17","slug":"palautelomake","status":"publish","type":"page","link":"https:\/\/next-fertilitynordic.com\/fi\/palautelomake\/","title":{"rendered":"Palautelomake"},"content":{"rendered":"<section class=\"wpb-content-wrapper\"><p>[vc_row][vc_column]<div id=\"sc_title_621736411\"\n\t\tclass=\"sc_title sc_title_default  vc_custom_1621328033832\"><h3 class=\"sc_item_title sc_title_title sc_align_center sc_item_title_style_default\">Palautelomake<\/h3><h6 class=\"sc_item_subtitle sc_title_subtitle sc_align_center sc_item_title_style_default\">Mielipiteesi on meille t\u00e4rke\u00e4.<\/h6><div class=\"sc_item_descr sc_title_descr sc_align_center\">Kiitos, ett\u00e4 valitsit Next Fertility Nordicin lapsettomuusklinikan. Palaute on meille eritt\u00e4in t\u00e4rke\u00e4\u00e4 toimintamme kehitt\u00e4misess\u00e4. Palaute on anonyymi\u00e4 ja vastaaminen kest\u00e4\u00e4 vain pari minuuttia.<\/div><\/div><!-- \/.sc_title -->[\/vc_column][\/vc_row][vc_row full_width=&#8221;stretch_row&#8221; el_id=&#8221;services&#8221; css=&#8221;.vc_custom_1621323828835{background-image: url(https:\/\/next-fertilitynordic.com\/wp-content\/uploads\/2021\/02\/page_gradient.jpg?id=1199) !important;}&#8221;][vc_column offset=&#8221;vc_col-lg-offset-3 vc_col-lg-6&#8243;]\n<div class=\"wpcf7 no-js\" id=\"wpcf7-f6659-o1\" lang=\"fi\" dir=\"ltr\" data-wpcf7-id=\"6659\">\n<div class=\"screen-reader-response\"><p role=\"status\" aria-live=\"polite\" aria-atomic=\"true\"><\/p> <ul><\/ul><\/div>\n<form action=\"\/fi\/wp-json\/wp\/v2\/pages\/6660#wpcf7-f6659-o1\" method=\"post\" class=\"wpcf7-form init\" aria-label=\"Yhteydenottolomake\" novalidate=\"novalidate\" data-status=\"init\">\n<fieldset class=\"hidden-fields-container\"><input type=\"hidden\" name=\"_wpcf7\" value=\"6659\" \/><input type=\"hidden\" name=\"_wpcf7_version\" value=\"6.1.3\" \/><input type=\"hidden\" name=\"_wpcf7_locale\" value=\"fi\" \/><input type=\"hidden\" name=\"_wpcf7_unit_tag\" value=\"wpcf7-f6659-o1\" \/><input type=\"hidden\" name=\"_wpcf7_container_post\" value=\"0\" \/><input type=\"hidden\" name=\"_wpcf7_posted_data_hash\" value=\"\" \/><input type=\"hidden\" name=\"_wpcf7_recaptcha_response\" value=\"\" \/>\n<\/fieldset>\n<div class=\"columns_wrap\">\n\t<div class=\"column-1_1\">\n\t\t<h5 style=\"margin-top: 0;\">1. Mist\u00e4 sait tiet\u00e4\u00e4 klinikastamme? *\n\t\t<\/h5>\n\t\t<p>[radio mist\u00e4-sait-tiet\u00e4\u00e4-klinikastamme\"Suosituksena\" \"L\u00e4\u00e4k\u00e4rilt\u00e4\" \"Google-haulla\" \"Sosiaalisesta mediasta\" \"Muu, kerro tarkemmin\"][textarea miten-sait-tiet\u00e4\u00e4-klinikastamme-muu-kerro-tarkemmin x1]\n\t\t<\/p>\n\t<\/div>\n<\/div>\n<div class=\"columns_wrap\">\n\t<div class=\"column-1_1\">\n\t\t<h5 style=\"margin-top: 0;\">2. Miten ensik\u00e4ynti tapahtui? *\n\t\t<\/h5>\n\t\t<p><span class=\"wpcf7-form-control-wrap\" data-name=\"miten-ensikaynti-tapahtui\"><span class=\"wpcf7-form-control wpcf7-radio\"><span class=\"wpcf7-list-item first\"><input type=\"radio\" name=\"miten-ensikaynti-tapahtui\" value=\"Paikan p\u00e4\u00e4ll\u00e4 klinikalla\" \/><span class=\"wpcf7-list-item-label\">Paikan p\u00e4\u00e4ll\u00e4 klinikalla<\/span><\/span><span class=\"wpcf7-list-item\"><input type=\"radio\" name=\"miten-ensikaynti-tapahtui\" value=\"Verkossa (Skype-Zoom)\" \/><span class=\"wpcf7-list-item-label\">Verkossa (Skype-Zoom)<\/span><\/span><span class=\"wpcf7-list-item last\"><input type=\"radio\" name=\"miten-ensikaynti-tapahtui\" value=\"Puhelimitse\" \/><span class=\"wpcf7-list-item-label\">Puhelimitse<\/span><\/span><\/span><\/span>\n\t\t<\/p>\n\t<\/div>\n<\/div>\n<div class=\"columns_wrap\">\n\t<div class=\"column-1_1\">\n\t\t<h5 style=\"margin-top: 0;\">3. Arvioi sit\u00e4, miten tyytyv\u00e4inen olit ensik\u00e4yntiisi? *\n\t\t<\/h5>\n\t\t<p>[radio arvioi-sita-miten-tyytyv\u00e4inen-olit-ensikayntiisi\"Erinomainen\" \"Hyv\u00e4\" \"Ei kovin hyv\u00e4\" \"Petyin \/ en ole lainkaan tyytyv\u00e4inen\"]\n\t\t<\/p>\n\t<\/div>\n<\/div>\n<div class=\"columns_wrap\">\n\t<div class=\"column-1_1\">\n\t\t<h5 style=\"margin-top: 0;\">4. Saitko l\u00e4\u00e4k\u00e4rilt\u00e4 (hoitohenkil\u00f6kunnalta) riitt\u00e4v\u00e4n selke\u00e4\u00e4 ja ymm\u00e4rrett\u00e4v\u00e4\u00e4 tietoa? *\n\t\t<\/h5>\n\t\t<p>[radio Saitko-l\u00e4\u00e4k\u00e4rilt\u00e4-hoitohenkil\u00f6kunnalta-riitt\u00e4v\u00e4n-selke\u00e4\u00e4-ja-ymm\u00e4rrett\u00e4v\u00e4\u00e4-tietoa\"Kaikki oli hyvin selk\u00e4\u00e4 ja ymm\u00e4rrett\u00e4v\u00e4\u00e4\" \"Suurin osa oli ymm\u00e4rrett\u00e4v\u00e4\u00e4\" \"Vain osa selvityksist\u00e4 oli ymm\u00e4rrett\u00e4vi\u00e4\" \"En ymm\u00e4rt\u00e4nyt selvityksi\u00e4 ja ne olivat ep\u00e4selvi\u00e4\"]\n\t\t<\/p>\n\t<\/div>\n<\/div>\n<div class=\"columns_wrap\">\n\t<div class=\"column-1_1\">\n\t\t<h5 style=\"margin-top: 0;\">5. Kuinka hyvin ymm\u00e4rsit alustavan hoitosuunnitelmasi? *\n\t\t<\/h5>\n\t\t<p><span class=\"wpcf7-form-control-wrap\" data-name=\"Kuinka-hyvin-ymmarsit-alustavan-hoitosuunnitelmasi\"><span class=\"wpcf7-form-control wpcf7-radio\"><span class=\"wpcf7-list-item first\"><input type=\"radio\" name=\"Kuinka-hyvin-ymmarsit-alustavan-hoitosuunnitelmasi\" value=\"Hoitosuunnitelma oli ymm\u00e4rrett\u00e4v\u00e4 ja olen valmis aloittamaan hoidon\" \/><span class=\"wpcf7-list-item-label\">Hoitosuunnitelma oli ymm\u00e4rrett\u00e4v\u00e4 ja olen valmis aloittamaan hoidon<\/span><\/span><span class=\"wpcf7-list-item\"><input type=\"radio\" name=\"Kuinka-hyvin-ymmarsit-alustavan-hoitosuunnitelmasi\" value=\"Hoitosuunnitelma oli ymm\u00e4rrett\u00e4v\u00e4, mutta tarvitsen enemm\u00e4n aikaa ja tietoa ennen kuin p\u00e4\u00e4t\u00e4n aloittaa hoidon\" \/><span class=\"wpcf7-list-item-label\">Hoitosuunnitelma oli ymm\u00e4rrett\u00e4v\u00e4, mutta tarvitsen enemm\u00e4n aikaa ja tietoa ennen kuin p\u00e4\u00e4t\u00e4n aloittaa hoidon<\/span><\/span><span class=\"wpcf7-list-item last\"><input type=\"radio\" name=\"Kuinka-hyvin-ymmarsit-alustavan-hoitosuunnitelmasi\" value=\"En ymm\u00e4rt\u00e4nyt hoitosuunnitelmaa ja suunnittelen pyyt\u00e4v\u00e4ni mielipiteen toiselta l\u00e4\u00e4k\u00e4rilt\u00e4\" \/><span class=\"wpcf7-list-item-label\">En ymm\u00e4rt\u00e4nyt hoitosuunnitelmaa ja suunnittelen pyyt\u00e4v\u00e4ni mielipiteen toiselta l\u00e4\u00e4k\u00e4rilt\u00e4<\/span><\/span><\/span><\/span>\n\t\t<\/p>\n\t<\/div>\n<\/div>\n<div class=\"columns_wrap\">\n\t<div class=\"column-1_1\">\n\t\t<h5 style=\"margin-top: 0;\">6. Haluatko mainita viel\u00e4 jotain? *\n\t\t<\/h5>\n\t\t<p><span class=\"wpcf7-form-control-wrap\" data-name=\"kommentit\"><input size=\"40\" maxlength=\"400\" class=\"wpcf7-form-control wpcf7-text\" aria-invalid=\"false\" value=\"\" type=\"text\" name=\"kommentit\" \/><\/span>\n\t\t<\/p>\n\t<\/div>\n<\/div>\n<div class=\"columns_wrap\">\n\t<div class=\"column-1_1\">\n\t\t<p><span class=\"wpcf7-form-control-wrap\" data-name=\"your-acceptance\"><span class=\"wpcf7-form-control wpcf7-acceptance\"><span class=\"wpcf7-list-item\"><label><input type=\"checkbox\" name=\"your-acceptance\" value=\"1\" aria-invalid=\"false\" \/><span class=\"wpcf7-list-item-label\"><a href=\"https:\/\/next-fertilitynordic.com\/fi\/tietosuojakaytanto\/\" target=\"_blank\">Hyv\u00e4ksyn tietosuojak\u00e4yt\u00e4nn\u00f6n*<\/a><\/span><\/label><\/span><\/span><\/span><span class=\"button_wide\"><input class=\"wpcf7-form-control wpcf7-submit has-spinner\" type=\"submit\" value=\"L\u00c4HET\u00c4 PALAUTE\" \/><\/span>\n\t\t<\/p>\n\t<\/div>\n<\/div><div class=\"wpcf7-response-output\" aria-hidden=\"true\"><\/div>\n<\/form>\n<\/div>\n[\/vc_column][\/vc_row]<\/p>\n<\/section>","protected":false},"excerpt":{"rendered":"<p>[vc_row][vc_column][\/vc_column][\/vc_row][vc_row full_width=&#8221;stretch_row&#8221; el_id=&#8221;services&#8221; css=&#8221;.vc_custom_1621323828835{background-image: url(https:\/\/next-fertilitynordic.com\/wp-content\/uploads\/2021\/02\/page_gradient.jpg?id=1199) !important;}&#8221;][vc_column offset=&#8221;vc_col-lg-offset-3 vc_col-lg-6&#8243;][\/vc_column][\/vc_row]<\/p>\n","protected":false},"author":990008,"featured_media":0,"parent":0,"menu_order":2,"comment_status":"closed","ping_status":"closed","template":"","meta":{"footnotes":""},"class_list":["post-6660","page","type-page","status-publish","hentry"],"yoast_head":"<!-- This site is optimized with the Yoast SEO plugin v27.5 - https:\/\/yoast.com\/product\/yoast-seo-wordpress\/ -->\n<title>Palautelomake - Lapsettomuusklinikka - Next Fertility Nordic<\/title>\n<meta name=\"robots\" content=\"index, follow, max-snippet:-1, max-image-preview:large, max-video-preview:-1\" \/>\n<link rel=\"canonical\" href=\"https:\/\/next-fertilitynordic.com\/fi\/palautelomake\/\" \/>\n<meta property=\"og:locale\" content=\"fi_FI\" \/>\n<meta property=\"og:type\" content=\"article\" \/>\n<meta property=\"og:title\" content=\"Palautelomake - Lapsettomuusklinikka - Next Fertility Nordic\" \/>\n<meta property=\"og:description\" content=\"[vc_row][vc_column][\/vc_column][\/vc_row][vc_row full_width=&#8221;stretch_row&#8221; el_id=&#8221;services&#8221; css=&#8221;.vc_custom_1621323828835{background-image: url(https:\/\/next-fertilitynordic.com\/wp-content\/uploads\/2021\/02\/page_gradient.jpg?id=1199) !important;}&#8221;][vc_column offset=&#8221;vc_col-lg-offset-3 vc_col-lg-6&#8243;][\/vc_column][\/vc_row]\" \/>\n<meta property=\"og:url\" content=\"https:\/\/next-fertilitynordic.com\/fi\/palautelomake\/\" \/>\n<meta property=\"og:site_name\" content=\"Next Fertility Nordic\" \/>\n<meta property=\"article:publisher\" content=\"https:\/\/www.facebook.com\/nextfertilitynordic\" \/>\n<meta property=\"article:modified_time\" content=\"2022-02-25T11:30:17+00:00\" \/>\n<meta name=\"twitter:card\" content=\"summary_large_image\" \/>\n<meta name=\"twitter:label1\" content=\"Arvioitu lukuaika\" \/>\n\t<meta name=\"twitter:data1\" content=\"1 minuutti\" \/>\n<script type=\"application\/ld+json\" class=\"yoast-schema-graph\">{\"@context\":\"https:\\\/\\\/schema.org\",\"@graph\":[{\"@type\":\"WebPage\",\"@id\":\"https:\\\/\\\/next-fertilitynordic.com\\\/fi\\\/palautelomake\\\/\",\"url\":\"https:\\\/\\\/next-fertilitynordic.com\\\/fi\\\/palautelomake\\\/\",\"name\":\"Palautelomake - Lapsettomuusklinikka - Next Fertility Nordic\",\"isPartOf\":{\"@id\":\"https:\\\/\\\/next-fertilitynordic.com\\\/en\\\/#website\"},\"datePublished\":\"2022-02-25T11:30:00+00:00\",\"dateModified\":\"2022-02-25T11:30:17+00:00\",\"inLanguage\":\"fi\",\"potentialAction\":[{\"@type\":\"ReadAction\",\"target\":[\"https:\\\/\\\/next-fertilitynordic.com\\\/fi\\\/palautelomake\\\/\"]}]},{\"@type\":\"WebSite\",\"@id\":\"https:\\\/\\\/next-fertilitynordic.com\\\/en\\\/#website\",\"url\":\"https:\\\/\\\/next-fertilitynordic.com\\\/en\\\/\",\"name\":\"Next Fertility Nordic\",\"description\":\"Abiks pere loomisel\",\"publisher\":{\"@id\":\"https:\\\/\\\/next-fertilitynordic.com\\\/en\\\/#organization\"},\"potentialAction\":[{\"@type\":\"SearchAction\",\"target\":{\"@type\":\"EntryPoint\",\"urlTemplate\":\"https:\\\/\\\/next-fertilitynordic.com\\\/en\\\/?s={search_term_string}\"},\"query-input\":{\"@type\":\"PropertyValueSpecification\",\"valueRequired\":true,\"valueName\":\"search_term_string\"}}],\"inLanguage\":\"fi\"},{\"@type\":\"Organization\",\"@id\":\"https:\\\/\\\/next-fertilitynordic.com\\\/en\\\/#organization\",\"name\":\"Next Fertility Nordic\",\"url\":\"https:\\\/\\\/next-fertilitynordic.com\\\/en\\\/\",\"logo\":{\"@type\":\"ImageObject\",\"inLanguage\":\"fi\",\"@id\":\"https:\\\/\\\/next-fertilitynordic.com\\\/en\\\/#\\\/schema\\\/logo\\\/image\\\/\",\"url\":\"https:\\\/\\\/next-fertilitynordic.com\\\/wp-content\\\/uploads\\\/2021\\\/04\\\/next-fert-posit-f-col-bg.png\",\"contentUrl\":\"https:\\\/\\\/next-fertilitynordic.com\\\/wp-content\\\/uploads\\\/2021\\\/04\\\/next-fert-posit-f-col-bg.png\",\"width\":1200,\"height\":297,\"caption\":\"Next Fertility Nordic\"},\"image\":{\"@id\":\"https:\\\/\\\/next-fertilitynordic.com\\\/en\\\/#\\\/schema\\\/logo\\\/image\\\/\"},\"sameAs\":[\"https:\\\/\\\/www.facebook.com\\\/nextfertilitynordic\",\"https:\\\/\\\/www.instagram.com\\\/nextfertilitynordic\\\/\"]}]}<\/script>\n<!-- \/ Yoast SEO plugin. -->","yoast_head_json":{"title":"Palautelomake - Lapsettomuusklinikka - Next Fertility Nordic","robots":{"index":"index","follow":"follow","max-snippet":"max-snippet:-1","max-image-preview":"max-image-preview:large","max-video-preview":"max-video-preview:-1"},"canonical":"https:\/\/next-fertilitynordic.com\/fi\/palautelomake\/","og_locale":"fi_FI","og_type":"article","og_title":"Palautelomake - Lapsettomuusklinikka - Next Fertility Nordic","og_description":"[vc_row][vc_column][\/vc_column][\/vc_row][vc_row full_width=&#8221;stretch_row&#8221; el_id=&#8221;services&#8221; css=&#8221;.vc_custom_1621323828835{background-image: url(https:\/\/next-fertilitynordic.com\/wp-content\/uploads\/2021\/02\/page_gradient.jpg?id=1199) !important;}&#8221;][vc_column offset=&#8221;vc_col-lg-offset-3 vc_col-lg-6&#8243;][\/vc_column][\/vc_row]","og_url":"https:\/\/next-fertilitynordic.com\/fi\/palautelomake\/","og_site_name":"Next Fertility Nordic","article_publisher":"https:\/\/www.facebook.com\/nextfertilitynordic","article_modified_time":"2022-02-25T11:30:17+00:00","twitter_card":"summary_large_image","twitter_misc":{"Arvioitu lukuaika":"1 minuutti"},"schema":{"@context":"https:\/\/schema.org","@graph":[{"@type":"WebPage","@id":"https:\/\/next-fertilitynordic.com\/fi\/palautelomake\/","url":"https:\/\/next-fertilitynordic.com\/fi\/palautelomake\/","name":"Palautelomake - Lapsettomuusklinikka - Next Fertility Nordic","isPartOf":{"@id":"https:\/\/next-fertilitynordic.com\/en\/#website"},"datePublished":"2022-02-25T11:30:00+00:00","dateModified":"2022-02-25T11:30:17+00:00","inLanguage":"fi","potentialAction":[{"@type":"ReadAction","target":["https:\/\/next-fertilitynordic.com\/fi\/palautelomake\/"]}]},{"@type":"WebSite","@id":"https:\/\/next-fertilitynordic.com\/en\/#website","url":"https:\/\/next-fertilitynordic.com\/en\/","name":"Next Fertility Nordic","description":"Abiks pere loomisel","publisher":{"@id":"https:\/\/next-fertilitynordic.com\/en\/#organization"},"potentialAction":[{"@type":"SearchAction","target":{"@type":"EntryPoint","urlTemplate":"https:\/\/next-fertilitynordic.com\/en\/?s={search_term_string}"},"query-input":{"@type":"PropertyValueSpecification","valueRequired":true,"valueName":"search_term_string"}}],"inLanguage":"fi"},{"@type":"Organization","@id":"https:\/\/next-fertilitynordic.com\/en\/#organization","name":"Next Fertility Nordic","url":"https:\/\/next-fertilitynordic.com\/en\/","logo":{"@type":"ImageObject","inLanguage":"fi","@id":"https:\/\/next-fertilitynordic.com\/en\/#\/schema\/logo\/image\/","url":"https:\/\/next-fertilitynordic.com\/wp-content\/uploads\/2021\/04\/next-fert-posit-f-col-bg.png","contentUrl":"https:\/\/next-fertilitynordic.com\/wp-content\/uploads\/2021\/04\/next-fert-posit-f-col-bg.png","width":1200,"height":297,"caption":"Next Fertility Nordic"},"image":{"@id":"https:\/\/next-fertilitynordic.com\/en\/#\/schema\/logo\/image\/"},"sameAs":["https:\/\/www.facebook.com\/nextfertilitynordic","https:\/\/www.instagram.com\/nextfertilitynordic\/"]}]}},"_links":{"self":[{"href":"https:\/\/next-fertilitynordic.com\/fi\/wp-json\/wp\/v2\/pages\/6660","targetHints":{"allow":["GET"]}}],"collection":[{"href":"https:\/\/next-fertilitynordic.com\/fi\/wp-json\/wp\/v2\/pages"}],"about":[{"href":"https:\/\/next-fertilitynordic.com\/fi\/wp-json\/wp\/v2\/types\/page"}],"author":[{"embeddable":true,"href":"https:\/\/next-fertilitynordic.com\/fi\/wp-json\/wp\/v2\/users\/990008"}],"replies":[{"embeddable":true,"href":"https:\/\/next-fertilitynordic.com\/fi\/wp-json\/wp\/v2\/comments?post=6660"}],"version-history":[{"count":10,"href":"https:\/\/next-fertilitynordic.com\/fi\/wp-json\/wp\/v2\/pages\/6660\/revisions"}],"predecessor-version":[{"id":6794,"href":"https:\/\/next-fertilitynordic.com\/fi\/wp-json\/wp\/v2\/pages\/6660\/revisions\/6794"}],"wp:attachment":[{"href":"https:\/\/next-fertilitynordic.com\/fi\/wp-json\/wp\/v2\/media?parent=6660"}],"curies":[{"name":"wp","href":"https:\/\/api.w.org\/{rel}","templated":true}]}}