{"id":6664,"date":"2022-02-25T11:30:01","date_gmt":"2022-02-25T11:30:01","guid":{"rendered":"https:\/\/next-fertilitynordic.com\/new\/potilaan-palautelomake-2\/"},"modified":"2022-02-25T11:30:17","modified_gmt":"2022-02-25T11:30:17","slug":"potilaan-palautelomake-2","status":"publish","type":"page","link":"https:\/\/next-fertilitynordic.com\/fi\/potilaan-palautelomake-2\/","title":{"rendered":"Potilaan palautelomake"},"content":{"rendered":"<section class=\"wpb-content-wrapper\"><p>[vc_row][vc_column]<div id=\"sc_title_2068500209\"\n\t\tclass=\"sc_title sc_title_default  vc_custom_1622027678765\"><h3 class=\"sc_item_title sc_title_title sc_align_center sc_item_title_style_default\">Potilaan palautelomake<\/h3><h6 class=\"sc_item_subtitle sc_title_subtitle sc_align_center sc_item_title_style_default\">Kiitos, ett\u00e4 valitsit Next Fertility Nordic -klinikan<\/h6><div class=\"sc_item_descr sc_title_descr sc_align_center\">Palaute on meille eritt\u00e4in t\u00e4rke\u00e4\u00e4 toimintamme kehitt\u00e4misess\u00e4. Palaute on anonyymi\u00e4 ja vastaaminen kest\u00e4\u00e4 vain pari minuuttia.<\/div><\/div><!-- \/.sc_title -->[\/vc_column][\/vc_row][vc_row full_width=&#8221;stretch_row&#8221; el_id=&#8221;services&#8221; css=&#8221;.vc_custom_1621326659792{background-image: url(https:\/\/next-fertilitynordic.com\/wp-content\/uploads\/2021\/02\/page_gradient.jpg?id=1199) !important;}&#8221;][vc_column offset=&#8221;vc_col-lg-offset-3 vc_col-lg-6&#8243;]\n<div class=\"wpcf7 no-js\" id=\"wpcf7-f6663-o1\" lang=\"fi\" dir=\"ltr\" data-wpcf7-id=\"6663\">\n<div class=\"screen-reader-response\"><p role=\"status\" aria-live=\"polite\" aria-atomic=\"true\"><\/p> <ul><\/ul><\/div>\n<form action=\"\/fi\/wp-json\/wp\/v2\/pages\/6664#wpcf7-f6663-o1\" method=\"post\" class=\"wpcf7-form init\" aria-label=\"Yhteydenottolomake\" novalidate=\"novalidate\" data-status=\"init\">\n<fieldset class=\"hidden-fields-container\"><input type=\"hidden\" name=\"_wpcf7\" value=\"6663\" \/><input type=\"hidden\" name=\"_wpcf7_version\" value=\"6.1.3\" \/><input type=\"hidden\" name=\"_wpcf7_locale\" value=\"fi\" \/><input type=\"hidden\" name=\"_wpcf7_unit_tag\" value=\"wpcf7-f6663-o1\" \/><input type=\"hidden\" name=\"_wpcf7_container_post\" value=\"0\" \/><input type=\"hidden\" name=\"_wpcf7_posted_data_hash\" value=\"\" \/><input type=\"hidden\" name=\"_wpcf7_recaptcha_response\" value=\"\" \/>\n<\/fieldset>\n<div class=\"columns_wrap\">\n\t<div class=\"column-1_1\">\n\t\t<h5 style=\"margin-top: 0;\">1. Kuinka tyytyv\u00e4inen olet klinikkaan (turvallisuus, mukavuus, yksityisyys, sijainti, tilat ja puhtaus)? *\n\t\t<\/h5>\n\t\t<p><span class=\"wpcf7-form-control-wrap\" data-name=\"Kuinka-tyytyvainen-olet-klinikkaan-turvallisuus-mukavuus-\"><span class=\"wpcf7-form-control wpcf7-radio\"><span class=\"wpcf7-list-item first\"><input type=\"radio\" name=\"Kuinka-tyytyvainen-olet-klinikkaan-turvallisuus-mukavuus-\" value=\"Eritt\u00e4in tyytyv\u00e4inen\" \/><span class=\"wpcf7-list-item-label\">Eritt\u00e4in tyytyv\u00e4inen<\/span><\/span><span class=\"wpcf7-list-item\"><input type=\"radio\" name=\"Kuinka-tyytyvainen-olet-klinikkaan-turvallisuus-mukavuus-\" value=\"Tyytyv\u00e4inen\" \/><span class=\"wpcf7-list-item-label\">Tyytyv\u00e4inen<\/span><\/span><span class=\"wpcf7-list-item\"><input type=\"radio\" name=\"Kuinka-tyytyvainen-olet-klinikkaan-turvallisuus-mukavuus-\" value=\"Ei kovin hyv\u00e4\" \/><span class=\"wpcf7-list-item-label\">Ei kovin hyv\u00e4<\/span><\/span><span class=\"wpcf7-list-item last\"><input type=\"radio\" name=\"Kuinka-tyytyvainen-olet-klinikkaan-turvallisuus-mukavuus-\" value=\"En lainkaan tyytyv\u00e4inen\" \/><span class=\"wpcf7-list-item-label\">En lainkaan tyytyv\u00e4inen<\/span><\/span><\/span><\/span>\n\t\t<\/p>\n\t<\/div>\n<\/div>\n<div class=\"columns_wrap\">\n\t<div class=\"column-1_1\">\n\t\t<h5 style=\"margin-top: 0;\">2. Miten arvioit kanssak\u00e4ymist\u00e4 henkil\u00f6st\u00f6mme kanssa? Ole hyv\u00e4 ja arvioi jokainen kohta.*\n\t\t<\/h5>\n\t\t<h6 style=\"margin-top: 0;margin-bottom:10px;\">Vastaanoton henkil\u00f6st\u00f6\n\t\t<\/h6>\n\t\t<p><span class=\"wpcf7-form-control-wrap\" data-name=\"vastaanoton-henkilosto\"><span class=\"wpcf7-form-control wpcf7-radio\"><span class=\"wpcf7-list-item first\"><input type=\"radio\" name=\"vastaanoton-henkilosto\" value=\"Erinomainen\" \/><span class=\"wpcf7-list-item-label\">Erinomainen<\/span><\/span><span class=\"wpcf7-list-item\"><input type=\"radio\" name=\"vastaanoton-henkilosto\" value=\"Hyv\u00e4\" \/><span class=\"wpcf7-list-item-label\">Hyv\u00e4<\/span><\/span><span class=\"wpcf7-list-item\"><input type=\"radio\" name=\"vastaanoton-henkilosto\" value=\"Tyydytt\u00e4v\u00e4\" \/><span class=\"wpcf7-list-item-label\">Tyydytt\u00e4v\u00e4<\/span><\/span><span class=\"wpcf7-list-item last\"><input type=\"radio\" name=\"vastaanoton-henkilosto\" value=\"Huono\/Pettynyt\" \/><span class=\"wpcf7-list-item-label\">Huono\/Pettynyt<\/span><\/span><\/span><\/span>\n\t\t<\/p>\n\t\t<h6 style=\"margin-top: 0;margin-bottom:10px;\">Koordinaattori\n\t\t<\/h6>\n\t\t<p><span class=\"wpcf7-form-control-wrap\" data-name=\"koordinaattori\"><span class=\"wpcf7-form-control wpcf7-radio\"><span class=\"wpcf7-list-item first\"><input type=\"radio\" name=\"koordinaattori\" value=\"Erinomainen\" \/><span class=\"wpcf7-list-item-label\">Erinomainen<\/span><\/span><span class=\"wpcf7-list-item\"><input type=\"radio\" name=\"koordinaattori\" value=\"Hyv\u00e4\" \/><span class=\"wpcf7-list-item-label\">Hyv\u00e4<\/span><\/span><span class=\"wpcf7-list-item\"><input type=\"radio\" name=\"koordinaattori\" value=\"Tyydytt\u00e4v\u00e4\" \/><span class=\"wpcf7-list-item-label\">Tyydytt\u00e4v\u00e4<\/span><\/span><span class=\"wpcf7-list-item last\"><input type=\"radio\" name=\"koordinaattori\" value=\"Huono\/Pettynyt\" \/><span class=\"wpcf7-list-item-label\">Huono\/Pettynyt<\/span><\/span><\/span><\/span>\n\t\t<\/p>\n\t\t<h6 style=\"margin-top: 0;margin-bottom:10px;\">L\u00e4\u00e4k\u00e4rit\n\t\t<\/h6>\n\t\t<p><span class=\"wpcf7-form-control-wrap\" data-name=\"laakarit\"><span class=\"wpcf7-form-control wpcf7-radio\"><span class=\"wpcf7-list-item first\"><input type=\"radio\" name=\"laakarit\" value=\"Erinomainen\" \/><span class=\"wpcf7-list-item-label\">Erinomainen<\/span><\/span><span class=\"wpcf7-list-item\"><input type=\"radio\" name=\"laakarit\" value=\"Hyv\u00e4\" \/><span class=\"wpcf7-list-item-label\">Hyv\u00e4<\/span><\/span><span class=\"wpcf7-list-item\"><input type=\"radio\" name=\"laakarit\" value=\"Tyydytt\u00e4v\u00e4\" \/><span class=\"wpcf7-list-item-label\">Tyydytt\u00e4v\u00e4<\/span><\/span><span class=\"wpcf7-list-item last\"><input type=\"radio\" name=\"laakarit\" value=\"Huono\/Pettynyt\" \/><span class=\"wpcf7-list-item-label\">Huono\/Pettynyt<\/span><\/span><\/span><\/span>\n\t\t<\/p>\n\t\t<h6 style=\"margin-top: 0;margin-bottom:10px;\">Sairaanhoitajat\/k\u00e4til\u00f6t\n\t\t<\/h6>\n\t\t<p><span class=\"wpcf7-form-control-wrap\" data-name=\"sairaanhoitajat-katilot\"><span class=\"wpcf7-form-control wpcf7-radio\"><span class=\"wpcf7-list-item first\"><input type=\"radio\" name=\"sairaanhoitajat-katilot\" value=\"Erinomainen\" \/><span class=\"wpcf7-list-item-label\">Erinomainen<\/span><\/span><span class=\"wpcf7-list-item\"><input type=\"radio\" name=\"sairaanhoitajat-katilot\" value=\"Hyv\u00e4\" \/><span class=\"wpcf7-list-item-label\">Hyv\u00e4<\/span><\/span><span class=\"wpcf7-list-item\"><input type=\"radio\" name=\"sairaanhoitajat-katilot\" value=\"Tyydytt\u00e4v\u00e4\" \/><span class=\"wpcf7-list-item-label\">Tyydytt\u00e4v\u00e4<\/span><\/span><span class=\"wpcf7-list-item last\"><input type=\"radio\" name=\"sairaanhoitajat-katilot\" value=\"Huono\/Pettynyt\" \/><span class=\"wpcf7-list-item-label\">Huono\/Pettynyt<\/span><\/span><\/span><\/span>\n\t\t<\/p>\n\t\t<h6 style=\"margin-top: 0;margin-bottom:10px;\">Laboratorio\n\t\t<\/h6>\n\t\t<p><span class=\"wpcf7-form-control-wrap\" data-name=\"laboratorio\"><span class=\"wpcf7-form-control wpcf7-radio\"><span class=\"wpcf7-list-item first\"><input type=\"radio\" name=\"laboratorio\" value=\"Erinomainen\" \/><span class=\"wpcf7-list-item-label\">Erinomainen<\/span><\/span><span class=\"wpcf7-list-item\"><input type=\"radio\" name=\"laboratorio\" value=\"Hyv\u00e4\" \/><span class=\"wpcf7-list-item-label\">Hyv\u00e4<\/span><\/span><span class=\"wpcf7-list-item\"><input type=\"radio\" name=\"laboratorio\" value=\"Tyydytt\u00e4v\u00e4\" \/><span class=\"wpcf7-list-item-label\">Tyydytt\u00e4v\u00e4<\/span><\/span><span class=\"wpcf7-list-item last\"><input type=\"radio\" name=\"laboratorio\" value=\"Huono\/Pettynyt\" \/><span class=\"wpcf7-list-item-label\">Huono\/Pettynyt<\/span><\/span><\/span><\/span>\n\t\t<\/p>\n\t\t<h6 style=\"margin-top: 0;margin-bottom:10px;\">J\u00e4ik\u00f6 joku erityisesti mieleen? Miksi?\n\t\t<\/h6>\n\t\t<p><span class=\"wpcf7-form-control-wrap\" data-name=\"jaiko-joku-erityisesti-mieleen-miksi\"><textarea cols=\"40\" rows=\"1\" maxlength=\"2000\" class=\"wpcf7-form-control wpcf7-textarea\" aria-invalid=\"false\" name=\"jaiko-joku-erityisesti-mieleen-miksi\"><\/textarea><\/span>\n\t\t<\/p>\n\t\t<h6 style=\"margin-top: 0;margin-bottom:10px;\">Miten ylip\u00e4\u00e4ns\u00e4 arvioisit kanssak\u00e4ymisest\u00e4si klinikan henkil\u00f6st\u00f6n kanssa saamiasi kokemuksia?\n\t\t<\/h6>\n\t\t<p><span class=\"wpcf7-form-control-wrap\" data-name=\"miten-ylipaansa-arvioisit-kanssakaymisestasi-klinikan\"><span class=\"wpcf7-form-control wpcf7-radio\"><span class=\"wpcf7-list-item first\"><input type=\"radio\" name=\"miten-ylipaansa-arvioisit-kanssakaymisestasi-klinikan\" value=\"Erinomainen\" \/><span class=\"wpcf7-list-item-label\">Erinomainen<\/span><\/span><span class=\"wpcf7-list-item\"><input type=\"radio\" name=\"miten-ylipaansa-arvioisit-kanssakaymisestasi-klinikan\" value=\"Hyv\u00e4\" \/><span class=\"wpcf7-list-item-label\">Hyv\u00e4<\/span><\/span><span class=\"wpcf7-list-item\"><input type=\"radio\" name=\"miten-ylipaansa-arvioisit-kanssakaymisestasi-klinikan\" value=\"Tyydytt\u00e4v\u00e4\" \/><span class=\"wpcf7-list-item-label\">Tyydytt\u00e4v\u00e4<\/span><\/span><span class=\"wpcf7-list-item last\"><input type=\"radio\" name=\"miten-ylipaansa-arvioisit-kanssakaymisestasi-klinikan\" value=\"Huono\/Pettynyt\" \/><span class=\"wpcf7-list-item-label\">Huono\/Pettynyt<\/span><\/span><\/span><\/span>\n\t\t<\/p>\n\t<\/div>\n<\/div>\n<div class=\"columns_wrap\">\n\t<div class=\"column-1_1\">\n\t\t<h5 style=\"margin-top: 0;\">3. Millaisia palveluja klinikka voisi mielest\u00e4si lis\u00e4t\u00e4 tai kehitt\u00e4\u00e4? *\n\t\t<\/h5>\n\t\t<p><span class=\"wpcf7-form-control-wrap\" data-name=\"millaisia-palveluja-klinikka-voisi-mielestasi-lisata-tai-kehittaa\"><span class=\"wpcf7-form-control wpcf7-radio\"><span class=\"wpcf7-list-item first\"><input type=\"radio\" name=\"millaisia-palveluja-klinikka-voisi-mielestasi-lisata-tai-kehittaa\" value=\"Lis\u00e4\u00e4 selvent\u00e4v\u00e4\u00e4 tietoa l\u00e4\u00e4ketieteellisist\u00e4 asioista ja ylip\u00e4\u00e4ns\u00e4 tietoa koko hoidon aikana\" \/><span class=\"wpcf7-list-item-label\">Lis\u00e4\u00e4 selvent\u00e4v\u00e4\u00e4 tietoa l\u00e4\u00e4ketieteellisist\u00e4 asioista ja ylip\u00e4\u00e4ns\u00e4 tietoa koko hoidon aikana<\/span><\/span><span class=\"wpcf7-list-item\"><input type=\"radio\" name=\"millaisia-palveluja-klinikka-voisi-mielestasi-lisata-tai-kehittaa\" value=\"Perusteellisempi hoidon dokumentointi\" \/><span class=\"wpcf7-list-item-label\">Perusteellisempi hoidon dokumentointi<\/span><\/span><span class=\"wpcf7-list-item\"><input type=\"radio\" name=\"millaisia-palveluja-klinikka-voisi-mielestasi-lisata-tai-kehittaa\" value=\"Enemm\u00e4n psyykkist\u00e4 tukea\" \/><span class=\"wpcf7-list-item-label\">Enemm\u00e4n psyykkist\u00e4 tukea<\/span><\/span><span class=\"wpcf7-list-item\"><input type=\"radio\" name=\"millaisia-palveluja-klinikka-voisi-mielestasi-lisata-tai-kehittaa\" value=\"Enemm\u00e4n tukea ja tietoa l\u00e4\u00e4kkeiden ottamiseen\" \/><span class=\"wpcf7-list-item-label\">Enemm\u00e4n tukea ja tietoa l\u00e4\u00e4kkeiden ottamiseen<\/span><\/span><span class=\"wpcf7-list-item\"><input type=\"radio\" name=\"millaisia-palveluja-klinikka-voisi-mielestasi-lisata-tai-kehittaa\" value=\"Enemm\u00e4n tietoa ravintolisist\u00e4\/el\u00e4m\u00e4ntapavalinnoista\/akupunktiosta yms.\" \/><span class=\"wpcf7-list-item-label\">Enemm\u00e4n tietoa ravintolisist\u00e4\/el\u00e4m\u00e4ntapavalinnoista\/akupunktiosta yms.<\/span><\/span><span class=\"wpcf7-list-item last\"><input type=\"radio\" name=\"millaisia-palveluja-klinikka-voisi-mielestasi-lisata-tai-kehittaa\" value=\"Muu\" \/><span class=\"wpcf7-list-item-label\">Muu<\/span><\/span><\/span><\/span><span class=\"wpcf7-form-control-wrap\" data-name=\"millaisia-palveluja-klinikka-voisi-mielestasi-lisata-tai-kehittaa-muu\"><textarea cols=\"40\" rows=\"1\" maxlength=\"2000\" class=\"wpcf7-form-control wpcf7-textarea\" aria-invalid=\"false\" name=\"millaisia-palveluja-klinikka-voisi-mielestasi-lisata-tai-kehittaa-muu\"><\/textarea><\/span>\n\t\t<\/p>\n\t<\/div>\n<\/div>\n<div class=\"columns_wrap\">\n\t<div class=\"column-1_1\">\n\t\t<h5 style=\"margin-top: 0;\"> Suosittelisitko klinikkaa muille? *\n\t\t<\/h5>\n\t\t<p><span class=\"wpcf7-form-control-wrap\" data-name=\"suosittelisitko-klinikkaa-muille\"><span class=\"wpcf7-form-control wpcf7-radio\"><span class=\"wpcf7-list-item first\"><input type=\"radio\" name=\"suosittelisitko-klinikkaa-muille\" value=\"Kyll\u00e4. Suosittelen mielell\u00e4ni\" \/><span class=\"wpcf7-list-item-label\">Kyll\u00e4. Suosittelen mielell\u00e4ni<\/span><\/span><span class=\"wpcf7-list-item last\"><input type=\"radio\" name=\"suosittelisitko-klinikkaa-muille\" value=\"Ei. En suosittelisi\" \/><span class=\"wpcf7-list-item-label\">Ei. En suosittelisi<\/span><\/span><\/span><\/span>\n\t\t<\/p>\n\t<\/div>\n<\/div>\n<div class=\"columns_wrap\">\n\t<div class=\"column-1_1\">\n\t\t<h5 style=\"margin-top: 0;\">5. Haluatko mainita viel\u00e4 jotain?\n\t\t<\/h5>\n\t\t<p><span class=\"wpcf7-form-control-wrap\" data-name=\"kommentit\"><input size=\"40\" maxlength=\"400\" class=\"wpcf7-form-control wpcf7-text wpcf7-validates-as-required\" aria-required=\"true\" aria-invalid=\"false\" value=\"\" type=\"text\" name=\"kommentit\" \/><\/span>\n\t\t<\/p>\n\t<\/div>\n<\/div>\n<div class=\"columns_wrap\">\n\t<div class=\"column-1_1\">\n\t\t<h5 style=\"margin-top: 0;\">6. Hyv\u00e4ksyn antamani anonyymin palautteen julkaisemisen klinikan sivustolla ja sosiaalisessa mediassa.\n\t\t<\/h5>\n\t\t<p><span class=\"wpcf7-form-control-wrap\" data-name=\"radio-230\"><span class=\"wpcf7-form-control wpcf7-radio\"><span class=\"wpcf7-list-item first\"><label><input type=\"radio\" name=\"radio-230\" value=\"Hyv\u00e4ksyn\" \/><span class=\"wpcf7-list-item-label\">Hyv\u00e4ksyn<\/span><\/label><\/span><span class=\"wpcf7-list-item last\"><label><input type=\"radio\" name=\"radio-230\" value=\"En hyv\u00e4ksy\" checked=\"checked\" \/><span class=\"wpcf7-list-item-label\">En hyv\u00e4ksy<\/span><\/label><\/span><\/span><\/span>\n\t\t<\/p>\n\t<\/div>\n<\/div>\n<div class=\"columns_wrap\">\n\t<div class=\"column-1_1\">\n\t\t<p><span class=\"wpcf7-form-control-wrap\" data-name=\"your-acceptance\"><span class=\"wpcf7-form-control wpcf7-acceptance\"><span class=\"wpcf7-list-item\"><label><input type=\"checkbox\" name=\"your-acceptance\" value=\"1\" aria-invalid=\"false\" \/><span class=\"wpcf7-list-item-label\"><a href=\"\/privaatsuspoliitika\/\" target=\"_blank\">Hyv\u00e4ksyn tietosuojak\u00e4yt\u00e4nn\u00f6n*<\/a><\/span><\/label><\/span><\/span><\/span><span class=\"button_wide\"><input class=\"wpcf7-form-control wpcf7-submit has-spinner\" type=\"submit\" value=\"L\u00c4HET\u00c4 PALAUTE\" \/><\/span>\n\t\t<\/p>\n\t<\/div>\n<\/div><div class=\"wpcf7-response-output\" aria-hidden=\"true\"><\/div>\n<\/form>\n<\/div>\n[\/vc_column][\/vc_row]<\/p>\n<\/section>","protected":false},"excerpt":{"rendered":"<p>[vc_row][vc_column][\/vc_column][\/vc_row][vc_row full_width=&#8221;stretch_row&#8221; el_id=&#8221;services&#8221; css=&#8221;.vc_custom_1621326659792{background-image: url(https:\/\/next-fertilitynordic.com\/wp-content\/uploads\/2021\/02\/page_gradient.jpg?id=1199) !important;}&#8221;][vc_column offset=&#8221;vc_col-lg-offset-3 vc_col-lg-6&#8243;][\/vc_column][\/vc_row]<\/p>\n","protected":false},"author":990008,"featured_media":0,"parent":0,"menu_order":1,"comment_status":"closed","ping_status":"closed","template":"","meta":{"footnotes":""},"class_list":["post-6664","page","type-page","status-publish","hentry"],"yoast_head":"<!-- This site is optimized with the Yoast SEO plugin v27.3 - https:\/\/yoast.com\/product\/yoast-seo-wordpress\/ -->\n<title>Potilaan palautelomake - Next Fertility Nordic<\/title>\n<meta name=\"robots\" content=\"index, follow, max-snippet:-1, max-image-preview:large, max-video-preview:-1\" \/>\n<link rel=\"canonical\" href=\"https:\/\/next-fertilitynordic.com\/fi\/potilaan-palautelomake-2\/\" \/>\n<meta property=\"og:locale\" content=\"fi_FI\" \/>\n<meta property=\"og:type\" content=\"article\" \/>\n<meta property=\"og:title\" content=\"Potilaan palautelomake - Next Fertility Nordic\" \/>\n<meta property=\"og:description\" content=\"[vc_row][vc_column][\/vc_column][\/vc_row][vc_row full_width=&#8221;stretch_row&#8221; el_id=&#8221;services&#8221; css=&#8221;.vc_custom_1621326659792{background-image: url(https:\/\/next-fertilitynordic.com\/wp-content\/uploads\/2021\/02\/page_gradient.jpg?id=1199) !important;}&#8221;][vc_column offset=&#8221;vc_col-lg-offset-3 vc_col-lg-6&#8243;][\/vc_column][\/vc_row]\" \/>\n<meta property=\"og:url\" content=\"https:\/\/next-fertilitynordic.com\/fi\/potilaan-palautelomake-2\/\" \/>\n<meta property=\"og:site_name\" content=\"Next Fertility Nordic\" \/>\n<meta property=\"article:publisher\" content=\"https:\/\/www.facebook.com\/nextfertilitynordic\" \/>\n<meta property=\"article:modified_time\" content=\"2022-02-25T11:30:17+00:00\" \/>\n<meta name=\"twitter:card\" content=\"summary_large_image\" \/>\n<script type=\"application\/ld+json\" class=\"yoast-schema-graph\">{\"@context\":\"https:\\\/\\\/schema.org\",\"@graph\":[{\"@type\":\"WebPage\",\"@id\":\"https:\\\/\\\/next-fertilitynordic.com\\\/fi\\\/potilaan-palautelomake-2\\\/\",\"url\":\"https:\\\/\\\/next-fertilitynordic.com\\\/fi\\\/potilaan-palautelomake-2\\\/\",\"name\":\"Potilaan palautelomake - Next Fertility Nordic\",\"isPartOf\":{\"@id\":\"https:\\\/\\\/next-fertilitynordic.com\\\/en\\\/#website\"},\"datePublished\":\"2022-02-25T11:30:01+00:00\",\"dateModified\":\"2022-02-25T11:30:17+00:00\",\"inLanguage\":\"fi\",\"potentialAction\":[{\"@type\":\"ReadAction\",\"target\":[\"https:\\\/\\\/next-fertilitynordic.com\\\/fi\\\/potilaan-palautelomake-2\\\/\"]}]},{\"@type\":\"WebSite\",\"@id\":\"https:\\\/\\\/next-fertilitynordic.com\\\/en\\\/#website\",\"url\":\"https:\\\/\\\/next-fertilitynordic.com\\\/en\\\/\",\"name\":\"Next Fertility Nordic\",\"description\":\"Abiks pere loomisel\",\"publisher\":{\"@id\":\"https:\\\/\\\/next-fertilitynordic.com\\\/en\\\/#organization\"},\"potentialAction\":[{\"@type\":\"SearchAction\",\"target\":{\"@type\":\"EntryPoint\",\"urlTemplate\":\"https:\\\/\\\/next-fertilitynordic.com\\\/en\\\/?s={search_term_string}\"},\"query-input\":{\"@type\":\"PropertyValueSpecification\",\"valueRequired\":true,\"valueName\":\"search_term_string\"}}],\"inLanguage\":\"fi\"},{\"@type\":\"Organization\",\"@id\":\"https:\\\/\\\/next-fertilitynordic.com\\\/en\\\/#organization\",\"name\":\"Next Fertility Nordic\",\"url\":\"https:\\\/\\\/next-fertilitynordic.com\\\/en\\\/\",\"logo\":{\"@type\":\"ImageObject\",\"inLanguage\":\"fi\",\"@id\":\"https:\\\/\\\/next-fertilitynordic.com\\\/en\\\/#\\\/schema\\\/logo\\\/image\\\/\",\"url\":\"https:\\\/\\\/next-fertilitynordic.com\\\/wp-content\\\/uploads\\\/2021\\\/04\\\/next-fert-posit-f-col-bg.png\",\"contentUrl\":\"https:\\\/\\\/next-fertilitynordic.com\\\/wp-content\\\/uploads\\\/2021\\\/04\\\/next-fert-posit-f-col-bg.png\",\"width\":1200,\"height\":297,\"caption\":\"Next Fertility Nordic\"},\"image\":{\"@id\":\"https:\\\/\\\/next-fertilitynordic.com\\\/en\\\/#\\\/schema\\\/logo\\\/image\\\/\"},\"sameAs\":[\"https:\\\/\\\/www.facebook.com\\\/nextfertilitynordic\",\"https:\\\/\\\/www.instagram.com\\\/nextfertilitynordic\\\/\"]}]}<\/script>\n<!-- \/ Yoast SEO plugin. -->","yoast_head_json":{"title":"Potilaan palautelomake - Next Fertility Nordic","robots":{"index":"index","follow":"follow","max-snippet":"max-snippet:-1","max-image-preview":"max-image-preview:large","max-video-preview":"max-video-preview:-1"},"canonical":"https:\/\/next-fertilitynordic.com\/fi\/potilaan-palautelomake-2\/","og_locale":"fi_FI","og_type":"article","og_title":"Potilaan palautelomake - Next Fertility Nordic","og_description":"[vc_row][vc_column][\/vc_column][\/vc_row][vc_row full_width=&#8221;stretch_row&#8221; el_id=&#8221;services&#8221; css=&#8221;.vc_custom_1621326659792{background-image: url(https:\/\/next-fertilitynordic.com\/wp-content\/uploads\/2021\/02\/page_gradient.jpg?id=1199) !important;}&#8221;][vc_column offset=&#8221;vc_col-lg-offset-3 vc_col-lg-6&#8243;][\/vc_column][\/vc_row]","og_url":"https:\/\/next-fertilitynordic.com\/fi\/potilaan-palautelomake-2\/","og_site_name":"Next Fertility Nordic","article_publisher":"https:\/\/www.facebook.com\/nextfertilitynordic","article_modified_time":"2022-02-25T11:30:17+00:00","twitter_card":"summary_large_image","schema":{"@context":"https:\/\/schema.org","@graph":[{"@type":"WebPage","@id":"https:\/\/next-fertilitynordic.com\/fi\/potilaan-palautelomake-2\/","url":"https:\/\/next-fertilitynordic.com\/fi\/potilaan-palautelomake-2\/","name":"Potilaan palautelomake - Next Fertility Nordic","isPartOf":{"@id":"https:\/\/next-fertilitynordic.com\/en\/#website"},"datePublished":"2022-02-25T11:30:01+00:00","dateModified":"2022-02-25T11:30:17+00:00","inLanguage":"fi","potentialAction":[{"@type":"ReadAction","target":["https:\/\/next-fertilitynordic.com\/fi\/potilaan-palautelomake-2\/"]}]},{"@type":"WebSite","@id":"https:\/\/next-fertilitynordic.com\/en\/#website","url":"https:\/\/next-fertilitynordic.com\/en\/","name":"Next Fertility Nordic","description":"Abiks pere loomisel","publisher":{"@id":"https:\/\/next-fertilitynordic.com\/en\/#organization"},"potentialAction":[{"@type":"SearchAction","target":{"@type":"EntryPoint","urlTemplate":"https:\/\/next-fertilitynordic.com\/en\/?s={search_term_string}"},"query-input":{"@type":"PropertyValueSpecification","valueRequired":true,"valueName":"search_term_string"}}],"inLanguage":"fi"},{"@type":"Organization","@id":"https:\/\/next-fertilitynordic.com\/en\/#organization","name":"Next Fertility Nordic","url":"https:\/\/next-fertilitynordic.com\/en\/","logo":{"@type":"ImageObject","inLanguage":"fi","@id":"https:\/\/next-fertilitynordic.com\/en\/#\/schema\/logo\/image\/","url":"https:\/\/next-fertilitynordic.com\/wp-content\/uploads\/2021\/04\/next-fert-posit-f-col-bg.png","contentUrl":"https:\/\/next-fertilitynordic.com\/wp-content\/uploads\/2021\/04\/next-fert-posit-f-col-bg.png","width":1200,"height":297,"caption":"Next Fertility Nordic"},"image":{"@id":"https:\/\/next-fertilitynordic.com\/en\/#\/schema\/logo\/image\/"},"sameAs":["https:\/\/www.facebook.com\/nextfertilitynordic","https:\/\/www.instagram.com\/nextfertilitynordic\/"]}]}},"_links":{"self":[{"href":"https:\/\/next-fertilitynordic.com\/fi\/wp-json\/wp\/v2\/pages\/6664","targetHints":{"allow":["GET"]}}],"collection":[{"href":"https:\/\/next-fertilitynordic.com\/fi\/wp-json\/wp\/v2\/pages"}],"about":[{"href":"https:\/\/next-fertilitynordic.com\/fi\/wp-json\/wp\/v2\/types\/page"}],"author":[{"embeddable":true,"href":"https:\/\/next-fertilitynordic.com\/fi\/wp-json\/wp\/v2\/users\/990008"}],"replies":[{"embeddable":true,"href":"https:\/\/next-fertilitynordic.com\/fi\/wp-json\/wp\/v2\/comments?post=6664"}],"version-history":[{"count":1,"href":"https:\/\/next-fertilitynordic.com\/fi\/wp-json\/wp\/v2\/pages\/6664\/revisions"}],"predecessor-version":[{"id":6667,"href":"https:\/\/next-fertilitynordic.com\/fi\/wp-json\/wp\/v2\/pages\/6664\/revisions\/6667"}],"wp:attachment":[{"href":"https:\/\/next-fertilitynordic.com\/fi\/wp-json\/wp\/v2\/media?parent=6664"}],"curies":[{"name":"wp","href":"https:\/\/api.w.org\/{rel}","templated":true}]}}