{"id":6874,"date":"2022-02-25T11:30:28","date_gmt":"2022-02-25T11:30:28","guid":{"rendered":"https:\/\/next-fertilitynordic.com\/new\/koronatietoa\/"},"modified":"2022-05-27T10:38:20","modified_gmt":"2022-05-27T10:38:20","slug":"koronatietoa","status":"publish","type":"page","link":"https:\/\/next-fertilitynordic.com\/fi\/koronatietoa\/","title":{"rendered":"Koronatietoa"},"content":{"rendered":"<section class=\"wpb-content-wrapper\"><p>[vc_row full_height=&#8221;yes&#8221;][vc_column][vc_separator color=&#8221;white&#8221; css=&#8221;.vc_custom_1629997492017{padding-top: 10px !important;padding-bottom: 10px !important;}&#8221;]<div id=\"sc_title_322658247\"\n\t\tclass=\"sc_title sc_title_default\"><h3 class=\"sc_item_title sc_title_title sc_align_default sc_item_title_style_default\">COVID-19 info<\/h3><\/div><!-- \/.sc_title -->[vc_separator color=&#8221;white&#8221; css=&#8221;.vc_custom_1629997015570{padding-top: 10px !important;padding-bottom: 10px !important;}&#8221;][vc_column_text]<strong>ENNEN VASTAANOTOLLE SAAPUMISTA<\/strong><\/p>\n<ul>\n<li>Peruutathan varaamasi ajan, jos sinulla ilmenee oireita.<\/li>\n<li>Jos sinulla on oireita tai olet altistunut koronatartunnalle, pyyd\u00e4mme peruuttamaan varatun ajan soittamalla numeroon +372 607 0017 tai s\u00e4hk\u00f6postitse info@ivfnordic.com. Autamme varaamaan uuden ajan vastaanotolle.<\/li>\n<li>Tarvittaessa l\u00e4\u00e4k\u00e4ri tai k\u00e4til\u00f6 neuvoo my\u00f6s et\u00e4n\u00e4 tai puhelimessa.<\/li>\n<\/ul>\n<p><strong>PAIKAN P\u00c4\u00c4LL\u00c4 KLINIKALLA<\/strong><\/p>\n<ul>\n<li>K\u00e4yt\u00e4 kasvomaskia. Klinikalla on kertak\u00e4ytt\u00f6isi\u00e4 kirurgisia kasvomaskeja.<\/li>\n<li>T\u00e4yt\u00e4 terveystietolomake.<\/li>\n<li>Desinfioi k\u00e4det.<\/li>\n<li>Noudata turvav\u00e4lej\u00e4.<\/li>\n<\/ul>\n<p><strong>ENNEN TOIMENPIDETT\u00c4<\/strong><\/p>\n<ul>\n<li>Munasarjojen punktioon saapuvien potilaiden tulee tehd\u00e4 PCR-koronatesti 48 tunnin kuluessa ennen vastaanottoaikaa. Oireettomille potilaille voidaan tehd\u00e4 PCR-testi paikan p\u00e4\u00e4ll\u00e4 Next Fertility Nordic -klinikalla.<\/li>\n<li>Hyv\u00e4ksymme my\u00f6s muissa laboratorioissa tehtyjen testien tulokset.<\/li>\n<li>Olen tietoinen siit\u00e4, ett\u00e4 klinikalla on oikeus peruuttaa suunniteltu toimenpide tai lyk\u00e4t\u00e4 sit\u00e4 koronan (SARS-CoV-2) PCR-testin tuloksen perusteella.<\/li>\n<\/ul>\n<p>Noudatamme voimassa olevia rajoituksia: <a href=\"https:\/\/www.kriis.ee\">https:\/\/www.kriis.ee<\/a> Pahoittelemme aiheutuvaa haittaa. Pysyt\u00e4\u00e4n tervein\u00e4! <em>Next Fertility Nordic<\/em>[\/vc_column_text][\/vc_column][\/vc_row]<\/p>\n<\/section>","protected":false},"excerpt":{"rendered":"<p>[vc_row full_height=&#8221;yes&#8221;][vc_column][vc_separator color=&#8221;white&#8221; css=&#8221;.vc_custom_1629997492017{padding-top: 10px !important;padding-bottom: 10px !important;}&#8221;][vc_separator color=&#8221;white&#8221; css=&#8221;.vc_custom_1629997015570{padding-top: 10px !important;padding-bottom: 10px !important;}&#8221;][vc_column_text]ENNEN VASTAANOTOLLE SAAPUMISTA Peruutathan varaamasi ajan, jos sinulla ilmenee oireita. Jos sinulla on oireita tai olet altistunut koronatartunnalle, pyyd\u00e4mme peruuttamaan varatun ajan soittamalla numeroon +372 607 0017 tai s\u00e4hk\u00f6postitse info@ivfnordic.com. Autamme varaamaan uuden ajan vastaanotolle. Tarvittaessa l\u00e4\u00e4k\u00e4ri tai k\u00e4til\u00f6 neuvoo my\u00f6s et\u00e4n\u00e4 tai puhelimessa. PAIKAN P\u00c4\u00c4LL\u00c4 KLINIKALLA&hellip;<\/p>\n","protected":false},"author":990015,"featured_media":6834,"parent":0,"menu_order":0,"comment_status":"closed","ping_status":"closed","template":"","meta":{"footnotes":""},"class_list":["post-6874","page","type-page","status-publish","has-post-thumbnail","hentry"],"yoast_head":"<!-- This site is optimized with the Yoast SEO plugin v27.4 - https:\/\/yoast.com\/product\/yoast-seo-wordpress\/ -->\n<title>Koronatietoa - Next Fertility Nordic<\/title>\n<meta name=\"robots\" content=\"index, follow, max-snippet:-1, max-image-preview:large, max-video-preview:-1\" \/>\n<link rel=\"canonical\" href=\"https:\/\/next-fertilitynordic.com\/fi\/koronatietoa\/\" \/>\n<meta property=\"og:locale\" content=\"fi_FI\" \/>\n<meta property=\"og:type\" content=\"article\" \/>\n<meta property=\"og:title\" content=\"Koronatietoa - Next Fertility Nordic\" \/>\n<meta property=\"og:description\" content=\"[vc_row full_height=&#8221;yes&#8221;][vc_column][vc_separator color=&#8221;white&#8221; css=&#8221;.vc_custom_1629997492017{padding-top: 10px !important;padding-bottom: 10px !important;}&#8221;][vc_separator color=&#8221;white&#8221; css=&#8221;.vc_custom_1629997015570{padding-top: 10px !important;padding-bottom: 10px !important;}&#8221;][vc_column_text]ENNEN VASTAANOTOLLE SAAPUMISTA Peruutathan varaamasi ajan, jos sinulla ilmenee oireita. Jos sinulla on oireita tai olet altistunut koronatartunnalle, pyyd\u00e4mme peruuttamaan varatun ajan soittamalla numeroon +372 607 0017 tai s\u00e4hk\u00f6postitse info@ivfnordic.com. Autamme varaamaan uuden ajan vastaanotolle. Tarvittaessa l\u00e4\u00e4k\u00e4ri tai k\u00e4til\u00f6 neuvoo my\u00f6s et\u00e4n\u00e4 tai puhelimessa. PAIKAN P\u00c4\u00c4LL\u00c4 KLINIKALLA&hellip;\" \/>\n<meta property=\"og:url\" content=\"https:\/\/next-fertilitynordic.com\/fi\/koronatietoa\/\" \/>\n<meta property=\"og:site_name\" content=\"Next Fertility Nordic\" \/>\n<meta property=\"article:publisher\" content=\"https:\/\/www.facebook.com\/nextfertilitynordic\" \/>\n<meta property=\"article:modified_time\" content=\"2022-05-27T10:38:20+00:00\" \/>\n<meta property=\"og:image\" content=\"https:\/\/next-fertilitynordic.com\/wp-content\/uploads\/2021\/07\/pexels-photo-2100340.jpeg\" \/>\n\t<meta property=\"og:image:width\" content=\"2250\" \/>\n\t<meta property=\"og:image:height\" content=\"1500\" \/>\n\t<meta property=\"og:image:type\" content=\"image\/jpeg\" \/>\n<meta name=\"twitter:card\" content=\"summary_large_image\" \/>\n<meta name=\"twitter:label1\" content=\"Arvioitu lukuaika\" \/>\n\t<meta name=\"twitter:data1\" content=\"1 minuutti\" \/>\n<script type=\"application\/ld+json\" class=\"yoast-schema-graph\">{\"@context\":\"https:\\\/\\\/schema.org\",\"@graph\":[{\"@type\":\"WebPage\",\"@id\":\"https:\\\/\\\/next-fertilitynordic.com\\\/fi\\\/koronatietoa\\\/\",\"url\":\"https:\\\/\\\/next-fertilitynordic.com\\\/fi\\\/koronatietoa\\\/\",\"name\":\"Koronatietoa - Next Fertility Nordic\",\"isPartOf\":{\"@id\":\"https:\\\/\\\/next-fertilitynordic.com\\\/en\\\/#website\"},\"primaryImageOfPage\":{\"@id\":\"https:\\\/\\\/next-fertilitynordic.com\\\/fi\\\/koronatietoa\\\/#primaryimage\"},\"image\":{\"@id\":\"https:\\\/\\\/next-fertilitynordic.com\\\/fi\\\/koronatietoa\\\/#primaryimage\"},\"thumbnailUrl\":\"https:\\\/\\\/next-fertilitynordic.com\\\/wp-content\\\/uploads\\\/2021\\\/07\\\/pexels-photo-2100340.jpeg\",\"datePublished\":\"2022-02-25T11:30:28+00:00\",\"dateModified\":\"2022-05-27T10:38:20+00:00\",\"inLanguage\":\"fi\",\"potentialAction\":[{\"@type\":\"ReadAction\",\"target\":[\"https:\\\/\\\/next-fertilitynordic.com\\\/fi\\\/koronatietoa\\\/\"]}]},{\"@type\":\"ImageObject\",\"inLanguage\":\"fi\",\"@id\":\"https:\\\/\\\/next-fertilitynordic.com\\\/fi\\\/koronatietoa\\\/#primaryimage\",\"url\":\"https:\\\/\\\/next-fertilitynordic.com\\\/wp-content\\\/uploads\\\/2021\\\/07\\\/pexels-photo-2100340.jpeg\",\"contentUrl\":\"https:\\\/\\\/next-fertilitynordic.com\\\/wp-content\\\/uploads\\\/2021\\\/07\\\/pexels-photo-2100340.jpeg\",\"width\":2250,\"height\":1500,\"caption\":\"rokottaminen\"},{\"@type\":\"WebSite\",\"@id\":\"https:\\\/\\\/next-fertilitynordic.com\\\/en\\\/#website\",\"url\":\"https:\\\/\\\/next-fertilitynordic.com\\\/en\\\/\",\"name\":\"Next Fertility Nordic\",\"description\":\"Abiks pere loomisel\",\"publisher\":{\"@id\":\"https:\\\/\\\/next-fertilitynordic.com\\\/en\\\/#organization\"},\"potentialAction\":[{\"@type\":\"SearchAction\",\"target\":{\"@type\":\"EntryPoint\",\"urlTemplate\":\"https:\\\/\\\/next-fertilitynordic.com\\\/en\\\/?s={search_term_string}\"},\"query-input\":{\"@type\":\"PropertyValueSpecification\",\"valueRequired\":true,\"valueName\":\"search_term_string\"}}],\"inLanguage\":\"fi\"},{\"@type\":\"Organization\",\"@id\":\"https:\\\/\\\/next-fertilitynordic.com\\\/en\\\/#organization\",\"name\":\"Next Fertility Nordic\",\"url\":\"https:\\\/\\\/next-fertilitynordic.com\\\/en\\\/\",\"logo\":{\"@type\":\"ImageObject\",\"inLanguage\":\"fi\",\"@id\":\"https:\\\/\\\/next-fertilitynordic.com\\\/en\\\/#\\\/schema\\\/logo\\\/image\\\/\",\"url\":\"https:\\\/\\\/next-fertilitynordic.com\\\/wp-content\\\/uploads\\\/2021\\\/04\\\/next-fert-posit-f-col-bg.png\",\"contentUrl\":\"https:\\\/\\\/next-fertilitynordic.com\\\/wp-content\\\/uploads\\\/2021\\\/04\\\/next-fert-posit-f-col-bg.png\",\"width\":1200,\"height\":297,\"caption\":\"Next Fertility Nordic\"},\"image\":{\"@id\":\"https:\\\/\\\/next-fertilitynordic.com\\\/en\\\/#\\\/schema\\\/logo\\\/image\\\/\"},\"sameAs\":[\"https:\\\/\\\/www.facebook.com\\\/nextfertilitynordic\",\"https:\\\/\\\/www.instagram.com\\\/nextfertilitynordic\\\/\"]}]}<\/script>\n<!-- \/ Yoast SEO plugin. -->","yoast_head_json":{"title":"Koronatietoa - Next Fertility Nordic","robots":{"index":"index","follow":"follow","max-snippet":"max-snippet:-1","max-image-preview":"max-image-preview:large","max-video-preview":"max-video-preview:-1"},"canonical":"https:\/\/next-fertilitynordic.com\/fi\/koronatietoa\/","og_locale":"fi_FI","og_type":"article","og_title":"Koronatietoa - Next Fertility Nordic","og_description":"[vc_row full_height=&#8221;yes&#8221;][vc_column][vc_separator color=&#8221;white&#8221; css=&#8221;.vc_custom_1629997492017{padding-top: 10px !important;padding-bottom: 10px !important;}&#8221;][vc_separator color=&#8221;white&#8221; css=&#8221;.vc_custom_1629997015570{padding-top: 10px !important;padding-bottom: 10px !important;}&#8221;][vc_column_text]ENNEN VASTAANOTOLLE SAAPUMISTA Peruutathan varaamasi ajan, jos sinulla ilmenee oireita. Jos sinulla on oireita tai olet altistunut koronatartunnalle, pyyd\u00e4mme peruuttamaan varatun ajan soittamalla numeroon +372 607 0017 tai s\u00e4hk\u00f6postitse info@ivfnordic.com. Autamme varaamaan uuden ajan vastaanotolle. Tarvittaessa l\u00e4\u00e4k\u00e4ri tai k\u00e4til\u00f6 neuvoo my\u00f6s et\u00e4n\u00e4 tai puhelimessa. PAIKAN P\u00c4\u00c4LL\u00c4 KLINIKALLA&hellip;","og_url":"https:\/\/next-fertilitynordic.com\/fi\/koronatietoa\/","og_site_name":"Next Fertility Nordic","article_publisher":"https:\/\/www.facebook.com\/nextfertilitynordic","article_modified_time":"2022-05-27T10:38:20+00:00","og_image":[{"width":2250,"height":1500,"url":"https:\/\/next-fertilitynordic.com\/wp-content\/uploads\/2021\/07\/pexels-photo-2100340.jpeg","type":"image\/jpeg"}],"twitter_card":"summary_large_image","twitter_misc":{"Arvioitu lukuaika":"1 minuutti"},"schema":{"@context":"https:\/\/schema.org","@graph":[{"@type":"WebPage","@id":"https:\/\/next-fertilitynordic.com\/fi\/koronatietoa\/","url":"https:\/\/next-fertilitynordic.com\/fi\/koronatietoa\/","name":"Koronatietoa - Next Fertility Nordic","isPartOf":{"@id":"https:\/\/next-fertilitynordic.com\/en\/#website"},"primaryImageOfPage":{"@id":"https:\/\/next-fertilitynordic.com\/fi\/koronatietoa\/#primaryimage"},"image":{"@id":"https:\/\/next-fertilitynordic.com\/fi\/koronatietoa\/#primaryimage"},"thumbnailUrl":"https:\/\/next-fertilitynordic.com\/wp-content\/uploads\/2021\/07\/pexels-photo-2100340.jpeg","datePublished":"2022-02-25T11:30:28+00:00","dateModified":"2022-05-27T10:38:20+00:00","inLanguage":"fi","potentialAction":[{"@type":"ReadAction","target":["https:\/\/next-fertilitynordic.com\/fi\/koronatietoa\/"]}]},{"@type":"ImageObject","inLanguage":"fi","@id":"https:\/\/next-fertilitynordic.com\/fi\/koronatietoa\/#primaryimage","url":"https:\/\/next-fertilitynordic.com\/wp-content\/uploads\/2021\/07\/pexels-photo-2100340.jpeg","contentUrl":"https:\/\/next-fertilitynordic.com\/wp-content\/uploads\/2021\/07\/pexels-photo-2100340.jpeg","width":2250,"height":1500,"caption":"rokottaminen"},{"@type":"WebSite","@id":"https:\/\/next-fertilitynordic.com\/en\/#website","url":"https:\/\/next-fertilitynordic.com\/en\/","name":"Next Fertility Nordic","description":"Abiks pere loomisel","publisher":{"@id":"https:\/\/next-fertilitynordic.com\/en\/#organization"},"potentialAction":[{"@type":"SearchAction","target":{"@type":"EntryPoint","urlTemplate":"https:\/\/next-fertilitynordic.com\/en\/?s={search_term_string}"},"query-input":{"@type":"PropertyValueSpecification","valueRequired":true,"valueName":"search_term_string"}}],"inLanguage":"fi"},{"@type":"Organization","@id":"https:\/\/next-fertilitynordic.com\/en\/#organization","name":"Next Fertility Nordic","url":"https:\/\/next-fertilitynordic.com\/en\/","logo":{"@type":"ImageObject","inLanguage":"fi","@id":"https:\/\/next-fertilitynordic.com\/en\/#\/schema\/logo\/image\/","url":"https:\/\/next-fertilitynordic.com\/wp-content\/uploads\/2021\/04\/next-fert-posit-f-col-bg.png","contentUrl":"https:\/\/next-fertilitynordic.com\/wp-content\/uploads\/2021\/04\/next-fert-posit-f-col-bg.png","width":1200,"height":297,"caption":"Next Fertility Nordic"},"image":{"@id":"https:\/\/next-fertilitynordic.com\/en\/#\/schema\/logo\/image\/"},"sameAs":["https:\/\/www.facebook.com\/nextfertilitynordic","https:\/\/www.instagram.com\/nextfertilitynordic\/"]}]}},"_links":{"self":[{"href":"https:\/\/next-fertilitynordic.com\/fi\/wp-json\/wp\/v2\/pages\/6874","targetHints":{"allow":["GET"]}}],"collection":[{"href":"https:\/\/next-fertilitynordic.com\/fi\/wp-json\/wp\/v2\/pages"}],"about":[{"href":"https:\/\/next-fertilitynordic.com\/fi\/wp-json\/wp\/v2\/types\/page"}],"author":[{"embeddable":true,"href":"https:\/\/next-fertilitynordic.com\/fi\/wp-json\/wp\/v2\/users\/990015"}],"replies":[{"embeddable":true,"href":"https:\/\/next-fertilitynordic.com\/fi\/wp-json\/wp\/v2\/comments?post=6874"}],"version-history":[{"count":2,"href":"https:\/\/next-fertilitynordic.com\/fi\/wp-json\/wp\/v2\/pages\/6874\/revisions"}],"predecessor-version":[{"id":8469,"href":"https:\/\/next-fertilitynordic.com\/fi\/wp-json\/wp\/v2\/pages\/6874\/revisions\/8469"}],"wp:featuredmedia":[{"embeddable":true,"href":"https:\/\/next-fertilitynordic.com\/fi\/wp-json\/wp\/v2\/media\/6834"}],"wp:attachment":[{"href":"https:\/\/next-fertilitynordic.com\/fi\/wp-json\/wp\/v2\/media?parent=6874"}],"curies":[{"name":"wp","href":"https:\/\/api.w.org\/{rel}","templated":true}]}}