{"id":6877,"date":"2022-02-25T11:30:28","date_gmt":"2022-02-25T11:30:28","guid":{"rendered":"https:\/\/next-fertilitynordic.com\/new\/palautekysely-miehille\/"},"modified":"2022-02-25T11:30:30","modified_gmt":"2022-02-25T11:30:30","slug":"palautekysely-miehille","status":"publish","type":"page","link":"https:\/\/next-fertilitynordic.com\/fi\/palautekysely-miehille\/","title":{"rendered":"Palautekysely miehille"},"content":{"rendered":"<section class=\"wpb-content-wrapper\"><p>[vc_row][vc_column]<div id=\"sc_title_724089086\"\n\t\tclass=\"sc_title sc_title_default  vc_custom_1631170793895\"><h3 class=\"sc_item_title sc_title_title sc_align_center sc_item_title_style_default\">Palautekysely miehille<\/h3><h6 class=\"sc_item_subtitle sc_title_subtitle sc_align_center sc_item_title_style_default\">Kiitos, ett\u00e4 valitsit Next Fertility Nordicin klinikan.<\/h6><div class=\"sc_item_descr sc_title_descr sc_align_center\">Palautteesi on meille eritt\u00e4in t\u00e4rke\u00e4\u00e4 toimintamme kehitt\u00e4misess\u00e4. Palaute on anonyymi\u00e4 ja vastaaminen kest\u00e4\u00e4 vain pari minuuttia.<\/div><\/div><!-- \/.sc_title -->[\/vc_column][\/vc_row][vc_row full_width=&#8221;stretch_row&#8221; el_id=&#8221;services&#8221; css=&#8221;.vc_custom_1621842370121{background-image: url(https:\/\/next-fertilitynordic.com\/wp-content\/uploads\/2021\/02\/page_gradient.jpg?id=1199) !important;}&#8221;][vc_column offset=&#8221;vc_col-lg-offset-3 vc_col-lg-6&#8243;]\n<div class=\"wpcf7 no-js\" id=\"wpcf7-f6876-o1\" lang=\"fi\" dir=\"ltr\" data-wpcf7-id=\"6876\">\n<div class=\"screen-reader-response\"><p role=\"status\" aria-live=\"polite\" aria-atomic=\"true\"><\/p> <ul><\/ul><\/div>\n<form action=\"\/fi\/wp-json\/wp\/v2\/pages\/6877#wpcf7-f6876-o1\" method=\"post\" class=\"wpcf7-form init\" aria-label=\"Yhteydenottolomake\" novalidate=\"novalidate\" data-status=\"init\">\n<fieldset class=\"hidden-fields-container\"><input type=\"hidden\" name=\"_wpcf7\" value=\"6876\" \/><input type=\"hidden\" name=\"_wpcf7_version\" value=\"6.1.3\" \/><input type=\"hidden\" name=\"_wpcf7_locale\" value=\"fi\" \/><input type=\"hidden\" name=\"_wpcf7_unit_tag\" value=\"wpcf7-f6876-o1\" \/><input type=\"hidden\" name=\"_wpcf7_container_post\" value=\"0\" \/><input type=\"hidden\" name=\"_wpcf7_posted_data_hash\" value=\"\" \/><input type=\"hidden\" name=\"_wpcf7_recaptcha_response\" value=\"\" \/>\n<\/fieldset>\n<div class=\"columns_wrap\">\n\t<div class=\"column-1_1\">\n\t\t<h5 style=\"margin-top: 0;\">1. Mist\u00e4 sait tiet\u00e4\u00e4 klinikastamme? *\n\t\t<\/h5>\n\t\t<p><span class=\"wpcf7-form-control-wrap\" data-name=\"Mistasaittietaa\"><span class=\"wpcf7-form-control wpcf7-radio\"><span class=\"wpcf7-list-item first\"><label><input type=\"radio\" name=\"Mistasaittietaa\" value=\"Suosituksena\" \/><span class=\"wpcf7-list-item-label\">Suosituksena<\/span><\/label><\/span><span class=\"wpcf7-list-item\"><label><input type=\"radio\" name=\"Mistasaittietaa\" value=\"L\u00e4\u00e4k\u00e4rilt\u00e4\" \/><span class=\"wpcf7-list-item-label\">L\u00e4\u00e4k\u00e4rilt\u00e4<\/span><\/label><\/span><span class=\"wpcf7-list-item\"><label><input type=\"radio\" name=\"Mistasaittietaa\" value=\"Google-haulla\" \/><span class=\"wpcf7-list-item-label\">Google-haulla<\/span><\/label><\/span><span class=\"wpcf7-list-item\"><label><input type=\"radio\" name=\"Mistasaittietaa\" value=\"Sosiaalisesta mediasta\" \/><span class=\"wpcf7-list-item-label\">Sosiaalisesta mediasta<\/span><\/label><\/span><span class=\"wpcf7-list-item last\"><label><input type=\"radio\" name=\"Mistasaittietaa\" value=\"Muu, kerro tarkemmin\" \/><span class=\"wpcf7-list-item-label\">Muu, kerro tarkemmin<\/span><\/label><\/span><\/span><\/span><span class=\"wpcf7-form-control-wrap\" data-name=\"muu-mistasaittietaa\"><input size=\"40\" maxlength=\"400\" class=\"wpcf7-form-control wpcf7-text\" aria-invalid=\"false\" value=\"\" type=\"text\" name=\"muu-mistasaittietaa\" \/><\/span>\n\t\t<\/p>\n\t<\/div>\n<\/div>\n<div class=\"columns_wrap\">\n\t<div class=\"column-1_1\">\n\t\t<h5 style=\"margin-top: 0;\">2. Kuinka tyytyv\u00e4inen olet klinikkaan (turvallisuus, mukavuus, yksityisyys, sijainti, tilat ja puhtaus)? *\n\t\t<\/h5>\n\t\t<p><span class=\"wpcf7-form-control-wrap\" data-name=\"kuinka-tyytyvainen-olet\"><span class=\"wpcf7-form-control wpcf7-radio\"><span class=\"wpcf7-list-item first\"><label><input type=\"radio\" name=\"kuinka-tyytyvainen-olet\" value=\"Eritt\u00e4in tyytyv\u00e4inen\" \/><span class=\"wpcf7-list-item-label\">Eritt\u00e4in tyytyv\u00e4inen<\/span><\/label><\/span><span class=\"wpcf7-list-item\"><label><input type=\"radio\" name=\"kuinka-tyytyvainen-olet\" value=\"Tyytyv\u00e4inen\" \/><span class=\"wpcf7-list-item-label\">Tyytyv\u00e4inen<\/span><\/label><\/span><span class=\"wpcf7-list-item\"><label><input type=\"radio\" name=\"kuinka-tyytyvainen-olet\" value=\"Ei kovin hyv\u00e4\" \/><span class=\"wpcf7-list-item-label\">Ei kovin hyv\u00e4<\/span><\/label><\/span><span class=\"wpcf7-list-item last\"><label><input type=\"radio\" name=\"kuinka-tyytyvainen-olet\" value=\"Muu, kerro tarkemmin\" \/><span class=\"wpcf7-list-item-label\">Muu, kerro tarkemmin<\/span><\/label><\/span><\/span><\/span><span class=\"wpcf7-form-control-wrap\" data-name=\"muu-kuirahule\"><input size=\"40\" maxlength=\"400\" class=\"wpcf7-form-control wpcf7-text\" aria-invalid=\"false\" value=\"\" type=\"text\" name=\"muu-kuirahule\" \/><\/span>\n\t\t<\/p>\n\t<\/div>\n<\/div>\n<div class=\"columns_wrap\">\n\t<div class=\"column-1_1\">\n\t\t<h5 style=\"margin-top: 0;\">3. Olivatko klinikan ty\u00f6ntekij\u00f6iden selvitykset ymm\u00e4rrett\u00e4vi\u00e4? *\n\t\t<\/h5>\n\t\t<p><span class=\"wpcf7-form-control-wrap\" data-name=\"olivatko-ymmarrettavia\"><span class=\"wpcf7-form-control wpcf7-radio\"><span class=\"wpcf7-list-item first\"><label><input type=\"radio\" name=\"olivatko-ymmarrettavia\" value=\"Kyll\u00e4\" \/><span class=\"wpcf7-list-item-label\">Kyll\u00e4<\/span><\/label><\/span><span class=\"wpcf7-list-item\"><label><input type=\"radio\" name=\"olivatko-ymmarrettavia\" value=\"Osittain\" \/><span class=\"wpcf7-list-item-label\">Osittain<\/span><\/label><\/span><span class=\"wpcf7-list-item last\"><label><input type=\"radio\" name=\"olivatko-ymmarrettavia\" value=\"Eiv\u00e4t lainkaan (lis\u00e4\u00e4 oma suositus)\" \/><span class=\"wpcf7-list-item-label\">Eiv\u00e4t lainkaan (lis\u00e4\u00e4 oma suositus)<\/span><\/label><\/span><\/span><\/span><span class=\"wpcf7-form-control-wrap\" data-name=\"kasarusaadavad\"><input size=\"40\" maxlength=\"400\" class=\"wpcf7-form-control wpcf7-text\" aria-invalid=\"false\" value=\"\" type=\"text\" name=\"kasarusaadavad\" \/><\/span>\n\t\t<\/p>\n\t<\/div>\n<\/div>\n<div class=\"columns_wrap\">\n\t<div class=\"column-1_1\">\n\t\t<h5 style=\"margin-top: 0;\">4. Haluaisitko mainita viel\u00e4 jotain muuta, mik\u00e4 auttaisi kehitt\u00e4m\u00e4\u00e4n potilaskokemusta?\n\t\t<\/h5>\n\t\t<p><span class=\"wpcf7-form-control-wrap\" data-name=\"erladivaljatuua\"><input size=\"40\" maxlength=\"400\" class=\"wpcf7-form-control wpcf7-text\" aria-invalid=\"false\" value=\"\" type=\"text\" name=\"erladivaljatuua\" \/><\/span>\n\t\t<\/p>\n\t<\/div>\n<\/div>\n<div class=\"columns_wrap\">\n\t<div class=\"column-1_1\">\n\t\t<h5 style=\"margin-top: 0;\">5. Suosittelisitko klinikkaa muille? *\n\t\t<\/h5>\n\t\t<p><span class=\"wpcf7-form-control-wrap\" data-name=\"suosittelemuille\"><span class=\"wpcf7-form-control wpcf7-radio\"><span class=\"wpcf7-list-item first\"><label><input type=\"radio\" name=\"suosittelemuille\" value=\"Kyll\u00e4\" \/><span class=\"wpcf7-list-item-label\">Kyll\u00e4<\/span><\/label><\/span><span class=\"wpcf7-list-item last\"><label><input type=\"radio\" name=\"suosittelemuille\" value=\"En\" \/><span class=\"wpcf7-list-item-label\">En<\/span><\/label><\/span><\/span><\/span>\n\t\t<\/p>\n\t<\/div>\n<\/div>\n<div class=\"columns_wrap\">\n\t<div class=\"column-1_1\">\n\t\t<h5 style=\"margin-top: 0;\">6. Voimmeko k\u00e4ytt\u00e4\u00e4 antamaasi palautetta Next Fertility Nordicin sivustolla ja klinikkaamme liittyvill\u00e4 sosiaalisen median kanavilla? *\n\t\t<\/h5>\n\t\t<p><span class=\"wpcf7-form-control-wrap\" data-name=\"Sosiaalinen\"><span class=\"wpcf7-form-control wpcf7-checkbox wpcf7-validates-as-required\"><span class=\"wpcf7-list-item first last\"><label><input type=\"checkbox\" name=\"Sosiaalinen[]\" value=\"Hyv\u00e4ksyn antamani anonyymin palautteen julkaisemisen klinikan sivustolla ja sosiaalisessa mediassa.\" \/><span class=\"wpcf7-list-item-label\">Hyv\u00e4ksyn antamani anonyymin palautteen julkaisemisen klinikan sivustolla ja sosiaalisessa mediassa.<\/span><\/label><\/span><\/span><\/span><span class=\"wpcf7-form-control-wrap\" data-name=\"your-acceptance\"><span class=\"wpcf7-form-control wpcf7-acceptance\"><span class=\"wpcf7-list-item\"><label><input type=\"checkbox\" name=\"your-acceptance\" value=\"1\" aria-invalid=\"false\" \/><span class=\"wpcf7-list-item-label\"><a href=\"https:\/\/next-fertilitynordic.com\/fi\/tietosuojakaytanto\/\" target=\"_blank\">Hyv\u00e4ksyn tietosuojan<\/a><\/span><\/label><\/span><\/span><\/span><span class=\"button_wide\"><input class=\"wpcf7-form-control wpcf7-submit has-spinner\" type=\"submit\" value=\"L\u00c4HET\u00c4 PALAUTE\" \/><\/span>\n\t\t<\/p>\n\t<\/div>\n<\/div><div class=\"wpcf7-response-output\" aria-hidden=\"true\"><\/div>\n<\/form>\n<\/div>\n[\/vc_column][\/vc_row]<\/p>\n<\/section>","protected":false},"excerpt":{"rendered":"<p>[vc_row][vc_column][\/vc_column][\/vc_row][vc_row full_width=&#8221;stretch_row&#8221; el_id=&#8221;services&#8221; css=&#8221;.vc_custom_1621842370121{background-image: url(https:\/\/next-fertilitynordic.com\/wp-content\/uploads\/2021\/02\/page_gradient.jpg?id=1199) !important;}&#8221;][vc_column offset=&#8221;vc_col-lg-offset-3 vc_col-lg-6&#8243;][\/vc_column][\/vc_row]<\/p>\n","protected":false},"author":990015,"featured_media":0,"parent":0,"menu_order":0,"comment_status":"closed","ping_status":"closed","template":"","meta":{"footnotes":""},"class_list":["post-6877","page","type-page","status-publish","hentry"],"yoast_head":"<!-- This site is optimized with the Yoast SEO plugin v27.3 - https:\/\/yoast.com\/product\/yoast-seo-wordpress\/ -->\n<title>Palautekysely miehille - Next Fertility Nordic<\/title>\n<meta name=\"description\" content=\"Kiitos, ett\u00e4 p\u00e4\u00e4tit osallistua munasolujen luovutusohjelmaamme! Palaute on meille eritt\u00e4in t\u00e4rke\u00e4\u00e4 toimintamme kehitt\u00e4misess\u00e4.\" \/>\n<meta name=\"robots\" content=\"index, follow, max-snippet:-1, max-image-preview:large, max-video-preview:-1\" \/>\n<link rel=\"canonical\" href=\"https:\/\/next-fertilitynordic.com\/fi\/palautekysely-miehille\/\" \/>\n<meta property=\"og:locale\" content=\"fi_FI\" \/>\n<meta property=\"og:type\" content=\"article\" \/>\n<meta property=\"og:title\" content=\"Palautekysely miehille - Next Fertility Nordic\" \/>\n<meta property=\"og:description\" content=\"Kiitos, ett\u00e4 p\u00e4\u00e4tit osallistua munasolujen luovutusohjelmaamme! Palaute on meille eritt\u00e4in t\u00e4rke\u00e4\u00e4 toimintamme kehitt\u00e4misess\u00e4.\" \/>\n<meta property=\"og:url\" content=\"https:\/\/next-fertilitynordic.com\/fi\/palautekysely-miehille\/\" \/>\n<meta property=\"og:site_name\" content=\"Next Fertility Nordic\" \/>\n<meta property=\"article:publisher\" content=\"https:\/\/www.facebook.com\/nextfertilitynordic\" \/>\n<meta property=\"article:modified_time\" content=\"2022-02-25T11:30:30+00:00\" \/>\n<meta name=\"twitter:card\" content=\"summary_large_image\" \/>\n<script type=\"application\/ld+json\" class=\"yoast-schema-graph\">{\"@context\":\"https:\\\/\\\/schema.org\",\"@graph\":[{\"@type\":\"WebPage\",\"@id\":\"https:\\\/\\\/next-fertilitynordic.com\\\/fi\\\/palautekysely-miehille\\\/\",\"url\":\"https:\\\/\\\/next-fertilitynordic.com\\\/fi\\\/palautekysely-miehille\\\/\",\"name\":\"Palautekysely miehille - Next Fertility Nordic\",\"isPartOf\":{\"@id\":\"https:\\\/\\\/next-fertilitynordic.com\\\/en\\\/#website\"},\"datePublished\":\"2022-02-25T11:30:28+00:00\",\"dateModified\":\"2022-02-25T11:30:30+00:00\",\"description\":\"Kiitos, ett\u00e4 p\u00e4\u00e4tit osallistua munasolujen luovutusohjelmaamme! Palaute on meille eritt\u00e4in t\u00e4rke\u00e4\u00e4 toimintamme kehitt\u00e4misess\u00e4.\",\"inLanguage\":\"fi\",\"potentialAction\":[{\"@type\":\"ReadAction\",\"target\":[\"https:\\\/\\\/next-fertilitynordic.com\\\/fi\\\/palautekysely-miehille\\\/\"]}]},{\"@type\":\"WebSite\",\"@id\":\"https:\\\/\\\/next-fertilitynordic.com\\\/en\\\/#website\",\"url\":\"https:\\\/\\\/next-fertilitynordic.com\\\/en\\\/\",\"name\":\"Next Fertility Nordic\",\"description\":\"Abiks pere loomisel\",\"publisher\":{\"@id\":\"https:\\\/\\\/next-fertilitynordic.com\\\/en\\\/#organization\"},\"potentialAction\":[{\"@type\":\"SearchAction\",\"target\":{\"@type\":\"EntryPoint\",\"urlTemplate\":\"https:\\\/\\\/next-fertilitynordic.com\\\/en\\\/?s={search_term_string}\"},\"query-input\":{\"@type\":\"PropertyValueSpecification\",\"valueRequired\":true,\"valueName\":\"search_term_string\"}}],\"inLanguage\":\"fi\"},{\"@type\":\"Organization\",\"@id\":\"https:\\\/\\\/next-fertilitynordic.com\\\/en\\\/#organization\",\"name\":\"Next Fertility Nordic\",\"url\":\"https:\\\/\\\/next-fertilitynordic.com\\\/en\\\/\",\"logo\":{\"@type\":\"ImageObject\",\"inLanguage\":\"fi\",\"@id\":\"https:\\\/\\\/next-fertilitynordic.com\\\/en\\\/#\\\/schema\\\/logo\\\/image\\\/\",\"url\":\"https:\\\/\\\/next-fertilitynordic.com\\\/wp-content\\\/uploads\\\/2021\\\/04\\\/next-fert-posit-f-col-bg.png\",\"contentUrl\":\"https:\\\/\\\/next-fertilitynordic.com\\\/wp-content\\\/uploads\\\/2021\\\/04\\\/next-fert-posit-f-col-bg.png\",\"width\":1200,\"height\":297,\"caption\":\"Next Fertility Nordic\"},\"image\":{\"@id\":\"https:\\\/\\\/next-fertilitynordic.com\\\/en\\\/#\\\/schema\\\/logo\\\/image\\\/\"},\"sameAs\":[\"https:\\\/\\\/www.facebook.com\\\/nextfertilitynordic\",\"https:\\\/\\\/www.instagram.com\\\/nextfertilitynordic\\\/\"]}]}<\/script>\n<!-- \/ Yoast SEO plugin. -->","yoast_head_json":{"title":"Palautekysely miehille - Next Fertility Nordic","description":"Kiitos, ett\u00e4 p\u00e4\u00e4tit osallistua munasolujen luovutusohjelmaamme! Palaute on meille eritt\u00e4in t\u00e4rke\u00e4\u00e4 toimintamme kehitt\u00e4misess\u00e4.","robots":{"index":"index","follow":"follow","max-snippet":"max-snippet:-1","max-image-preview":"max-image-preview:large","max-video-preview":"max-video-preview:-1"},"canonical":"https:\/\/next-fertilitynordic.com\/fi\/palautekysely-miehille\/","og_locale":"fi_FI","og_type":"article","og_title":"Palautekysely miehille - Next Fertility Nordic","og_description":"Kiitos, ett\u00e4 p\u00e4\u00e4tit osallistua munasolujen luovutusohjelmaamme! Palaute on meille eritt\u00e4in t\u00e4rke\u00e4\u00e4 toimintamme kehitt\u00e4misess\u00e4.","og_url":"https:\/\/next-fertilitynordic.com\/fi\/palautekysely-miehille\/","og_site_name":"Next Fertility Nordic","article_publisher":"https:\/\/www.facebook.com\/nextfertilitynordic","article_modified_time":"2022-02-25T11:30:30+00:00","twitter_card":"summary_large_image","schema":{"@context":"https:\/\/schema.org","@graph":[{"@type":"WebPage","@id":"https:\/\/next-fertilitynordic.com\/fi\/palautekysely-miehille\/","url":"https:\/\/next-fertilitynordic.com\/fi\/palautekysely-miehille\/","name":"Palautekysely miehille - Next Fertility Nordic","isPartOf":{"@id":"https:\/\/next-fertilitynordic.com\/en\/#website"},"datePublished":"2022-02-25T11:30:28+00:00","dateModified":"2022-02-25T11:30:30+00:00","description":"Kiitos, ett\u00e4 p\u00e4\u00e4tit osallistua munasolujen luovutusohjelmaamme! Palaute on meille eritt\u00e4in t\u00e4rke\u00e4\u00e4 toimintamme kehitt\u00e4misess\u00e4.","inLanguage":"fi","potentialAction":[{"@type":"ReadAction","target":["https:\/\/next-fertilitynordic.com\/fi\/palautekysely-miehille\/"]}]},{"@type":"WebSite","@id":"https:\/\/next-fertilitynordic.com\/en\/#website","url":"https:\/\/next-fertilitynordic.com\/en\/","name":"Next Fertility Nordic","description":"Abiks pere loomisel","publisher":{"@id":"https:\/\/next-fertilitynordic.com\/en\/#organization"},"potentialAction":[{"@type":"SearchAction","target":{"@type":"EntryPoint","urlTemplate":"https:\/\/next-fertilitynordic.com\/en\/?s={search_term_string}"},"query-input":{"@type":"PropertyValueSpecification","valueRequired":true,"valueName":"search_term_string"}}],"inLanguage":"fi"},{"@type":"Organization","@id":"https:\/\/next-fertilitynordic.com\/en\/#organization","name":"Next Fertility Nordic","url":"https:\/\/next-fertilitynordic.com\/en\/","logo":{"@type":"ImageObject","inLanguage":"fi","@id":"https:\/\/next-fertilitynordic.com\/en\/#\/schema\/logo\/image\/","url":"https:\/\/next-fertilitynordic.com\/wp-content\/uploads\/2021\/04\/next-fert-posit-f-col-bg.png","contentUrl":"https:\/\/next-fertilitynordic.com\/wp-content\/uploads\/2021\/04\/next-fert-posit-f-col-bg.png","width":1200,"height":297,"caption":"Next Fertility Nordic"},"image":{"@id":"https:\/\/next-fertilitynordic.com\/en\/#\/schema\/logo\/image\/"},"sameAs":["https:\/\/www.facebook.com\/nextfertilitynordic","https:\/\/www.instagram.com\/nextfertilitynordic\/"]}]}},"_links":{"self":[{"href":"https:\/\/next-fertilitynordic.com\/fi\/wp-json\/wp\/v2\/pages\/6877","targetHints":{"allow":["GET"]}}],"collection":[{"href":"https:\/\/next-fertilitynordic.com\/fi\/wp-json\/wp\/v2\/pages"}],"about":[{"href":"https:\/\/next-fertilitynordic.com\/fi\/wp-json\/wp\/v2\/types\/page"}],"author":[{"embeddable":true,"href":"https:\/\/next-fertilitynordic.com\/fi\/wp-json\/wp\/v2\/users\/990015"}],"replies":[{"embeddable":true,"href":"https:\/\/next-fertilitynordic.com\/fi\/wp-json\/wp\/v2\/comments?post=6877"}],"version-history":[{"count":1,"href":"https:\/\/next-fertilitynordic.com\/fi\/wp-json\/wp\/v2\/pages\/6877\/revisions"}],"predecessor-version":[{"id":6878,"href":"https:\/\/next-fertilitynordic.com\/fi\/wp-json\/wp\/v2\/pages\/6877\/revisions\/6878"}],"wp:attachment":[{"href":"https:\/\/next-fertilitynordic.com\/fi\/wp-json\/wp\/v2\/media?parent=6877"}],"curies":[{"name":"wp","href":"https:\/\/api.w.org\/{rel}","templated":true}]}}