{"id":6925,"date":"2022-02-25T11:30:39","date_gmt":"2022-02-25T11:30:39","guid":{"rendered":"https:\/\/next-fertilitynordic.com\/new\/terveystietolomake-koeputkihedelmoitys-ivf\/"},"modified":"2022-02-25T11:30:41","modified_gmt":"2022-02-25T11:30:41","slug":"terveystietolomake-koeputkihedelmoitys-ivf","status":"publish","type":"page","link":"https:\/\/next-fertilitynordic.com\/fi\/terveystietolomake-koeputkihedelmoitys-ivf\/","title":{"rendered":"Terveystietolomake \u2013 koeputkihedelm\u00f6itys (IVF)"},"content":{"rendered":"<section class=\"wpb-content-wrapper\"><p>[vc_row][vc_column]<div id=\"sc_title_280638928\"\n\t\tclass=\"sc_title sc_title_default  vc_custom_1634892346052\"><h3 class=\"sc_item_title sc_title_title sc_align_center sc_item_title_style_default\">Terveystietolomake<\/h3><h6 class=\"sc_item_subtitle sc_title_subtitle sc_align_center sc_item_title_style_default\">Kiitos, ett\u00e4 valitsit Next Fertility Nordic -klinikan<\/h6><div class=\"sc_item_descr sc_title_descr sc_align_center\">Pyyd\u00e4mme t\u00e4ytt\u00e4m\u00e4\u00e4n alla olevat tiedot, jotta l\u00e4\u00e4k\u00e4ri voi valmistautua paremmin vastaanotolle. Ilmoittamasi tiedot saapuvat turvallisesti s\u00e4hk\u00f6postiimme.<\/div><\/div><!-- \/.sc_title -->[\/vc_column][\/vc_row][vc_row full_width=&#8221;stretch_row&#8221; el_id=&#8221;services&#8221; css=&#8221;.vc_custom_1621326659792{background-image: url(https:\/\/next-fertilitynordic.com\/wp-content\/uploads\/2021\/02\/page_gradient.jpg?id=1199) !important;}&#8221;][vc_column offset=&#8221;vc_col-lg-offset-3 vc_col-lg-6&#8243;]\n<div class=\"wpcf7 no-js\" id=\"wpcf7-f6924-o1\" lang=\"fi\" dir=\"ltr\" data-wpcf7-id=\"6924\">\n<div class=\"screen-reader-response\"><p role=\"status\" aria-live=\"polite\" aria-atomic=\"true\"><\/p> <ul><\/ul><\/div>\n<form action=\"\/fi\/wp-json\/wp\/v2\/pages\/6925#wpcf7-f6924-o1\" method=\"post\" class=\"wpcf7-form init\" aria-label=\"Yhteydenottolomake\" novalidate=\"novalidate\" data-status=\"init\">\n<fieldset class=\"hidden-fields-container\"><input type=\"hidden\" name=\"_wpcf7\" value=\"6924\" \/><input type=\"hidden\" name=\"_wpcf7_version\" value=\"6.1.3\" \/><input type=\"hidden\" name=\"_wpcf7_locale\" value=\"fi\" \/><input type=\"hidden\" name=\"_wpcf7_unit_tag\" value=\"wpcf7-f6924-o1\" \/><input type=\"hidden\" name=\"_wpcf7_container_post\" value=\"0\" \/><input type=\"hidden\" name=\"_wpcf7_posted_data_hash\" value=\"\" \/><input type=\"hidden\" name=\"_wpcf7_recaptcha_response\" value=\"\" \/>\n<\/fieldset>\n<div class=\"columns_wrap\">\n\t<div class=\"column-1_1\">\n\t\t<h2>Henkil\u00f6tiedot\n\t\t<\/h2>\n\t\t<h6>Etu- ja sukunimi:\n\t\t<\/h6>\n\t\t<p><span class=\"wpcf7-form-control-wrap\" data-name=\"Etu-jasukunimi\"><input size=\"40\" maxlength=\"400\" class=\"wpcf7-form-control wpcf7-text wpcf7-validates-as-required\" aria-required=\"true\" aria-invalid=\"false\" value=\"\" type=\"text\" name=\"Etu-jasukunimi\" \/><\/span>\n\t\t<\/p>\n\t\t<h6>Henkil\u00f6tunnus\n\t\t<\/h6>\n\t\t<p><span class=\"wpcf7-form-control-wrap\" data-name=\"henkilotunnus\"><input class=\"wpcf7-form-control wpcf7-number wpcf7-validates-as-required wpcf7-validates-as-number\" aria-required=\"true\" aria-invalid=\"false\" value=\"\" type=\"number\" name=\"henkilotunnus\" \/><\/span>\n\t\t<\/p>\n\t\t<h6>Osoite\n\t\t<\/h6>\n\t\t<p><span class=\"wpcf7-form-control-wrap\" data-name=\"osoite\"><input size=\"40\" maxlength=\"400\" class=\"wpcf7-form-control wpcf7-text wpcf7-validates-as-required\" aria-required=\"true\" aria-invalid=\"false\" value=\"\" type=\"text\" name=\"osoite\" \/><\/span>\n\t\t<\/p>\n\t\t<h6>Puhelinnumero\n\t\t<\/h6>\n\t\t<p><span class=\"wpcf7-form-control-wrap\" data-name=\"puhelinnumero\"><input class=\"wpcf7-form-control wpcf7-number wpcf7-validates-as-required wpcf7-validates-as-number\" aria-required=\"true\" aria-invalid=\"false\" value=\"\" type=\"number\" name=\"puhelinnumero\" \/><\/span>\n\t\t<\/p>\n\t\t<h6>S\u00e4hk\u00f6postiosoite\n\t\t<\/h6>\n\t\t<p><span class=\"wpcf7-form-control-wrap\" data-name=\"sahkopostiosoite\"><input size=\"40\" maxlength=\"400\" class=\"wpcf7-form-control wpcf7-email wpcf7-validates-as-required wpcf7-text wpcf7-validates-as-email\" aria-required=\"true\" aria-invalid=\"false\" value=\"\" type=\"email\" name=\"sahkopostiosoite\" \/><\/span>\n\t\t<\/p>\n\t\t<h6>Siviilis\u00e4\u00e4ty\n\t\t<\/h6>\n\t\t<p><span class=\"wpcf7-form-control-wrap\" data-name=\"siviilisaaty\"><input size=\"40\" maxlength=\"400\" class=\"wpcf7-form-control wpcf7-text wpcf7-validates-as-required\" aria-required=\"true\" aria-invalid=\"false\" value=\"\" type=\"text\" name=\"siviilisaaty\" \/><\/span>\n\t\t<\/p>\n\t\t<h6>Kumppanin nimi\n\t\t<\/h6>\n\t\t<p><span class=\"wpcf7-form-control-wrap\" data-name=\"kumppaninnimi\"><input size=\"40\" maxlength=\"400\" class=\"wpcf7-form-control wpcf7-text wpcf7-validates-as-required\" aria-required=\"true\" aria-invalid=\"false\" value=\"\" type=\"text\" name=\"kumppaninnimi\" \/><\/span>\n\t\t<\/p>\n\t\t<h6>Kumppanin henkil\u00f6tunnus\n\t\t<\/h6>\n\t\t<p><span class=\"wpcf7-form-control-wrap\" data-name=\"henkilotunnus2\"><input class=\"wpcf7-form-control wpcf7-number wpcf7-validates-as-required wpcf7-validates-as-number\" aria-required=\"true\" aria-invalid=\"false\" value=\"\" type=\"number\" name=\"henkilotunnus2\" \/><\/span>\n\t\t<\/p>\n\t<\/div>\n<\/div>\n<div class=\"columns_wrap\">\n\t<div class=\"column-1_1\">\n\t\t<h2>Yleiset tiedot\n\t\t<\/h2>\n\t\t<h6>Pituus\n\t\t<\/h6>\n\t\t<p><span class=\"wpcf7-form-control-wrap\" data-name=\"pituus\"><input class=\"wpcf7-form-control wpcf7-number wpcf7-validates-as-required wpcf7-validates-as-number\" aria-required=\"true\" aria-invalid=\"false\" value=\"\" type=\"number\" name=\"pituus\" \/><\/span> cm\n\t\t<\/p>\n\t\t<h6>Paino\n\t\t<\/h6>\n\t\t<p><span class=\"wpcf7-form-control-wrap\" data-name=\"paino\"><input class=\"wpcf7-form-control wpcf7-number wpcf7-validates-as-required wpcf7-validates-as-number\" aria-required=\"true\" aria-invalid=\"false\" value=\"\" type=\"number\" name=\"paino\" \/><\/span> kg\n\t\t<\/p>\n\t\t<h6>Allergiat\n\t\t<\/h6>\n\t\t<p><span class=\"wpcf7-form-control-wrap\" data-name=\"allergiat\"><input size=\"40\" maxlength=\"400\" class=\"wpcf7-form-control wpcf7-text wpcf7-validates-as-required\" aria-required=\"true\" aria-invalid=\"false\" value=\"\" type=\"text\" name=\"allergiat\" \/><\/span>\n\t\t<\/p>\n\t\t<h6>K\u00e4ytett\u00e4v\u00e4t l\u00e4\u00e4kkeet\n\t\t<\/h6>\n\t\t<p><span class=\"wpcf7-form-control-wrap\" data-name=\"laakkeet\"><input size=\"40\" maxlength=\"400\" class=\"wpcf7-form-control wpcf7-text wpcf7-validates-as-required\" aria-required=\"true\" aria-invalid=\"false\" value=\"\" type=\"text\" name=\"laakkeet\" \/><\/span>\n\t\t<\/p>\n\t\t<h6>Vitamiinit\/ravintolis\u00e4t\n\t\t<\/h6>\n\t\t<p><span class=\"wpcf7-form-control-wrap\" data-name=\"vitamiinit\"><input size=\"40\" maxlength=\"400\" class=\"wpcf7-form-control wpcf7-text wpcf7-validates-as-required\" aria-required=\"true\" aria-invalid=\"false\" value=\"\" type=\"text\" name=\"vitamiinit\" \/><\/span>\n\t\t<\/p>\n\t<\/div>\n<\/div>\n<div class=\"columns_wrap\">\n\t<div class=\"column-1_1\">\n\t\t<h2>Gynekologiset tiedot\n\t\t<\/h2>\n\t\t<h6>Mink\u00e4 ik\u00e4isen\u00e4 kuukautiset alkoivat?\n\t\t<\/h6>\n\t\t<p>[number* -vuotiaana]. -vuotiaana\n\t\t<\/p>\n\t\t<h6>Kierron pituus p\u00e4ivin\u00e4 (kuukautisten alkamisp\u00e4iv\u00e4st\u00e4 seuraavien kuukautisten alkamisp\u00e4iv\u00e4\u00e4n)\n\t\t<\/h6>\n\t\t<p><span class=\"wpcf7-form-control-wrap\" data-name=\"days\"><input class=\"wpcf7-form-control wpcf7-number wpcf7-validates-as-required wpcf7-validates-as-number\" aria-required=\"true\" aria-invalid=\"false\" value=\"\" type=\"number\" name=\"days\" \/><\/span>. p\u00e4iv\u00e4\u00e4\n\t\t<\/p>\n\t\t<h6>Vuodon kesto p\u00e4ivin\u00e4\n\t\t<\/h6>\n\t\t<p><span class=\"wpcf7-form-control-wrap\" data-name=\"vuoto\"><input class=\"wpcf7-form-control wpcf7-number wpcf7-validates-as-required wpcf7-validates-as-number\" min=\"1\" max=\"30\" aria-required=\"true\" aria-invalid=\"false\" value=\"\" type=\"number\" name=\"vuoto\" \/><\/span>. p\u00e4iv\u00e4\u00e4\n\t\t<\/p>\n\t\t<h6>Ovatko kuukautiset kivuliaat?\n\t\t<\/h6>\n\t\t<p><span class=\"wpcf7-form-control-wrap\" data-name=\"kivut\"><input size=\"40\" maxlength=\"400\" class=\"wpcf7-form-control wpcf7-text wpcf7-validates-as-required\" aria-required=\"true\" aria-invalid=\"false\" value=\"\" type=\"text\" name=\"kivut\" \/><\/span>\n\t\t<\/p>\n\t\t<h6>Viimeisten kuukautisten alkamisp\u00e4iv\u00e4\n\t\t<\/h6>\n\t\t<p><span class=\"wpcf7-form-control-wrap\" data-name=\"date\"><input class=\"wpcf7-form-control wpcf7-date wpcf7-validates-as-required wpcf7-validates-as-date\" aria-required=\"true\" aria-invalid=\"false\" value=\"\" type=\"date\" name=\"date\" \/><\/span>\n\t\t<\/p>\n\t\t<h6>Aiemmat raskaudet ja synnytykset\n\t\t<\/h6>\n\t\t<p><span class=\"wpcf7-form-control-wrap\" data-name=\"synnitused\"><input size=\"40\" maxlength=\"400\" class=\"wpcf7-form-control wpcf7-text wpcf7-validates-as-required\" aria-required=\"true\" aria-invalid=\"false\" value=\"\" type=\"text\" name=\"synnitused\" \/><\/span>\n\t\t<\/p>\n\t<\/div>\n<\/div>\n<div class=\"columns_wrap\">\n\t<div class=\"column-1_1\">\n\t\t<h2>Raskauteen liittyv\u00e4t kysymykset\n\t\t<\/h2>\n\t\t<h6>Mist\u00e4 vuodesta alkaen olet yritt\u00e4nyt tulla raskaaksi?\n\t\t<\/h6>\n\t\t<p><span class=\"wpcf7-form-control-wrap\" data-name=\"raskaustoive\"><input size=\"40\" maxlength=\"400\" class=\"wpcf7-form-control wpcf7-text wpcf7-validates-as-required\" aria-required=\"true\" aria-invalid=\"false\" value=\"\" type=\"text\" name=\"raskaustoive\" \/><\/span>\n\t\t<\/p>\n\t\t<h6>Onko sinulle tehty hedelm\u00e4llisyystutkimuksia? Millaista?\n\t\t<\/h6>\n\t\t<p><span class=\"wpcf7-form-control-wrap\" data-name=\"lapsettomuustutkimukset\"><input size=\"40\" maxlength=\"400\" class=\"wpcf7-form-control wpcf7-text wpcf7-validates-as-required\" aria-required=\"true\" aria-invalid=\"false\" value=\"\" type=\"text\" name=\"lapsettomuustutkimukset\" \/><\/span>\n\t\t<\/p>\n\t\t<h6>Oletko aiemmin saanut lapsettomuushoitoja? Milloin?\n\t\t<\/h6>\n\t\t<p><span class=\"wpcf7-form-control-wrap\" data-name=\"lapsettomuushoito\"><input size=\"40\" maxlength=\"400\" class=\"wpcf7-form-control wpcf7-text wpcf7-validates-as-required\" aria-required=\"true\" aria-invalid=\"false\" value=\"\" type=\"text\" name=\"lapsettomuushoito\" \/><\/span>\n\t\t<\/p>\n\t\t<h6>Jos olet tehnyt ovulaatiotestin, millaisena kierron p\u00e4iv\u00e4n\u00e4 testi oli positiivinen?\n\t\t<\/h6>\n\t\t<p><span class=\"wpcf7-form-control-wrap\" data-name=\"ovulaatiotesti\"><input class=\"wpcf7-form-control wpcf7-number wpcf7-validates-as-number\" aria-invalid=\"false\" value=\"\" type=\"number\" name=\"ovulaatiotesti\" \/><\/span>. p\u00e4iv\u00e4n\u00e4\n\t\t<\/p>\n\t\t<h6>Onko sinulla sukupuoliel\u00e4m\u00e4\u00e4n liittyvi\u00e4 ongelmia?\n\t\t<\/h6>\n\t\t<p>[text* sukupuoliel\u00e4m\u00e4]\n\t\t<\/p>\n\t<\/div>\n<\/div>\n<div class=\"columns_wrap\">\n\t<div class=\"column-1_1\">\n\t\t<h2>Sairaudet\n\t\t<\/h2>\n\t\t<h6>Krooniset sairaudet (esimerkiksi hengitysteiden, syd\u00e4n- ja verisuonielinten, munuaisten, maksan ja ruoansulatusj\u00e4rjestelm\u00e4n sairaudet, diabetes)\n\t\t<\/h6>\n\t\t<p><span class=\"wpcf7-form-control-wrap\" data-name=\"sairaudet\"><input size=\"40\" maxlength=\"400\" class=\"wpcf7-form-control wpcf7-text wpcf7-validates-as-required\" aria-required=\"true\" aria-invalid=\"false\" value=\"\" type=\"text\" name=\"sairaudet\" \/><\/span>\n\t\t<\/p>\n\t\t<h6>Tartuntataudit (esim. HIV, B-, C-hepatiitti)\n\t\t<\/h6>\n\t\t<p><span class=\"wpcf7-form-control-wrap\" data-name=\"tartuntataudit\"><input size=\"40\" maxlength=\"400\" class=\"wpcf7-form-control wpcf7-text wpcf7-validates-as-required\" aria-required=\"true\" aria-invalid=\"false\" value=\"\" type=\"text\" name=\"tartuntataudit\" \/><\/span>\n\t\t<\/p>\n\t\t<h6>Sukupuolitaudit (esim. klamydia, tippuri ja syfilis)\n\t\t<\/h6>\n\t\t<p><span class=\"wpcf7-form-control-wrap\" data-name=\"sukupuolitaudit\"><input size=\"40\" maxlength=\"400\" class=\"wpcf7-form-control wpcf7-text wpcf7-validates-as-required\" aria-required=\"true\" aria-invalid=\"false\" value=\"\" type=\"text\" name=\"sukupuolitaudit\" \/><\/span>\n\t\t<\/p>\n\t\t<h6>Onko sinulle tehty leikkauksia? Millaisia ja milloin?\n\t\t<\/h6>\n\t\t<p><span class=\"wpcf7-form-control-wrap\" data-name=\"op2\"><input size=\"40\" maxlength=\"400\" class=\"wpcf7-form-control wpcf7-text wpcf7-validates-as-required\" aria-required=\"true\" aria-invalid=\"false\" value=\"\" type=\"text\" name=\"op2\" \/><\/span>\n\t\t<\/p>\n\t\t<h6>\n\t\t<\/h6>\n\t\t<h6>\n\t\t<\/h6>\n\t<\/div>\n<\/div>\n<div class=\"columns_wrap\">\n\t<div class=\"column-1_1\">\n\t\t<h2>Haitalliset elintavat\n\t\t<\/h2>\n\t\t<h6>Altistutko s\u00e4teilylle tai kemikaaleille? <span class=\"wpcf7-form-control-wrap\" data-name=\"kemikaalit\"><input size=\"40\" maxlength=\"400\" class=\"wpcf7-form-control wpcf7-text wpcf7-validates-as-required\" aria-required=\"true\" aria-invalid=\"false\" value=\"\" type=\"text\" name=\"kemikaalit\" \/><\/span>\n\t\t<\/h6>\n\t\t<h6>Tupakoitko? Jos, niin kuinka pitk\u00e4\u00e4n olet tupakoinut? Kuinka monta savuketta p\u00e4iv\u00e4ss\u00e4?\n\t\t<\/h6>\n\t\t<p><span class=\"wpcf7-form-control-wrap\" data-name=\"tupakointi\"><input size=\"40\" maxlength=\"400\" class=\"wpcf7-form-control wpcf7-text wpcf7-validates-as-required\" aria-required=\"true\" aria-invalid=\"false\" value=\"\" type=\"text\" name=\"tupakointi\" \/><\/span>\n\t\t<\/p>\n\t\t<h6>K\u00e4yt\u00e4tk\u00f6 alkoholia? Kuinka usein?\n\t\t<\/h6>\n\t\t<p><span class=\"wpcf7-form-control-wrap\" data-name=\"alkoholi\"><input size=\"40\" maxlength=\"400\" class=\"wpcf7-form-control wpcf7-text wpcf7-validates-as-required\" aria-required=\"true\" aria-invalid=\"false\" value=\"\" type=\"text\" name=\"alkoholi\" \/><\/span>\n\t\t<\/p>\n\t\t<h6>K\u00e4yt\u00e4tk\u00f6 huumeita? Millaista?\n\t\t<\/h6>\n\t\t<p><span class=\"wpcf7-form-control-wrap\" data-name=\"huumausaine\"><input size=\"40\" maxlength=\"400\" class=\"wpcf7-form-control wpcf7-text wpcf7-validates-as-required\" aria-required=\"true\" aria-invalid=\"false\" value=\"\" type=\"text\" name=\"huumausaine\" \/><\/span>\n\t\t<\/p>\n\t<\/div>\n<\/div>\n<div class=\"columns_wrap\">\n\t<div class=\"column-1_1\">\n\t\t<h2>Korona\n\t\t<\/h2>\n\t\t<h6>Oletko sairastanut koronan? Milloin?\n\t\t<\/h6>\n\t\t<p><span class=\"wpcf7-form-control-wrap\" data-name=\"covid\"><input size=\"40\" maxlength=\"400\" class=\"wpcf7-form-control wpcf7-text wpcf7-validates-as-required\" aria-required=\"true\" aria-invalid=\"false\" value=\"\" type=\"text\" name=\"covid\" \/><\/span>\n\t\t<\/p>\n\t\t<h6>Oletko ottanut koronarokotukset? Milloin?\n\t\t<\/h6>\n\t\t<p><span class=\"wpcf7-form-control-wrap\" data-name=\"rokottaminen\"><input size=\"40\" maxlength=\"400\" class=\"wpcf7-form-control wpcf7-text wpcf7-validates-as-required\" aria-required=\"true\" aria-invalid=\"false\" value=\"\" type=\"text\" name=\"rokottaminen\" \/><\/span>\n\t\t<\/p>\n\t\t<h6>Mill\u00e4 rokotteella sinut on rokotettu?\n\t\t<\/h6>\n\t\t<p><span class=\"wpcf7-form-control-wrap\" data-name=\"annetturokote\"><input size=\"40\" maxlength=\"400\" class=\"wpcf7-form-control wpcf7-text wpcf7-validates-as-required\" aria-required=\"true\" aria-invalid=\"false\" value=\"\" type=\"text\" name=\"annetturokote\" \/><\/span>\n\t\t<\/p>\n\t<\/div>\n<\/div>\n<div class=\"columns_wrap\">\n\t<div class=\"column-1_1\">\n\t\t<p><span class=\"wpcf7-form-control-wrap\" data-name=\"your-acceptance\"><span class=\"wpcf7-form-control wpcf7-acceptance\"><span class=\"wpcf7-list-item\"><label><input type=\"checkbox\" name=\"your-acceptance\" value=\"1\" aria-invalid=\"false\" \/><span class=\"wpcf7-list-item-label\"><a href=\"https:\/\/next-fertilitynordic.com\/fi\/tietosuojakaytanto\/\" target=\"_blank\">Hyv\u00e4ksyn tietosuojan<\/a><\/span><\/label><\/span><\/span><\/span><span class=\"button_wide\"><input class=\"wpcf7-form-control wpcf7-submit has-spinner\" type=\"submit\" value=\"L\u00c4HET\u00c4 LOMAKE\" \/><\/span>\n\t\t<\/p>\n\t<\/div>\n<\/div><div class=\"wpcf7-response-output\" aria-hidden=\"true\"><\/div>\n<\/form>\n<\/div>\n[\/vc_column][\/vc_row]<\/p>\n<\/section>","protected":false},"excerpt":{"rendered":"<p>[vc_row][vc_column][\/vc_column][\/vc_row][vc_row full_width=&#8221;stretch_row&#8221; el_id=&#8221;services&#8221; css=&#8221;.vc_custom_1621326659792{background-image: url(https:\/\/next-fertilitynordic.com\/wp-content\/uploads\/2021\/02\/page_gradient.jpg?id=1199) !important;}&#8221;][vc_column offset=&#8221;vc_col-lg-offset-3 vc_col-lg-6&#8243;][\/vc_column][\/vc_row]<\/p>\n","protected":false},"author":990015,"featured_media":0,"parent":0,"menu_order":1,"comment_status":"closed","ping_status":"closed","template":"","meta":{"footnotes":""},"class_list":["post-6925","page","type-page","status-publish","hentry"],"yoast_head":"<!-- This site is optimized with the Yoast SEO plugin v27.4 - https:\/\/yoast.com\/product\/yoast-seo-wordpress\/ -->\n<title>Terveystietolomake \u2013 koeputkihedelm\u00f6itys (IVF) - Next Fertility Nordic<\/title>\n<meta name=\"robots\" content=\"index, follow, max-snippet:-1, max-image-preview:large, max-video-preview:-1\" \/>\n<link rel=\"canonical\" href=\"https:\/\/next-fertilitynordic.com\/fi\/terveystietolomake-koeputkihedelmoitys-ivf\/\" \/>\n<meta property=\"og:locale\" content=\"fi_FI\" \/>\n<meta property=\"og:type\" content=\"article\" \/>\n<meta property=\"og:title\" content=\"Terveystietolomake \u2013 koeputkihedelm\u00f6itys (IVF) - Next Fertility Nordic\" \/>\n<meta property=\"og:description\" content=\"[vc_row][vc_column][\/vc_column][\/vc_row][vc_row full_width=&#8221;stretch_row&#8221; el_id=&#8221;services&#8221; css=&#8221;.vc_custom_1621326659792{background-image: url(https:\/\/next-fertilitynordic.com\/wp-content\/uploads\/2021\/02\/page_gradient.jpg?id=1199) !important;}&#8221;][vc_column offset=&#8221;vc_col-lg-offset-3 vc_col-lg-6&#8243;][\/vc_column][\/vc_row]\" \/>\n<meta property=\"og:url\" content=\"https:\/\/next-fertilitynordic.com\/fi\/terveystietolomake-koeputkihedelmoitys-ivf\/\" \/>\n<meta property=\"og:site_name\" content=\"Next Fertility Nordic\" \/>\n<meta property=\"article:publisher\" content=\"https:\/\/www.facebook.com\/nextfertilitynordic\" \/>\n<meta property=\"article:modified_time\" content=\"2022-02-25T11:30:41+00:00\" \/>\n<meta name=\"twitter:card\" content=\"summary_large_image\" \/>\n<meta name=\"twitter:label1\" content=\"Arvioitu lukuaika\" \/>\n\t<meta name=\"twitter:data1\" content=\"1 minuutti\" \/>\n<script type=\"application\/ld+json\" class=\"yoast-schema-graph\">{\"@context\":\"https:\\\/\\\/schema.org\",\"@graph\":[{\"@type\":\"WebPage\",\"@id\":\"https:\\\/\\\/next-fertilitynordic.com\\\/fi\\\/terveystietolomake-koeputkihedelmoitys-ivf\\\/\",\"url\":\"https:\\\/\\\/next-fertilitynordic.com\\\/fi\\\/terveystietolomake-koeputkihedelmoitys-ivf\\\/\",\"name\":\"Terveystietolomake \u2013 koeputkihedelm\u00f6itys (IVF) - Next Fertility Nordic\",\"isPartOf\":{\"@id\":\"https:\\\/\\\/next-fertilitynordic.com\\\/en\\\/#website\"},\"datePublished\":\"2022-02-25T11:30:39+00:00\",\"dateModified\":\"2022-02-25T11:30:41+00:00\",\"inLanguage\":\"fi\",\"potentialAction\":[{\"@type\":\"ReadAction\",\"target\":[\"https:\\\/\\\/next-fertilitynordic.com\\\/fi\\\/terveystietolomake-koeputkihedelmoitys-ivf\\\/\"]}]},{\"@type\":\"WebSite\",\"@id\":\"https:\\\/\\\/next-fertilitynordic.com\\\/en\\\/#website\",\"url\":\"https:\\\/\\\/next-fertilitynordic.com\\\/en\\\/\",\"name\":\"Next Fertility Nordic\",\"description\":\"Abiks pere loomisel\",\"publisher\":{\"@id\":\"https:\\\/\\\/next-fertilitynordic.com\\\/en\\\/#organization\"},\"potentialAction\":[{\"@type\":\"SearchAction\",\"target\":{\"@type\":\"EntryPoint\",\"urlTemplate\":\"https:\\\/\\\/next-fertilitynordic.com\\\/en\\\/?s={search_term_string}\"},\"query-input\":{\"@type\":\"PropertyValueSpecification\",\"valueRequired\":true,\"valueName\":\"search_term_string\"}}],\"inLanguage\":\"fi\"},{\"@type\":\"Organization\",\"@id\":\"https:\\\/\\\/next-fertilitynordic.com\\\/en\\\/#organization\",\"name\":\"Next Fertility Nordic\",\"url\":\"https:\\\/\\\/next-fertilitynordic.com\\\/en\\\/\",\"logo\":{\"@type\":\"ImageObject\",\"inLanguage\":\"fi\",\"@id\":\"https:\\\/\\\/next-fertilitynordic.com\\\/en\\\/#\\\/schema\\\/logo\\\/image\\\/\",\"url\":\"https:\\\/\\\/next-fertilitynordic.com\\\/wp-content\\\/uploads\\\/2021\\\/04\\\/next-fert-posit-f-col-bg.png\",\"contentUrl\":\"https:\\\/\\\/next-fertilitynordic.com\\\/wp-content\\\/uploads\\\/2021\\\/04\\\/next-fert-posit-f-col-bg.png\",\"width\":1200,\"height\":297,\"caption\":\"Next Fertility Nordic\"},\"image\":{\"@id\":\"https:\\\/\\\/next-fertilitynordic.com\\\/en\\\/#\\\/schema\\\/logo\\\/image\\\/\"},\"sameAs\":[\"https:\\\/\\\/www.facebook.com\\\/nextfertilitynordic\",\"https:\\\/\\\/www.instagram.com\\\/nextfertilitynordic\\\/\"]}]}<\/script>\n<!-- \/ Yoast SEO plugin. -->","yoast_head_json":{"title":"Terveystietolomake \u2013 koeputkihedelm\u00f6itys (IVF) - Next Fertility Nordic","robots":{"index":"index","follow":"follow","max-snippet":"max-snippet:-1","max-image-preview":"max-image-preview:large","max-video-preview":"max-video-preview:-1"},"canonical":"https:\/\/next-fertilitynordic.com\/fi\/terveystietolomake-koeputkihedelmoitys-ivf\/","og_locale":"fi_FI","og_type":"article","og_title":"Terveystietolomake \u2013 koeputkihedelm\u00f6itys (IVF) - Next Fertility Nordic","og_description":"[vc_row][vc_column][\/vc_column][\/vc_row][vc_row full_width=&#8221;stretch_row&#8221; el_id=&#8221;services&#8221; css=&#8221;.vc_custom_1621326659792{background-image: url(https:\/\/next-fertilitynordic.com\/wp-content\/uploads\/2021\/02\/page_gradient.jpg?id=1199) !important;}&#8221;][vc_column offset=&#8221;vc_col-lg-offset-3 vc_col-lg-6&#8243;][\/vc_column][\/vc_row]","og_url":"https:\/\/next-fertilitynordic.com\/fi\/terveystietolomake-koeputkihedelmoitys-ivf\/","og_site_name":"Next Fertility Nordic","article_publisher":"https:\/\/www.facebook.com\/nextfertilitynordic","article_modified_time":"2022-02-25T11:30:41+00:00","twitter_card":"summary_large_image","twitter_misc":{"Arvioitu lukuaika":"1 minuutti"},"schema":{"@context":"https:\/\/schema.org","@graph":[{"@type":"WebPage","@id":"https:\/\/next-fertilitynordic.com\/fi\/terveystietolomake-koeputkihedelmoitys-ivf\/","url":"https:\/\/next-fertilitynordic.com\/fi\/terveystietolomake-koeputkihedelmoitys-ivf\/","name":"Terveystietolomake \u2013 koeputkihedelm\u00f6itys (IVF) - Next Fertility Nordic","isPartOf":{"@id":"https:\/\/next-fertilitynordic.com\/en\/#website"},"datePublished":"2022-02-25T11:30:39+00:00","dateModified":"2022-02-25T11:30:41+00:00","inLanguage":"fi","potentialAction":[{"@type":"ReadAction","target":["https:\/\/next-fertilitynordic.com\/fi\/terveystietolomake-koeputkihedelmoitys-ivf\/"]}]},{"@type":"WebSite","@id":"https:\/\/next-fertilitynordic.com\/en\/#website","url":"https:\/\/next-fertilitynordic.com\/en\/","name":"Next Fertility Nordic","description":"Abiks pere loomisel","publisher":{"@id":"https:\/\/next-fertilitynordic.com\/en\/#organization"},"potentialAction":[{"@type":"SearchAction","target":{"@type":"EntryPoint","urlTemplate":"https:\/\/next-fertilitynordic.com\/en\/?s={search_term_string}"},"query-input":{"@type":"PropertyValueSpecification","valueRequired":true,"valueName":"search_term_string"}}],"inLanguage":"fi"},{"@type":"Organization","@id":"https:\/\/next-fertilitynordic.com\/en\/#organization","name":"Next Fertility Nordic","url":"https:\/\/next-fertilitynordic.com\/en\/","logo":{"@type":"ImageObject","inLanguage":"fi","@id":"https:\/\/next-fertilitynordic.com\/en\/#\/schema\/logo\/image\/","url":"https:\/\/next-fertilitynordic.com\/wp-content\/uploads\/2021\/04\/next-fert-posit-f-col-bg.png","contentUrl":"https:\/\/next-fertilitynordic.com\/wp-content\/uploads\/2021\/04\/next-fert-posit-f-col-bg.png","width":1200,"height":297,"caption":"Next Fertility Nordic"},"image":{"@id":"https:\/\/next-fertilitynordic.com\/en\/#\/schema\/logo\/image\/"},"sameAs":["https:\/\/www.facebook.com\/nextfertilitynordic","https:\/\/www.instagram.com\/nextfertilitynordic\/"]}]}},"_links":{"self":[{"href":"https:\/\/next-fertilitynordic.com\/fi\/wp-json\/wp\/v2\/pages\/6925","targetHints":{"allow":["GET"]}}],"collection":[{"href":"https:\/\/next-fertilitynordic.com\/fi\/wp-json\/wp\/v2\/pages"}],"about":[{"href":"https:\/\/next-fertilitynordic.com\/fi\/wp-json\/wp\/v2\/types\/page"}],"author":[{"embeddable":true,"href":"https:\/\/next-fertilitynordic.com\/fi\/wp-json\/wp\/v2\/users\/990015"}],"replies":[{"embeddable":true,"href":"https:\/\/next-fertilitynordic.com\/fi\/wp-json\/wp\/v2\/comments?post=6925"}],"version-history":[{"count":1,"href":"https:\/\/next-fertilitynordic.com\/fi\/wp-json\/wp\/v2\/pages\/6925\/revisions"}],"predecessor-version":[{"id":6926,"href":"https:\/\/next-fertilitynordic.com\/fi\/wp-json\/wp\/v2\/pages\/6925\/revisions\/6926"}],"wp:attachment":[{"href":"https:\/\/next-fertilitynordic.com\/fi\/wp-json\/wp\/v2\/media?parent=6925"}],"curies":[{"name":"wp","href":"https:\/\/api.w.org\/{rel}","templated":true}]}}