{"id":8367,"date":"2022-04-28T12:56:44","date_gmt":"2022-04-28T12:56:44","guid":{"rendered":"https:\/\/next-fertilitynordic.com\/new\/mis-on-embryoscope\/"},"modified":"2025-04-13T15:11:51","modified_gmt":"2025-04-13T15:11:51","slug":"mis-on-embryoscope","status":"publish","type":"page","link":"https:\/\/next-fertilitynordic.com\/fi\/mis-on-embryoscope\/","title":{"rendered":"Mit\u00e4 on EmbryoScope\u2122?"},"content":{"rendered":"<section class=\"wpb-content-wrapper\"><p>[vc_row][vc_column]<div id=\"sc_title_368231471\"\n\t\tclass=\"sc_title sc_title_default  vc_custom_1644313974658\"><h3 class=\"sc_item_title sc_title_title sc_align_center sc_item_title_style_default\">Mit\u00e4 on EmbryoScope\u2122?<\/h3><\/div><!-- \/.sc_title -->[\/vc_column][\/vc_row][vc_row full_width=&#8221;stretch_row&#8221; css=&#8221;.vc_custom_1616515601450{background-image: url(https:\/\/next-fertilitynordic.com\/wp-content\/uploads\/2021\/02\/page_gradient.jpg?id=1199) !important;}&#8221;][vc_column width=&#8221;1\/2&#8243;][vc_row_inner][vc_column_inner][vc_column_text css_animation=&#8221;none&#8221;]EmbryoScope\u2122 on inkubaattori, jossa on sis\u00e4\u00e4nrakennettu kamera ja mikroskooppi, jotka ottavat kuvia alkioista 10 minuutin v\u00e4lein. T\u00e4m\u00e4 luo timelapse-videon, jossa n\u00e4kyy munasolun matka hedelm\u00f6ityksest\u00e4 (P\u00e4iv\u00e4 0) laajentuneeksi tai kuoriutuvaksi blastokystaksi (P\u00e4iv\u00e4 5 tai 6).<\/p>\n<p>Yksitt\u00e4isi\u00e4 kuvia\/videoita voidaan tarkastella ja muokata rinnakkain edistyksellisen EmbryoViewer- ohjelmiston avulla. Alkioita viljell\u00e4\u00e4n yksitt\u00e4isiss\u00e4 koloissa erityisess\u00e4 EmbryoSlide-lautasessa, jossa on viivakooditunniste potilaan j\u00e4ljitett\u00e4vyyden varmistamiseksi.[\/vc_column_text][\/vc_column_inner][\/vc_row_inner][vc_row_inner css=&#8221;.vc_custom_1644313940970{margin-top: 50px !important;}&#8221;][vc_column_inner][vc_column_text]<\/p>\n<h5>Miten t\u00e4m\u00e4 eroaa perinteisest\u00e4 viljelyst\u00e4?<\/h5>\n<p>Perinteisess\u00e4 viljelyss\u00e4 alkiot usein poistetaan inkubaattorista ja tarkastellaan mikroskoopilla. Joka kerta tarkastelua tehdess\u00e4 alkiot altistuvat v\u00e4hemm\u00e4n optimaalisille olosuhteille. N\u00e4m\u00e4 perinteiset &quot;tilannekuva&quot; -arvioinnit ovat usein my\u00f6s nopeita eik\u00e4 niill\u00e4 voida visualisoida t\u00e4rkeit\u00e4 alkion kehityksen vaiheita. Esimerkiksi hedelm\u00f6itysh\u00e4iri\u00f6 j\u00e4\u00e4 huomaamatta 70 %:ssa tapauksista. T\u00e4m\u00e4 on kriittist\u00e4, koska ep\u00e4normaali ydinm\u00e4\u00e4r\u00e4 on osoitettu v\u00e4hent\u00e4v\u00e4n istutusta.[\/vc_column_text][vc_column_text css=&#8221;.vc_custom_1706772819288{margin-bottom: 50px !important;}&#8221;]<\/p>\n<h5>Miten t\u00e4m\u00e4 voi parantaa IVF-hoitoja?<\/h5>\n<p>VitroLife\u00a9 raportoi, ett\u00e4 timelapse-tekniikan k\u00e4ytt\u00f6 johtaa nopeampaan raskautumiseen. Tilastot ovat osoittaneet, ett\u00e4 timelapse-viljely lis\u00e4\u00e4 merkitt\u00e4v\u00e4sti istutustasoja, jatkuvia kliinisi\u00e4 raskauksia ja el\u00e4v\u00e4n\u00e4 syntyvien m\u00e4\u00e4ri\u00e4 samalla kun se laskee varhaisten raskauskeskeytysten m\u00e4\u00e4r\u00e4\u00e4 verrattuna perinteiseen viljelyyn.[\/vc_column_text][\/vc_column_inner][\/vc_row_inner][\/vc_column][vc_column width=&#8221;1\/2&#8243;][vc_single_image image=&#8221;6149&#8243; img_size=&#8221;large&#8221; style=&#8221;vc_box_circle_2&#8243; css_animation=&#8221;fadeIn&#8221;][vc_btn title=&#8221;Lue lis\u00e4\u00e4 IVF:st\u00e4 t\u00e4\u00e4lt\u00e4&#8221; style=&#8221;gradient-custom&#8221; gradient_custom_color_1=&#8221;#b86b91&#8243; gradient_custom_color_2=&#8221;#f5b49a&#8221; link=&#8221;url:https%3A%2F%2Fnext-fertilitynordic.com%2Ffi%2Fservices%2Fkeinohedelmoitys%2F|&#8221; css=&#8221;.vc_custom_1644311418887{margin-top: 20px !important;}&#8221;]<div class=\"sc_item_button sc_button_wrap\"><a href=\"https:\/\/next-fertilitynordic.com\/fi\/varaa-aika\/\" id=\"sc_button_826609762\" class=\"sc_button sc_button_default sc_button_size_normal sc_button_icon_left\"><span class=\"sc_button_text\"><span class=\"sc_button_title\">Varaa aika<\/span><\/span><!-- \/.sc_button_text --><\/a><!-- \/.sc_button --><\/div><!-- \/.sc_item_button -->[\/vc_column][\/vc_row][vc_row][vc_column]<div class=\"cq-medium-gallery\" data-gallerywidth=\"\" data-background=\"\" data-layoutno=\"211\" data-lowreswidth=\"\" data-gutter=\"20px\" style=\"margin:0 auto;\"><img decoding=\"async\" src=\"https:\/\/next-fertilitynordic.com\/wp-content\/uploads\/2022\/02\/i-9PxgxTk-X2.jpg\" data-highres=\"https:\/\/next-fertilitynordic.com\/wp-content\/uploads\/2022\/02\/i-9PxgxTk-X2.jpg\" class=\"mediumgallery-img \" title=\"\" alt=\"\" \/><img decoding=\"async\" src=\"https:\/\/next-fertilitynordic.com\/wp-content\/uploads\/2022\/02\/i-4WcJ4dd-X2.jpg\" data-highres=\"https:\/\/next-fertilitynordic.com\/wp-content\/uploads\/2022\/02\/i-4WcJ4dd-X2.jpg\" class=\"mediumgallery-img \" title=\"\" alt=\"\" \/><img decoding=\"async\" src=\"https:\/\/next-fertilitynordic.com\/wp-content\/uploads\/2022\/02\/i-hqgL9CH-X3.jpg\" data-highres=\"https:\/\/next-fertilitynordic.com\/wp-content\/uploads\/2022\/02\/i-hqgL9CH-X3.jpg\" class=\"mediumgallery-img \" title=\"\" alt=\"\" \/><img decoding=\"async\" src=\"https:\/\/next-fertilitynordic.com\/wp-content\/uploads\/2022\/02\/i-w99Wb6F-X3.jpg\" data-highres=\"https:\/\/next-fertilitynordic.com\/wp-content\/uploads\/2022\/02\/i-w99Wb6F-X3.jpg\" class=\"mediumgallery-img \" title=\"\" alt=\"\" \/><\/div>[\/vc_column][\/vc_row]<\/p>\n<\/section>","protected":false},"excerpt":{"rendered":"<p>[vc_row][vc_column][\/vc_column][\/vc_row][vc_row full_width=&#8221;stretch_row&#8221; css=&#8221;.vc_custom_1616515601450{background-image: url(https:\/\/next-fertilitynordic.com\/wp-content\/uploads\/2021\/02\/page_gradient.jpg?id=1199) !important;}&#8221;][vc_column width=&#8221;1\/2&#8243;][vc_row_inner][vc_column_inner][vc_column_text css_animation=&#8221;none&#8221;]EmbryoScope\u2122 on inkubaattori, jossa on sis\u00e4\u00e4nrakennettu kamera ja mikroskooppi, jotka ottavat kuvia alkioista 10 minuutin v\u00e4lein. T\u00e4m\u00e4 luo timelapse-videon, jossa n\u00e4kyy munasolun matka hedelm\u00f6ityksest\u00e4 (P\u00e4iv\u00e4 0) laajentuneeksi tai kuoriutuvaksi blastokystaksi (P\u00e4iv\u00e4 5 tai 6). Yksitt\u00e4isi\u00e4 kuvia\/videoita voidaan tarkastella ja muokata rinnakkain edistyksellisen EmbryoViewer- ohjelmiston avulla. Alkioita viljell\u00e4\u00e4n yksitt\u00e4isiss\u00e4 koloissa erityisess\u00e4 EmbryoSlide-lautasessa, jossa on viivakooditunniste&hellip;<\/p>\n","protected":false},"author":990015,"featured_media":6149,"parent":0,"menu_order":1,"comment_status":"closed","ping_status":"closed","template":"","meta":{"footnotes":""},"class_list":["post-8367","page","type-page","status-publish","has-post-thumbnail","hentry"],"yoast_head":"<!-- This site is optimized with the Yoast SEO plugin v27.4 - https:\/\/yoast.com\/product\/yoast-seo-wordpress\/ -->\n<title>Mit\u00e4 on EmbryoScope\u2122? - Hedelm\u00e4llisyysklinikka - Next Fertility Nordic<\/title>\n<meta name=\"description\" content=\"HaloSperm-testin tulos voi auttaa tunnistamaan lapsettomuuden syyt, antaa suosituksia elintapojen parantamiseksi ja auttaa valitsemaan sopivimman kehonulkoisen menetelm\u00e4n.\" \/>\n<meta name=\"robots\" content=\"index, follow, max-snippet:-1, max-image-preview:large, max-video-preview:-1\" \/>\n<link rel=\"canonical\" href=\"https:\/\/next-fertilitynordic.com\/fi\/mis-on-embryoscope\/\" \/>\n<meta property=\"og:locale\" content=\"fi_FI\" \/>\n<meta property=\"og:type\" content=\"article\" \/>\n<meta property=\"og:title\" content=\"Mit\u00e4 on EmbryoScope\u2122? - Hedelm\u00e4llisyysklinikka - Next Fertility Nordic\" \/>\n<meta property=\"og:description\" content=\"HaloSperm-testin tulos voi auttaa tunnistamaan lapsettomuuden syyt, antaa suosituksia elintapojen parantamiseksi ja auttaa valitsemaan sopivimman kehonulkoisen menetelm\u00e4n.\" \/>\n<meta property=\"og:url\" content=\"https:\/\/next-fertilitynordic.com\/fi\/mis-on-embryoscope\/\" \/>\n<meta property=\"og:site_name\" content=\"Next Fertility Nordic\" \/>\n<meta property=\"article:publisher\" content=\"https:\/\/www.facebook.com\/nextfertilitynordic\" \/>\n<meta property=\"article:modified_time\" content=\"2025-04-13T15:11:51+00:00\" \/>\n<meta property=\"og:image\" content=\"https:\/\/next-fertilitynordic.com\/wp-content\/uploads\/2022\/02\/i-3Mxcx6T-X3.jpg\" \/>\n\t<meta property=\"og:image:width\" content=\"1600\" \/>\n\t<meta property=\"og:image:height\" content=\"1067\" \/>\n\t<meta property=\"og:image:type\" content=\"image\/jpeg\" \/>\n<meta name=\"twitter:card\" content=\"summary_large_image\" \/>\n<meta name=\"twitter:label1\" content=\"Arvioitu lukuaika\" \/>\n\t<meta name=\"twitter:data1\" content=\"2 minuuttia\" \/>\n<script type=\"application\/ld+json\" class=\"yoast-schema-graph\">{\"@context\":\"https:\\\/\\\/schema.org\",\"@graph\":[{\"@type\":\"WebPage\",\"@id\":\"https:\\\/\\\/next-fertilitynordic.com\\\/fi\\\/mis-on-embryoscope\\\/\",\"url\":\"https:\\\/\\\/next-fertilitynordic.com\\\/fi\\\/mis-on-embryoscope\\\/\",\"name\":\"Mit\u00e4 on EmbryoScope\u2122? - Hedelm\u00e4llisyysklinikka - Next Fertility Nordic\",\"isPartOf\":{\"@id\":\"https:\\\/\\\/next-fertilitynordic.com\\\/en\\\/#website\"},\"primaryImageOfPage\":{\"@id\":\"https:\\\/\\\/next-fertilitynordic.com\\\/fi\\\/mis-on-embryoscope\\\/#primaryimage\"},\"image\":{\"@id\":\"https:\\\/\\\/next-fertilitynordic.com\\\/fi\\\/mis-on-embryoscope\\\/#primaryimage\"},\"thumbnailUrl\":\"https:\\\/\\\/next-fertilitynordic.com\\\/wp-content\\\/uploads\\\/2022\\\/02\\\/i-3Mxcx6T-X3.jpg\",\"datePublished\":\"2022-04-28T12:56:44+00:00\",\"dateModified\":\"2025-04-13T15:11:51+00:00\",\"description\":\"HaloSperm-testin tulos voi auttaa tunnistamaan lapsettomuuden syyt, antaa suosituksia elintapojen parantamiseksi ja auttaa valitsemaan sopivimman kehonulkoisen menetelm\u00e4n.\",\"inLanguage\":\"fi\",\"potentialAction\":[{\"@type\":\"ReadAction\",\"target\":[\"https:\\\/\\\/next-fertilitynordic.com\\\/fi\\\/mis-on-embryoscope\\\/\"]}]},{\"@type\":\"ImageObject\",\"inLanguage\":\"fi\",\"@id\":\"https:\\\/\\\/next-fertilitynordic.com\\\/fi\\\/mis-on-embryoscope\\\/#primaryimage\",\"url\":\"https:\\\/\\\/next-fertilitynordic.com\\\/wp-content\\\/uploads\\\/2022\\\/02\\\/i-3Mxcx6T-X3.jpg\",\"contentUrl\":\"https:\\\/\\\/next-fertilitynordic.com\\\/wp-content\\\/uploads\\\/2022\\\/02\\\/i-3Mxcx6T-X3.jpg\",\"width\":1600,\"height\":1067},{\"@type\":\"WebSite\",\"@id\":\"https:\\\/\\\/next-fertilitynordic.com\\\/en\\\/#website\",\"url\":\"https:\\\/\\\/next-fertilitynordic.com\\\/en\\\/\",\"name\":\"Next Fertility Nordic\",\"description\":\"Abiks pere loomisel\",\"publisher\":{\"@id\":\"https:\\\/\\\/next-fertilitynordic.com\\\/en\\\/#organization\"},\"potentialAction\":[{\"@type\":\"SearchAction\",\"target\":{\"@type\":\"EntryPoint\",\"urlTemplate\":\"https:\\\/\\\/next-fertilitynordic.com\\\/en\\\/?s={search_term_string}\"},\"query-input\":{\"@type\":\"PropertyValueSpecification\",\"valueRequired\":true,\"valueName\":\"search_term_string\"}}],\"inLanguage\":\"fi\"},{\"@type\":\"Organization\",\"@id\":\"https:\\\/\\\/next-fertilitynordic.com\\\/en\\\/#organization\",\"name\":\"Next Fertility Nordic\",\"url\":\"https:\\\/\\\/next-fertilitynordic.com\\\/en\\\/\",\"logo\":{\"@type\":\"ImageObject\",\"inLanguage\":\"fi\",\"@id\":\"https:\\\/\\\/next-fertilitynordic.com\\\/en\\\/#\\\/schema\\\/logo\\\/image\\\/\",\"url\":\"https:\\\/\\\/next-fertilitynordic.com\\\/wp-content\\\/uploads\\\/2021\\\/04\\\/next-fert-posit-f-col-bg.png\",\"contentUrl\":\"https:\\\/\\\/next-fertilitynordic.com\\\/wp-content\\\/uploads\\\/2021\\\/04\\\/next-fert-posit-f-col-bg.png\",\"width\":1200,\"height\":297,\"caption\":\"Next Fertility Nordic\"},\"image\":{\"@id\":\"https:\\\/\\\/next-fertilitynordic.com\\\/en\\\/#\\\/schema\\\/logo\\\/image\\\/\"},\"sameAs\":[\"https:\\\/\\\/www.facebook.com\\\/nextfertilitynordic\",\"https:\\\/\\\/www.instagram.com\\\/nextfertilitynordic\\\/\"]}]}<\/script>\n<!-- \/ Yoast SEO plugin. -->","yoast_head_json":{"title":"Mit\u00e4 on EmbryoScope\u2122? - Hedelm\u00e4llisyysklinikka - Next Fertility Nordic","description":"HaloSperm-testin tulos voi auttaa tunnistamaan lapsettomuuden syyt, antaa suosituksia elintapojen parantamiseksi ja auttaa valitsemaan sopivimman kehonulkoisen menetelm\u00e4n.","robots":{"index":"index","follow":"follow","max-snippet":"max-snippet:-1","max-image-preview":"max-image-preview:large","max-video-preview":"max-video-preview:-1"},"canonical":"https:\/\/next-fertilitynordic.com\/fi\/mis-on-embryoscope\/","og_locale":"fi_FI","og_type":"article","og_title":"Mit\u00e4 on EmbryoScope\u2122? - Hedelm\u00e4llisyysklinikka - Next Fertility Nordic","og_description":"HaloSperm-testin tulos voi auttaa tunnistamaan lapsettomuuden syyt, antaa suosituksia elintapojen parantamiseksi ja auttaa valitsemaan sopivimman kehonulkoisen menetelm\u00e4n.","og_url":"https:\/\/next-fertilitynordic.com\/fi\/mis-on-embryoscope\/","og_site_name":"Next Fertility Nordic","article_publisher":"https:\/\/www.facebook.com\/nextfertilitynordic","article_modified_time":"2025-04-13T15:11:51+00:00","og_image":[{"width":1600,"height":1067,"url":"https:\/\/next-fertilitynordic.com\/wp-content\/uploads\/2022\/02\/i-3Mxcx6T-X3.jpg","type":"image\/jpeg"}],"twitter_card":"summary_large_image","twitter_misc":{"Arvioitu lukuaika":"2 minuuttia"},"schema":{"@context":"https:\/\/schema.org","@graph":[{"@type":"WebPage","@id":"https:\/\/next-fertilitynordic.com\/fi\/mis-on-embryoscope\/","url":"https:\/\/next-fertilitynordic.com\/fi\/mis-on-embryoscope\/","name":"Mit\u00e4 on EmbryoScope\u2122? - Hedelm\u00e4llisyysklinikka - Next Fertility Nordic","isPartOf":{"@id":"https:\/\/next-fertilitynordic.com\/en\/#website"},"primaryImageOfPage":{"@id":"https:\/\/next-fertilitynordic.com\/fi\/mis-on-embryoscope\/#primaryimage"},"image":{"@id":"https:\/\/next-fertilitynordic.com\/fi\/mis-on-embryoscope\/#primaryimage"},"thumbnailUrl":"https:\/\/next-fertilitynordic.com\/wp-content\/uploads\/2022\/02\/i-3Mxcx6T-X3.jpg","datePublished":"2022-04-28T12:56:44+00:00","dateModified":"2025-04-13T15:11:51+00:00","description":"HaloSperm-testin tulos voi auttaa tunnistamaan lapsettomuuden syyt, antaa suosituksia elintapojen parantamiseksi ja auttaa valitsemaan sopivimman kehonulkoisen menetelm\u00e4n.","inLanguage":"fi","potentialAction":[{"@type":"ReadAction","target":["https:\/\/next-fertilitynordic.com\/fi\/mis-on-embryoscope\/"]}]},{"@type":"ImageObject","inLanguage":"fi","@id":"https:\/\/next-fertilitynordic.com\/fi\/mis-on-embryoscope\/#primaryimage","url":"https:\/\/next-fertilitynordic.com\/wp-content\/uploads\/2022\/02\/i-3Mxcx6T-X3.jpg","contentUrl":"https:\/\/next-fertilitynordic.com\/wp-content\/uploads\/2022\/02\/i-3Mxcx6T-X3.jpg","width":1600,"height":1067},{"@type":"WebSite","@id":"https:\/\/next-fertilitynordic.com\/en\/#website","url":"https:\/\/next-fertilitynordic.com\/en\/","name":"Next Fertility Nordic","description":"Abiks pere loomisel","publisher":{"@id":"https:\/\/next-fertilitynordic.com\/en\/#organization"},"potentialAction":[{"@type":"SearchAction","target":{"@type":"EntryPoint","urlTemplate":"https:\/\/next-fertilitynordic.com\/en\/?s={search_term_string}"},"query-input":{"@type":"PropertyValueSpecification","valueRequired":true,"valueName":"search_term_string"}}],"inLanguage":"fi"},{"@type":"Organization","@id":"https:\/\/next-fertilitynordic.com\/en\/#organization","name":"Next Fertility Nordic","url":"https:\/\/next-fertilitynordic.com\/en\/","logo":{"@type":"ImageObject","inLanguage":"fi","@id":"https:\/\/next-fertilitynordic.com\/en\/#\/schema\/logo\/image\/","url":"https:\/\/next-fertilitynordic.com\/wp-content\/uploads\/2021\/04\/next-fert-posit-f-col-bg.png","contentUrl":"https:\/\/next-fertilitynordic.com\/wp-content\/uploads\/2021\/04\/next-fert-posit-f-col-bg.png","width":1200,"height":297,"caption":"Next Fertility Nordic"},"image":{"@id":"https:\/\/next-fertilitynordic.com\/en\/#\/schema\/logo\/image\/"},"sameAs":["https:\/\/www.facebook.com\/nextfertilitynordic","https:\/\/www.instagram.com\/nextfertilitynordic\/"]}]}},"_links":{"self":[{"href":"https:\/\/next-fertilitynordic.com\/fi\/wp-json\/wp\/v2\/pages\/8367","targetHints":{"allow":["GET"]}}],"collection":[{"href":"https:\/\/next-fertilitynordic.com\/fi\/wp-json\/wp\/v2\/pages"}],"about":[{"href":"https:\/\/next-fertilitynordic.com\/fi\/wp-json\/wp\/v2\/types\/page"}],"author":[{"embeddable":true,"href":"https:\/\/next-fertilitynordic.com\/fi\/wp-json\/wp\/v2\/users\/990015"}],"replies":[{"embeddable":true,"href":"https:\/\/next-fertilitynordic.com\/fi\/wp-json\/wp\/v2\/comments?post=8367"}],"version-history":[{"count":9,"href":"https:\/\/next-fertilitynordic.com\/fi\/wp-json\/wp\/v2\/pages\/8367\/revisions"}],"predecessor-version":[{"id":15524,"href":"https:\/\/next-fertilitynordic.com\/fi\/wp-json\/wp\/v2\/pages\/8367\/revisions\/15524"}],"wp:featuredmedia":[{"embeddable":true,"href":"https:\/\/next-fertilitynordic.com\/fi\/wp-json\/wp\/v2\/media\/6149"}],"wp:attachment":[{"href":"https:\/\/next-fertilitynordic.com\/fi\/wp-json\/wp\/v2\/media?parent=8367"}],"curies":[{"name":"wp","href":"https:\/\/api.w.org\/{rel}","templated":true}]}}